{"id":10249,"date":"2023-11-26T21:55:40","date_gmt":"2023-11-26T20:55:40","guid":{"rendered":"http:\/\/paroisse-saint-charles.fr\/WordPress3\/?page_id=10249"},"modified":"2023-11-26T21:55:40","modified_gmt":"2023-11-26T20:55:40","slug":"comment-nous-aider","status":"publish","type":"page","link":"http:\/\/paroisse-saint-charles.fr\/WordPress3\/comment-nous-aider\/","title":{"rendered":"Comment nous aider ?"},"content":{"rendered":"<p>Chers paroissiens,<\/p>\n<p>Il y a trois p\u00f4les qui n\u00e9cessitent votre soutien :<\/p>\n<ul>\n<li>\n<h4>La paroisse<\/h4>\n<\/li>\n<\/ul>\n<p>La paroisse doit faire face \u00e0 des d\u00e9penses ordinaires (comme l&rsquo;\u00e9lectricit\u00e9, le chauffage, les fleurs, l&rsquo;entretien, la photocopieuse, les imp\u00f4ts&#8230;) ou extraordinaires (refaire la sonorisation, les bancs, les travaux du presbyt\u00e8re&#8230;). Pour assurer son fonctionnement, elle poss\u00e8de les moyens ci dessous :<\/p>\n<ol>\n<li>\n<ol>\n<li>Le moyen le plus ordinaire est la <strong>qu\u00eate<\/strong>, qu&rsquo;elle soit faite de mani\u00e8re mat\u00e9rielle (pi\u00e8ces ou billets) ou d\u00e9mat\u00e9rialis\u00e9e via le panier connect\u00e9 (nouveaut\u00e9 depuis ce mois de novembre).<\/li>\n<li>Le moyen extraordinaire que sont les <strong>casuels<\/strong>, c&rsquo;est-\u00e0-dire l&rsquo;offrande que les fid\u00e8les sont invit\u00e9s \u00e0 faire \u00e0 l&rsquo;occasion d&rsquo;un bapt\u00eame (entre 50 et 100\u20ac), un mariage (200\u20ac) ou des obs\u00e8ques (170\u20ac).<\/li>\n<li>Il est aussi possible de faire des <a href=\"https:\/\/don.denier13.com\/contribution\/~mon-don?_cv=1\"><strong>dons<\/strong> ponctuels ou r\u00e9gulier (ou contribution \u00e0 la paroisse)<\/a>. Ce biais l\u00e0 permet d&rsquo;obtenir un re\u00e7u fiscal.<\/li>\n<li>Les <strong>legs<\/strong> !<\/li>\n<\/ol>\n<\/li>\n<\/ol>\n<p>&nbsp;<\/p>\n<p>&nbsp;<\/p>\n<ul>\n<li>\n<h4>les pr\u00eatres<\/h4>\n<\/li>\n<\/ul>\n<p>Il y a deux moyens principaux de subvenir aux besoins mat\u00e9riels des pr\u00eatres :<\/p>\n<ol>\n<li>\n<ol>\n<li>Les <strong>honoraires de messes<\/strong> : c&rsquo;est l&rsquo;offrande que les fid\u00e8les sont invit\u00e9s \u00e0 faire au pr\u00eatre \u00e0 qui ils demandent la c\u00e9l\u00e9bration d&rsquo;une messe (18\u20ac), d&rsquo;une neuvaine de messes (180\u20ac) ou d&rsquo;un trentin de messes (580\u20ac). Cette offrande est \u00e0 r\u00e9gler au pr\u00eatre directement. Les honoraires de messe ne donnent pas droit au re\u00e7u fiscal.<\/li>\n<li>le <a href=\"https:\/\/don.denier13.com\/je-donne-au-denier\/~mon-don\"><strong>denier de l&rsquo;Eglise<\/strong> (aussi appel\u00e9 <strong>Collecte<\/strong> depuis peu)<\/a> : C&rsquo;est l&rsquo;offrande que les fid\u00e8les sont invit\u00e9s \u00e0 faire au dioc\u00e8se. Avec cela, <strong>le dioc\u00e8se assure le salaire (et les charges sociales !!) de tous les pr\u00eatres<\/strong> qui travaillent dans le dioc\u00e8se, y compris les pr\u00eatres retrait\u00e9s et quelques la\u00efcs qui travaillent pour le fonctionnement de l&rsquo;archev\u00each\u00e9. <em>C&rsquo;est une offrande qui manifeste la solidarit\u00e9 dioc\u00e9saine<\/em>, c&rsquo;est pourquoi elle est adress\u00e9e au dioc\u00e8se (qui seul est habilit\u00e9 \u00e0 d\u00e9livrer des re\u00e7us fiscaux !). Cependant cette offrande est \u00ab\u00a0fl\u00e9ch\u00e9e\u00a0\u00bb <strong><a href=\"https:\/\/don.denier13.com\/je-donne-au-denier\/~mon-don\">car vous devez pr\u00e9ciser quelle est votre paroisse<\/a> !<\/strong> Cela est un bon indicateur de la vitalit\u00e9 d&rsquo;une paroisse, il est donc tr\u00e8s important que chacun participe, m\u00eame de mani\u00e8re symbolique. Il est sugg\u00e9r\u00e9 de donner l&rsquo;\u00e9quivalent de deux journ\u00e9es de salaire annuel, chacun restant libre en conscience.<\/li>\n<\/ol>\n<\/li>\n<\/ol>\n<p>&nbsp;<\/p>\n<ul>\n<li>\n<h4>la communaut\u00e9 des Missionnaires de la Mis\u00e9ricorde Divine<\/h4>\n<\/li>\n<\/ul>\n<p>Vous pouvez soutenir la communaut\u00e9 de ces mani\u00e8res :<\/p>\n<ol>\n<li>\n<ol>\n<li>En soutenant la <strong>formation des s\u00e9minaristes<\/strong>, soit en faisant un <a href=\"https:\/\/don.misericordedivine.fr\/c\/soutenir-la-formation-des-seminaristes\/\">don pour la formation en g\u00e9n\u00e9ral<\/a>, soit en <a href=\"https:\/\/don.frejustoulon.fr\/c\/parrainer-seminariste-smmd\/\">parrainant un s\u00e9minariste de la communaut\u00e9<\/a> (et nous avons la gr\u00e2ce d&rsquo;avoir deux s\u00e9minaristes en stage \u00e0 la paroisse, Alban et Henri !). Vous le soutiendrez durant sa formation et lui priera sp\u00e9cialement pour vous. Ces deux biais permettent d&rsquo;obtenir un re\u00e7u fiscal.<\/li>\n<li>En soutenant les <a href=\"https:\/\/don.misericordedivine.fr\/c\/soutenez-les-oeuvres-des-missionnaires-de-la-misericorde\/\"><strong>\u0153uvres des Missionnaires de la Mis\u00e9ricorde Divine<\/strong> <\/a>(OMMD) comme les \u00e9coles, les patronages, les \u0153uvres caritatives&#8230; Cela donne droit \u00e0 un re\u00e7u fiscal.<\/li>\n<li>En soutenant la <a href=\"https:\/\/don.misericordedivine.fr\/c\/faire-un-don-sans-recu-fiscal\/\"><strong>communaut\u00e9 dans ces projets (notamment immobiliers !)<\/strong><\/a>. <em>Ce biais l\u00e0 ne donne pas droit \u00e0 un re\u00e7u fiscal<\/em>, mais <strong>il nous laisse enti\u00e8rement libre<\/strong> quant \u00e0 la destination de votre don. Si vous n&rsquo;\u00eates pas imposable, <a href=\"https:\/\/don.misericordedivine.fr\/c\/faire-un-don-sans-recu-fiscal\/\">c&rsquo;est ce biais l\u00e0 qu&rsquo;il faut privil\u00e9gier<\/a> !<\/li>\n<li>En soutenant la communaut\u00e9 des Missionnaires pr\u00e9sents \u00e0 Marseille : cela peut \u00eatre <a href=\"http:\/\/paroisse-saint-charles.fr\/WordPress3\/service-base\/panier-du-cure-maj\/\">en nature via le panier du cur\u00e9<\/a> ou par ch\u00e8que \u00e0 l&rsquo;ordre de Association SMMD Marseille \u00e0 nous remettre directement.<\/li>\n<li>Il y a un 5\u00e8 moyen de nous soutenir par les <a href=\"https:\/\/don.misericordedivine.fr\/soutenir\/legs-donation\/\">legs ou donations<\/a>.<\/li>\n<\/ol>\n<\/li>\n<\/ol>\n<p>&nbsp;<\/p>\n<p>Soyez s\u00fbrs de nos pri\u00e8res ferventes pour tous nos bienfaiteurs. Chaque pr\u00eatre de la communaut\u00e9 offre sa messe pour vous chaque premier samedi du mois.<\/p>\n","protected":false},"excerpt":{"rendered":"<p>Chers paroissiens, Il y a trois p\u00f4les qui n\u00e9cessitent votre soutien : La paroisse La paroisse doit faire face \u00e0 des d\u00e9penses ordinaires (comme l&rsquo;\u00e9lectricit\u00e9, le chauffage, les fleurs, l&rsquo;entretien, la photocopieuse, les imp\u00f4ts&#8230;) ou extraordinaires (refaire la sonorisation, les&#8230;<br \/><a class=\"read-more-button\" href=\"http:\/\/paroisse-saint-charles.fr\/WordPress3\/comment-nous-aider\/\">Savoir plus<\/a><\/p>\n","protected":false},"author":4,"featured_media":0,"parent":0,"menu_order":0,"comment_status":"closed","ping_status":"closed","template":"","meta":{"footnotes":""},"class_list":["post-10249","page","type-page","status-publish","hentry"],"_links":{"self":[{"href":"http:\/\/paroisse-saint-charles.fr\/WordPress3\/wp-json\/wp\/v2\/pages\/10249","targetHints":{"allow":["GET"]}}],"collection":[{"href":"http:\/\/paroisse-saint-charles.fr\/WordPress3\/wp-json\/wp\/v2\/pages"}],"about":[{"href":"http:\/\/paroisse-saint-charles.fr\/WordPress3\/wp-json\/wp\/v2\/types\/page"}],"author":[{"embeddable":true,"href":"http:\/\/paroisse-saint-charles.fr\/WordPress3\/wp-json\/wp\/v2\/users\/4"}],"replies":[{"embeddable":true,"href":"http:\/\/paroisse-saint-charles.fr\/WordPress3\/wp-json\/wp\/v2\/comments?post=10249"}],"version-history":[{"count":1,"href":"http:\/\/paroisse-saint-charles.fr\/WordPress3\/wp-json\/wp\/v2\/pages\/10249\/revisions"}],"predecessor-version":[{"id":10250,"href":"http:\/\/paroisse-saint-charles.fr\/WordPress3\/wp-json\/wp\/v2\/pages\/10249\/revisions\/10250"}],"wp:attachment":[{"href":"http:\/\/paroisse-saint-charles.fr\/WordPress3\/wp-json\/wp\/v2\/media?parent=10249"}],"curies":[{"name":"wp","href":"https:\/\/api.w.org\/{rel}","templated":true}]}}