{"id":110,"date":"2014-08-20T20:32:14","date_gmt":"2014-08-20T20:32:14","guid":{"rendered":"http:\/\/www.paroisse-saint-charles.fr\/?page_id=110"},"modified":"2014-09-18T19:35:04","modified_gmt":"2014-09-18T19:35:04","slug":"bapteme","status":"publish","type":"page","link":"http:\/\/paroisse-saint-charles.fr\/WordPress3\/bapteme\/","title":{"rendered":"Bapt\u00eame"},"content":{"rendered":"<h4 style=\"text-align: justify;\"><span style=\"color: rgb(51, 51, 153);\">Pour les petits enfants<\/span><\/h4>\n<p style=\"text-align: justify;\">Le bapt\u00eame permet \u00e0 Dieu de venir habiter le c\u0153ur de l\u2019homme, et toute demande de bapt\u00eame est une grande joie pour l\u2019Eglise. Pour pr\u00e9parer ce bapt\u00eame nous vous proposons quelques rencontres pour : comprendre le sens du bapt\u00eame, conna\u00eetre les engagements qui y sont li\u00e9s, pr\u00e9parer la c\u00e9r\u00e9monie.<\/p>\n<p style=\"text-align: justify;\">Quelle d\u00e9marche suivre ?<br \/>\nNous vous demandons de nous contacter au moins deux mois avant la date pr\u00e9vue du bapt\u00eame.<\/p>\n<h4 style=\"text-align: justify;\"><span style=\"color: rgb(51, 51, 153);\">Pour les adultes<\/span><\/h4>\n<p style=\"text-align: justify;\">Le d\u00e9sir de bapt\u00eame peut na\u00eetre \u00e0 l\u2019\u00e2ge adulte. Afin de conna\u00eetre le don que l\u2019on veut recevoir et pr\u00e9parer son c\u0153ur \u00e0 l\u2019accueillir, une pr\u00e9paration avec un pr\u00eatre et d\u2019autres adultes accompagnateurs est mise en place. La pr\u00e9paration s\u2019\u00e9tale sur 18 \u00e0 24 mois.<\/p>\n<p style=\"text-align: justify;\">Contact :<br \/>\nAbb\u00e9 Eloi Gillet &#8211; 06 74 65 73 51<\/p>\n","protected":false},"excerpt":{"rendered":"<p>Pour les petits enfants Le bapt\u00eame permet \u00e0 Dieu de venir habiter le c\u0153ur de l\u2019homme, et toute demande de bapt\u00eame est une grande joie pour l\u2019Eglise. Pour pr\u00e9parer ce bapt\u00eame nous vous proposons quelques rencontres pour : comprendre le&#8230;<br \/><a class=\"read-more-button\" href=\"http:\/\/paroisse-saint-charles.fr\/WordPress3\/bapteme\/\">Savoir plus<\/a><\/p>\n","protected":false},"author":2,"featured_media":0,"parent":0,"menu_order":0,"comment_status":"closed","ping_status":"open","template":"","meta":{"footnotes":""},"class_list":["post-110","page","type-page","status-publish","hentry"],"_links":{"self":[{"href":"http:\/\/paroisse-saint-charles.fr\/WordPress3\/wp-json\/wp\/v2\/pages\/110","targetHints":{"allow":["GET"]}}],"collection":[{"href":"http:\/\/paroisse-saint-charles.fr\/WordPress3\/wp-json\/wp\/v2\/pages"}],"about":[{"href":"http:\/\/paroisse-saint-charles.fr\/WordPress3\/wp-json\/wp\/v2\/types\/page"}],"author":[{"embeddable":true,"href":"http:\/\/paroisse-saint-charles.fr\/WordPress3\/wp-json\/wp\/v2\/users\/2"}],"replies":[{"embeddable":true,"href":"http:\/\/paroisse-saint-charles.fr\/WordPress3\/wp-json\/wp\/v2\/comments?post=110"}],"version-history":[{"count":3,"href":"http:\/\/paroisse-saint-charles.fr\/WordPress3\/wp-json\/wp\/v2\/pages\/110\/revisions"}],"predecessor-version":[{"id":240,"href":"http:\/\/paroisse-saint-charles.fr\/WordPress3\/wp-json\/wp\/v2\/pages\/110\/revisions\/240"}],"wp:attachment":[{"href":"http:\/\/paroisse-saint-charles.fr\/WordPress3\/wp-json\/wp\/v2\/media?parent=110"}],"curies":[{"name":"wp","href":"https:\/\/api.w.org\/{rel}","templated":true}]}}