{"id":143,"date":"2014-08-20T21:13:27","date_gmt":"2014-08-20T21:13:27","guid":{"rendered":"http:\/\/www.paroisse-saint-charles.fr\/?page_id=143"},"modified":"2020-08-18T17:41:54","modified_gmt":"2020-08-18T15:41:54","slug":"contact","status":"publish","type":"page","link":"http:\/\/paroisse-saint-charles.fr\/WordPress3\/contact\/","title":{"rendered":"Contact"},"content":{"rendered":"<style>\n#principal {\n  display: flex;\n  flex: 1;\n  align-items:center;\n  font-family: serif;\n  font-size: 23px;\n}\n<\/style>\n<style>\n#item{\n text-align: justify;\n flex:1;\n}\n<\/style>\n<style>\n.allignimage{\n margin-top:10px;\n margin-right: 15px;\n padding-top:20px;\n padding-left: 20px;\n}\n<\/style>\n<style>\n@media screen and (max-width: 575px) {\n  #principal {\n    display: block;\n    padding:0px;\n    margin: 0px;\n  }\n  #item{\n    text-align: justify;\n    margin-right: 15px;<\/p>\n<p> }\n  .allignimage{\n    margin-top: 10px;\n    margin-right: 0px;\n    padding-left: 0px;\n    padding-top: 10px;\n }\n}\n<\/style>\n<div style=\"font-size: 16px;\">\n<span class=\"lettrine\">A<\/span>dresse postale de la paroisse Saint-Charles \u00e0 Marseille :<br \/>\n17 rue Breteuil &#8211;\u00a013001 Marseille.<br \/>\n\n<\/div>\n<hr \/>\n<div style=\"font-size: 16px;\">\n<span class=\"lettrine\">N<\/span>&lsquo;h\u00e9sitez pas \u00e0 nous contacter\u00a0par l&rsquo;interm\u00e9diaire du formulaire ci-dessous, nous serons tr\u00e8s heureux de lire votre message et d&rsquo;y r\u00e9pondre!\n<\/div>\n<div style=\"font-family:serif; font-size: 16px;>\n<br \/>\n\n<div class=\"wpcf7 no-js\" id=\"wpcf7-f142-o1\" lang=\"fr-FR\" dir=\"ltr\" data-wpcf7-id=\"142\">\n<div class=\"screen-reader-response\"><p role=\"status\" aria-live=\"polite\" aria-atomic=\"true\"><\/p> <ul><\/ul><\/div>\n<form action=\"\/WordPress3\/wp-json\/wp\/v2\/pages\/143#wpcf7-f142-o1\" method=\"post\" class=\"wpcf7-form init\" aria-label=\"Formulaire de contact\" novalidate=\"novalidate\" data-status=\"init\">\n<fieldset class=\"hidden-fields-container\"><input type=\"hidden\" name=\"_wpcf7\" value=\"142\" \/><input type=\"hidden\" name=\"_wpcf7_version\" value=\"6.1.5\" \/><input type=\"hidden\" name=\"_wpcf7_locale\" value=\"fr_FR\" \/><input type=\"hidden\" name=\"_wpcf7_unit_tag\" value=\"wpcf7-f142-o1\" \/><input type=\"hidden\" name=\"_wpcf7_container_post\" value=\"0\" \/><input type=\"hidden\" name=\"_wpcf7_posted_data_hash\" value=\"\" \/>\n<\/fieldset>\n<p>Votre nom (obligatoire) :\n<\/p>\n<p><span class=\"wpcf7-form-control-wrap\" data-name=\"your-name\"><input size=\"40\" maxlength=\"400\" class=\"wpcf7-form-control wpcf7-text wpcf7-validates-as-required\" aria-required=\"true\" aria-invalid=\"false\" value=\"\" type=\"text\" name=\"your-name\" \/><\/span>\n<\/p>\n<p>Votre email (obligatoire) :\n<\/p>\n<p><span class=\"wpcf7-form-control-wrap\" data-name=\"your-email\"><input size=\"40\" maxlength=\"400\" class=\"wpcf7-form-control wpcf7-email wpcf7-validates-as-required wpcf7-text wpcf7-validates-as-email\" aria-required=\"true\" aria-invalid=\"false\" value=\"\" type=\"email\" name=\"your-email\" \/><\/span>\n<\/p>\n<p>Sujet :\n<\/p>\n<p><span class=\"wpcf7-form-control-wrap\" data-name=\"your-subject\"><input size=\"40\" maxlength=\"400\" class=\"wpcf7-form-control wpcf7-text wpcf7-validates-as-required\" aria-required=\"true\" aria-invalid=\"false\" value=\"\" type=\"text\" name=\"your-subject\" \/><\/span>\n<\/p>\n<p>Votre message :\n<\/p>\n<p><span class=\"wpcf7-form-control-wrap\" data-name=\"your-message\"><textarea cols=\"40\" rows=\"10\" maxlength=\"2000\" class=\"wpcf7-form-control wpcf7-textarea wpcf7-validates-as-required\" aria-required=\"true\" aria-invalid=\"false\" name=\"your-message\"><\/textarea><\/span>\n<\/p>\n<p>[cf7sr-simple-recaptcha]\n<\/p>\n<p><input class=\"wpcf7-form-control wpcf7-submit has-spinner\" type=\"submit\" value=\"Envoyer\" \/>\n<\/p><p style=\"display: none !important;\" class=\"akismet-fields-container\" data-prefix=\"_wpcf7_ak_\"><label>&#916;<textarea name=\"_wpcf7_ak_hp_textarea\" cols=\"45\" rows=\"8\" maxlength=\"100\"><\/textarea><\/label><input type=\"hidden\" id=\"ak_js_1\" name=\"_wpcf7_ak_js\" value=\"71\"\/><script type=\"text\/javascript\">\n\/* <![CDATA[ *\/\ndocument.getElementById( \"ak_js_1\" ).setAttribute( \"value\", ( new Date() ).getTime() );\n\/* ]]> *\/\n<\/script>\n<\/p><div class=\"wpcf7-response-output\" aria-hidden=\"true\"><\/div>\n<\/form>\n<\/div>\n<br \/>\n\n<\/div>\n","protected":false},"excerpt":{"rendered":"<p>Adresse postale de la paroisse Saint-Charles \u00e0 Marseille : 17 rue Breteuil &#8211;\u00a013001 Marseille. N&lsquo;h\u00e9sitez pas \u00e0 nous contacter\u00a0par l&rsquo;interm\u00e9diaire du formulaire ci-dessous, nous serons tr\u00e8s heureux de lire votre message et d&rsquo;y r\u00e9pondre!<\/p>\n","protected":false},"author":2,"featured_media":0,"parent":0,"menu_order":0,"comment_status":"closed","ping_status":"open","template":"template-full-width.php","meta":{"footnotes":""},"class_list":["post-143","page","type-page","status-publish","hentry"],"_links":{"self":[{"href":"http:\/\/paroisse-saint-charles.fr\/WordPress3\/wp-json\/wp\/v2\/pages\/143","targetHints":{"allow":["GET"]}}],"collection":[{"href":"http:\/\/paroisse-saint-charles.fr\/WordPress3\/wp-json\/wp\/v2\/pages"}],"about":[{"href":"http:\/\/paroisse-saint-charles.fr\/WordPress3\/wp-json\/wp\/v2\/types\/page"}],"author":[{"embeddable":true,"href":"http:\/\/paroisse-saint-charles.fr\/WordPress3\/wp-json\/wp\/v2\/users\/2"}],"replies":[{"embeddable":true,"href":"http:\/\/paroisse-saint-charles.fr\/WordPress3\/wp-json\/wp\/v2\/comments?post=143"}],"version-history":[{"count":12,"href":"http:\/\/paroisse-saint-charles.fr\/WordPress3\/wp-json\/wp\/v2\/pages\/143\/revisions"}],"predecessor-version":[{"id":8853,"href":"http:\/\/paroisse-saint-charles.fr\/WordPress3\/wp-json\/wp\/v2\/pages\/143\/revisions\/8853"}],"wp:attachment":[{"href":"http:\/\/paroisse-saint-charles.fr\/WordPress3\/wp-json\/wp\/v2\/media?parent=143"}],"curies":[{"name":"wp","href":"https:\/\/api.w.org\/{rel}","templated":true}]}}