{"id":4745,"date":"2016-02-22T11:00:36","date_gmt":"2016-02-22T10:00:36","guid":{"rendered":"http:\/\/www.paroisse-saint-charles.fr\/?page_id=4745"},"modified":"2016-03-08T12:48:54","modified_gmt":"2016-03-08T11:48:54","slug":"messe-2eme-dimanche-de-careme-pere-pierre-afonso","status":"publish","type":"page","link":"http:\/\/paroisse-saint-charles.fr\/WordPress3\/galeries-de-photos\/messe-2eme-dimanche-de-careme-pere-pierre-afonso\/","title":{"rendered":"Messe 2\u00e8me dimanche de Car\u00eame 2016 &#8211; P\u00e8re Pierre Afonso"},"content":{"rendered":"<div id=\"attachment_4741\" style=\"width: 160px\" class=\"wp-caption alignleft\"><a href=\"http:\/\/paroisse-saint-charles.fr\/WordPress3\/wp-content\/uploads\/2016\/02\/DSC_0551.jpg\"><img loading=\"lazy\" decoding=\"async\" aria-describedby=\"caption-attachment-4741\" class=\"wp-image-4741 size-thumbnail\" title=\"P\u00e8re Pierre Afonso, pr\u00eatre de la Communaut\u00e9 de l\u2019Emmanuel et mod\u00e9rateur du secteur du Littoral\" src=\"http:\/\/paroisse-saint-charles.fr\/WordPress3\/wp-content\/uploads\/2016\/02\/DSC_0551-150x150.jpg\" alt=\"DSC_0551\" width=\"150\" height=\"150\" data-id=\"4741\" srcset=\"http:\/\/paroisse-saint-charles.fr\/WordPress3\/wp-content\/uploads\/2016\/02\/DSC_0551-150x150.jpg 150w, http:\/\/paroisse-saint-charles.fr\/WordPress3\/wp-content\/uploads\/2016\/02\/DSC_0551-60x60.jpg 60w, http:\/\/paroisse-saint-charles.fr\/WordPress3\/wp-content\/uploads\/2016\/02\/DSC_0551-45x45.jpg 45w\" sizes=\"auto, (max-width: 150px) 100vw, 150px\" \/><\/a><p id=\"caption-attachment-4741\" class=\"wp-caption-text\">P\u00e8re Pierre Afonso, pr\u00eatre de la Communaut\u00e9 de l\u2019Emmanuel et mod\u00e9rateur du secteur du Littoral<\/p><\/div>\n<p><a href=\"http:\/\/paroisse-saint-charles.fr\/WordPress3\/wp-content\/uploads\/2016\/02\/DSC_0553.jpg\"><img loading=\"lazy\" decoding=\"async\" class=\"alignleft wp-image-4743 size-thumbnail\" src=\"http:\/\/paroisse-saint-charles.fr\/WordPress3\/wp-content\/uploads\/2016\/02\/DSC_0553-150x150.jpg\" alt=\"DSC_0553\" width=\"150\" height=\"150\" data-id=\"4743\" srcset=\"http:\/\/paroisse-saint-charles.fr\/WordPress3\/wp-content\/uploads\/2016\/02\/DSC_0553-150x150.jpg 150w, http:\/\/paroisse-saint-charles.fr\/WordPress3\/wp-content\/uploads\/2016\/02\/DSC_0553-60x60.jpg 60w, http:\/\/paroisse-saint-charles.fr\/WordPress3\/wp-content\/uploads\/2016\/02\/DSC_0553-45x45.jpg 45w\" sizes=\"auto, (max-width: 150px) 100vw, 150px\" \/><\/a> <a href=\"http:\/\/paroisse-saint-charles.fr\/WordPress3\/wp-content\/uploads\/2016\/02\/DSC_0554.jpg\"><img loading=\"lazy\" decoding=\"async\" class=\"alignleft wp-image-4744 size-thumbnail\" src=\"http:\/\/paroisse-saint-charles.fr\/WordPress3\/wp-content\/uploads\/2016\/02\/DSC_0554-150x150.jpg\" alt=\"DSC_0554\" width=\"150\" height=\"150\" data-id=\"4744\" srcset=\"http:\/\/paroisse-saint-charles.fr\/WordPress3\/wp-content\/uploads\/2016\/02\/DSC_0554-150x150.jpg 150w, http:\/\/paroisse-saint-charles.fr\/WordPress3\/wp-content\/uploads\/2016\/02\/DSC_0554-60x60.jpg 60w, http:\/\/paroisse-saint-charles.fr\/WordPress3\/wp-content\/uploads\/2016\/02\/DSC_0554-45x45.jpg 45w\" sizes=\"auto, (max-width: 150px) 100vw, 150px\" \/><\/a> <a href=\"http:\/\/paroisse-saint-charles.fr\/WordPress3\/wp-content\/uploads\/2016\/02\/DSC_0552.jpg\"><img loading=\"lazy\" decoding=\"async\" class=\"alignleft wp-image-4742 size-thumbnail\" src=\"http:\/\/paroisse-saint-charles.fr\/WordPress3\/wp-content\/uploads\/2016\/02\/DSC_0552-150x150.jpg\" alt=\"DSC_0552\" width=\"150\" height=\"150\" data-id=\"4742\" srcset=\"http:\/\/paroisse-saint-charles.fr\/WordPress3\/wp-content\/uploads\/2016\/02\/DSC_0552-150x150.jpg 150w, http:\/\/paroisse-saint-charles.fr\/WordPress3\/wp-content\/uploads\/2016\/02\/DSC_0552-60x60.jpg 60w, http:\/\/paroisse-saint-charles.fr\/WordPress3\/wp-content\/uploads\/2016\/02\/DSC_0552-45x45.jpg 45w\" sizes=\"auto, (max-width: 150px) 100vw, 150px\" \/><\/a> <a href=\"http:\/\/paroisse-saint-charles.fr\/WordPress3\/wp-content\/uploads\/2016\/02\/DSC_0550.jpg\"><img loading=\"lazy\" decoding=\"async\" class=\"alignleft wp-image-4740 size-thumbnail\" src=\"http:\/\/paroisse-saint-charles.fr\/WordPress3\/wp-content\/uploads\/2016\/02\/DSC_0550-150x150.jpg\" alt=\"DSC_0550\" width=\"150\" height=\"150\" data-id=\"4740\" srcset=\"http:\/\/paroisse-saint-charles.fr\/WordPress3\/wp-content\/uploads\/2016\/02\/DSC_0550-150x150.jpg 150w, http:\/\/paroisse-saint-charles.fr\/WordPress3\/wp-content\/uploads\/2016\/02\/DSC_0550-60x60.jpg 60w, http:\/\/paroisse-saint-charles.fr\/WordPress3\/wp-content\/uploads\/2016\/02\/DSC_0550-45x45.jpg 45w\" sizes=\"auto, (max-width: 150px) 100vw, 150px\" \/><\/a> <a href=\"http:\/\/paroisse-saint-charles.fr\/WordPress3\/wp-content\/uploads\/2016\/02\/DSC_0549.jpg\"><img loading=\"lazy\" decoding=\"async\" class=\"alignleft wp-image-4739 size-thumbnail\" src=\"http:\/\/paroisse-saint-charles.fr\/WordPress3\/wp-content\/uploads\/2016\/02\/DSC_0549-150x150.jpg\" alt=\"DSC_0549\" width=\"150\" height=\"150\" data-id=\"4739\" srcset=\"http:\/\/paroisse-saint-charles.fr\/WordPress3\/wp-content\/uploads\/2016\/02\/DSC_0549-150x150.jpg 150w, http:\/\/paroisse-saint-charles.fr\/WordPress3\/wp-content\/uploads\/2016\/02\/DSC_0549-60x60.jpg 60w, http:\/\/paroisse-saint-charles.fr\/WordPress3\/wp-content\/uploads\/2016\/02\/DSC_0549-45x45.jpg 45w\" sizes=\"auto, (max-width: 150px) 100vw, 150px\" \/><\/a><\/p>\n","protected":false},"excerpt":{"rendered":"","protected":false},"author":6,"featured_media":0,"parent":1100,"menu_order":0,"comment_status":"closed","ping_status":"closed","template":"","meta":{"footnotes":""},"class_list":["post-4745","page","type-page","status-publish","hentry"],"_links":{"self":[{"href":"http:\/\/paroisse-saint-charles.fr\/WordPress3\/wp-json\/wp\/v2\/pages\/4745","targetHints":{"allow":["GET"]}}],"collection":[{"href":"http:\/\/paroisse-saint-charles.fr\/WordPress3\/wp-json\/wp\/v2\/pages"}],"about":[{"href":"http:\/\/paroisse-saint-charles.fr\/WordPress3\/wp-json\/wp\/v2\/types\/page"}],"author":[{"embeddable":true,"href":"http:\/\/paroisse-saint-charles.fr\/WordPress3\/wp-json\/wp\/v2\/users\/6"}],"replies":[{"embeddable":true,"href":"http:\/\/paroisse-saint-charles.fr\/WordPress3\/wp-json\/wp\/v2\/comments?post=4745"}],"version-history":[{"count":6,"href":"http:\/\/paroisse-saint-charles.fr\/WordPress3\/wp-json\/wp\/v2\/pages\/4745\/revisions"}],"predecessor-version":[{"id":4830,"href":"http:\/\/paroisse-saint-charles.fr\/WordPress3\/wp-json\/wp\/v2\/pages\/4745\/revisions\/4830"}],"up":[{"embeddable":true,"href":"http:\/\/paroisse-saint-charles.fr\/WordPress3\/wp-json\/wp\/v2\/pages\/1100"}],"wp:attachment":[{"href":"http:\/\/paroisse-saint-charles.fr\/WordPress3\/wp-json\/wp\/v2\/media?parent=4745"}],"curies":[{"name":"wp","href":"https:\/\/api.w.org\/{rel}","templated":true}]}}