{"id":479,"date":"2014-11-24T21:17:40","date_gmt":"2014-11-24T21:17:40","guid":{"rendered":"http:\/\/www.paroisse-saint-charles.fr\/?page_id=479"},"modified":"2025-10-10T10:17:42","modified_gmt":"2025-10-10T08:17:42","slug":"catechisme-adultes","status":"publish","type":"page","link":"http:\/\/paroisse-saint-charles.fr\/WordPress3\/catechisme-adultes\/","title":{"rendered":"Cat\u00e9 pour adultes"},"content":{"rendered":"<p><a href=\"http:\/\/paroisse-saint-charles.fr\/WordPress3\/wp-content\/uploads\/2025\/09\/1.png\"><img loading=\"lazy\" decoding=\"async\" class=\"wp-image-10910 aligncenter\" src=\"http:\/\/paroisse-saint-charles.fr\/WordPress3\/wp-content\/uploads\/2025\/09\/1-724x1024.png\" alt=\"\" width=\"429\" height=\"607\" data-id=\"10910\" srcset=\"http:\/\/paroisse-saint-charles.fr\/WordPress3\/wp-content\/uploads\/2025\/09\/1-724x1024.png 724w, http:\/\/paroisse-saint-charles.fr\/WordPress3\/wp-content\/uploads\/2025\/09\/1-212x300.png 212w, http:\/\/paroisse-saint-charles.fr\/WordPress3\/wp-content\/uploads\/2025\/09\/1-768x1086.png 768w, http:\/\/paroisse-saint-charles.fr\/WordPress3\/wp-content\/uploads\/2025\/09\/1-1086x1536.png 1086w, http:\/\/paroisse-saint-charles.fr\/WordPress3\/wp-content\/uploads\/2025\/09\/1-956x1352.png 956w, http:\/\/paroisse-saint-charles.fr\/WordPress3\/wp-content\/uploads\/2025\/09\/1.png 1414w\" sizes=\"auto, (max-width: 429px) 100vw, 429px\" \/><\/a><a href=\"http:\/\/paroisse-saint-charles.fr\/WordPress3\/wp-content\/uploads\/2025\/09\/Cate-Chips.png\"><img loading=\"lazy\" decoding=\"async\" class=\"wp-image-10912 aligncenter\" src=\"http:\/\/paroisse-saint-charles.fr\/WordPress3\/wp-content\/uploads\/2025\/09\/Cate-Chips-724x1024.png\" alt=\"\" width=\"424\" height=\"599\" data-id=\"10912\" srcset=\"http:\/\/paroisse-saint-charles.fr\/WordPress3\/wp-content\/uploads\/2025\/09\/Cate-Chips-724x1024.png 724w, http:\/\/paroisse-saint-charles.fr\/WordPress3\/wp-content\/uploads\/2025\/09\/Cate-Chips-212x300.png 212w, http:\/\/paroisse-saint-charles.fr\/WordPress3\/wp-content\/uploads\/2025\/09\/Cate-Chips-768x1086.png 768w, http:\/\/paroisse-saint-charles.fr\/WordPress3\/wp-content\/uploads\/2025\/09\/Cate-Chips-1086x1536.png 1086w, http:\/\/paroisse-saint-charles.fr\/WordPress3\/wp-content\/uploads\/2025\/09\/Cate-Chips-956x1352.png 956w, http:\/\/paroisse-saint-charles.fr\/WordPress3\/wp-content\/uploads\/2025\/09\/Cate-Chips.png 1414w\" sizes=\"auto, (max-width: 424px) 100vw, 424px\" \/><\/a><\/p>\n<p><strong>Vous \u00eates adultes et souhaitez vous pr\u00e9parer \u00e0 un sacrement (bapt\u00eame, confirmation ou communion) ? N&rsquo;h\u00e9sitez pas \u00e0 prendre contact avec nous !<\/strong><\/p>\n<blockquote>\n<p style=\"text-align: justify;\">Soyez toujours pr\u00eats \u00e0 rendre compte de l&rsquo;esp\u00e9rance qui est en vous ! 1 P 3,15<\/p>\n<\/blockquote>\n<p style=\"text-align: justify;\">\u00a0C\u2019est ainsi que saint Pierre exhortait les premiers chr\u00e9tiens. Cette invitation r\u00e9sonne tout particuli\u00e8rement aujourd&rsquo;hui en ces temps de crise de la foi. Il existe en effet un double danger : le fid\u00e9isme (qui consiste \u00e0 exalter la foi au d\u00e9triment de la raison, et qui m\u00e8ne au fondamentalisme) et le rationalisme (qui consiste \u00e0 exalter la raison au d\u00e9triment de la foi). Pour aider les fid\u00e8les \u00e0 tenir le juste milieu entre ces deux exc\u00e8s et pour r\u00e9pondre \u00e0 une demande de plusieurs d\u2019entre vous, nous proposons donc un cat\u00e9chisme pour adultes.<\/p>\n<p>Vous pouvez consulter les dates et les th\u00e8mes des s\u00e9ances sur <a href=\"http:\/\/paroisse-saint-charles.fr\/WordPress3\/calendar\/agenda-paroisse-saint-charles\/\">l&rsquo;agenda paroissial en cliquant ici,<\/a><\/p>\n<p>Deux groupes vous sont propos\u00e9s :<\/p>\n<ul>\n<li>une formation de base pour les cat\u00e9chum\u00e8nes (mais c\u2019est ouvert \u00e0 tous ceux qui veulent revoir les bases !) sur deux ans<\/li>\n<li>un groupe de perfectionnement sur l\u2019Histoire Sainte (pour ceux qui ont d\u00e9j\u00e0 suivi la formation de base ou qui veulent revoir leur Histoire Sainte).<\/li>\n<\/ul>\n<p>La s\u00e9ance du jeudi soir est redonn\u00e9e le mercredi suivant \u00e0 11h15. Contactez-nous si cela vous int\u00e9resse.<\/p>\n<p>Contact : Abb\u00e9\u00a0Vincent Marie-Jeanne &#8211; 07 62 08 89 82<\/p>\n","protected":false},"excerpt":{"rendered":"<p>Vous \u00eates adultes et souhaitez vous pr\u00e9parer \u00e0 un sacrement (bapt\u00eame, confirmation ou communion) ? N&rsquo;h\u00e9sitez pas \u00e0 prendre contact avec nous ! Soyez toujours pr\u00eats \u00e0 rendre compte de l&rsquo;esp\u00e9rance qui est en vous ! 1 P 3,15 \u00a0C\u2019est&#8230;<br \/><a class=\"read-more-button\" href=\"http:\/\/paroisse-saint-charles.fr\/WordPress3\/catechisme-adultes\/\">Savoir plus<\/a><\/p>\n","protected":false},"author":4,"featured_media":0,"parent":0,"menu_order":0,"comment_status":"closed","ping_status":"closed","template":"","meta":{"footnotes":""},"class_list":["post-479","page","type-page","status-publish","hentry"],"_links":{"self":[{"href":"http:\/\/paroisse-saint-charles.fr\/WordPress3\/wp-json\/wp\/v2\/pages\/479","targetHints":{"allow":["GET"]}}],"collection":[{"href":"http:\/\/paroisse-saint-charles.fr\/WordPress3\/wp-json\/wp\/v2\/pages"}],"about":[{"href":"http:\/\/paroisse-saint-charles.fr\/WordPress3\/wp-json\/wp\/v2\/types\/page"}],"author":[{"embeddable":true,"href":"http:\/\/paroisse-saint-charles.fr\/WordPress3\/wp-json\/wp\/v2\/users\/4"}],"replies":[{"embeddable":true,"href":"http:\/\/paroisse-saint-charles.fr\/WordPress3\/wp-json\/wp\/v2\/comments?post=479"}],"version-history":[{"count":47,"href":"http:\/\/paroisse-saint-charles.fr\/WordPress3\/wp-json\/wp\/v2\/pages\/479\/revisions"}],"predecessor-version":[{"id":10945,"href":"http:\/\/paroisse-saint-charles.fr\/WordPress3\/wp-json\/wp\/v2\/pages\/479\/revisions\/10945"}],"wp:attachment":[{"href":"http:\/\/paroisse-saint-charles.fr\/WordPress3\/wp-json\/wp\/v2\/media?parent=479"}],"curies":[{"name":"wp","href":"https:\/\/api.w.org\/{rel}","templated":true}]}}