{"id":59,"date":"2014-08-20T20:18:31","date_gmt":"2014-08-20T20:18:31","guid":{"rendered":"http:\/\/www.paroisse-saint-charles.fr\/?page_id=59"},"modified":"2020-08-18T17:37:01","modified_gmt":"2020-08-18T15:37:01","slug":"acces-parking","status":"publish","type":"page","link":"http:\/\/paroisse-saint-charles.fr\/WordPress3\/acces-parking\/","title":{"rendered":"Acc\u00e8s \/ Parking"},"content":{"rendered":"<style>\n#principal {\n  display: flex;\n  flex: 1;\n  align-items:center;\n  font-family: serif;\n  font-size: 23px;\n}\n<\/style>\n<style>\n#item{\n text-align: justify;\n flex:1;\n}\n<\/style>\n<style>\n.allignimage{\n margin-top:10px;\n margin-right: 15px;\n padding-top:20px;\n padding-left: 20px;\n}\n<\/style>\n<style>\n@media screen and (max-width: 575px) {\n  #principal {\n    display: block;\n    padding:0px;\n    margin: 0px;\n  }\n  #item{\n    text-align: justify;\n    margin-right: 15px;<\/p>\n<p> }\n  .allignimage{\n    margin-top: 10px;\n    margin-right: 0px;\n    padding-left: 0px;\n    padding-top: 10px;\n }\n}\n<\/style>\n<div id=\"principal\" class=\"container\">\n<ul id=\"item\">\n<div style=\"font-size: 16px;\">\n<span class=\"lettrine\">L<\/span>&lsquo;entr\u00e9e de l&rsquo;\u00e9glise\u00a0Saint-Charles est situ\u00e9e 64 rue Grignan &#8211;\u00a013001 Marseille.<br \/>\n<br \/>\n<span class=\"lettrine\">L<\/span>es stations de m\u00e9tro les plus proches sont :<br \/>\n&#8211; Estrangin &#8211; Pr\u00e9fecture (ligne 1).<br \/>\n&#8211; Vieux-Port H\u00f4tel de Ville (ligne 1).<br \/>\n<br \/>\n<span class=\"lettrine\">I<\/span>l existe un parking souterrain (payant) situ\u00e9 \u00e0 1 min \u00e0 pied sous le palais de justice : <a href=\"http:\/\/www.q-park.fr\/fr\/se-garer-chez-q-park\/parkings-par-ville\/parkingid\/1373\" target=\"_blank\" rel=\"noopener noreferrer\">Q-Park Monthyon<\/a> (rue Breteuil).<br \/>\n<br \/>\n<span class=\"lettrine\">I<\/span>l y a aussi le parking Massilia, situ\u00e9 sous le cours Estienne d&rsquo;Orves; \u00e0 2 mn \u00e0 pied.\n<\/div>\n<\/ul>\n<ul id=\"item\">\n<img decoding=\"async\" class=\"alignnone wp-image-271 size-full ombre\" src=\"http:\/\/paroisse-saint-charles.fr\/WordPress3\/wp-content\/uploads\/2014\/08\/PlanAcces.png\" alt=\"PlanAcces\" width=\"450\"  data-id=\"271\" srcset=\"http:\/\/paroisse-saint-charles.fr\/WordPress3\/wp-content\/uploads\/2014\/08\/PlanAcces.png 726w, http:\/\/paroisse-saint-charles.fr\/WordPress3\/wp-content\/uploads\/2014\/08\/PlanAcces-300x212.png 300w, http:\/\/paroisse-saint-charles.fr\/WordPress3\/wp-content\/uploads\/2014\/08\/PlanAcces-600x424.png 600w\" sizes=\"(max-width: 726px) 100vw, 726px\" \/>\n<\/ul>\n<\/div>\n","protected":false},"excerpt":{"rendered":"<p>L&lsquo;entr\u00e9e de l&rsquo;\u00e9glise\u00a0Saint-Charles est situ\u00e9e 64 rue Grignan &#8211;\u00a013001 Marseille. Les stations de m\u00e9tro les plus proches sont : &#8211; Estrangin &#8211; Pr\u00e9fecture (ligne 1). &#8211; Vieux-Port H\u00f4tel de Ville (ligne 1). Il existe un parking souterrain (payant) situ\u00e9 \u00e0&#8230;<br \/><a class=\"read-more-button\" href=\"http:\/\/paroisse-saint-charles.fr\/WordPress3\/acces-parking\/\">Savoir plus<\/a><\/p>\n","protected":false},"author":2,"featured_media":0,"parent":0,"menu_order":0,"comment_status":"closed","ping_status":"open","template":"template-full-width.php","meta":{"footnotes":""},"class_list":["post-59","page","type-page","status-publish","hentry"],"_links":{"self":[{"href":"http:\/\/paroisse-saint-charles.fr\/WordPress3\/wp-json\/wp\/v2\/pages\/59","targetHints":{"allow":["GET"]}}],"collection":[{"href":"http:\/\/paroisse-saint-charles.fr\/WordPress3\/wp-json\/wp\/v2\/pages"}],"about":[{"href":"http:\/\/paroisse-saint-charles.fr\/WordPress3\/wp-json\/wp\/v2\/types\/page"}],"author":[{"embeddable":true,"href":"http:\/\/paroisse-saint-charles.fr\/WordPress3\/wp-json\/wp\/v2\/users\/2"}],"replies":[{"embeddable":true,"href":"http:\/\/paroisse-saint-charles.fr\/WordPress3\/wp-json\/wp\/v2\/comments?post=59"}],"version-history":[{"count":19,"href":"http:\/\/paroisse-saint-charles.fr\/WordPress3\/wp-json\/wp\/v2\/pages\/59\/revisions"}],"predecessor-version":[{"id":8848,"href":"http:\/\/paroisse-saint-charles.fr\/WordPress3\/wp-json\/wp\/v2\/pages\/59\/revisions\/8848"}],"wp:attachment":[{"href":"http:\/\/paroisse-saint-charles.fr\/WordPress3\/wp-json\/wp\/v2\/media?parent=59"}],"curies":[{"name":"wp","href":"https:\/\/api.w.org\/{rel}","templated":true}]}}