{"id":6800,"date":"2019-01-23T21:19:33","date_gmt":"2019-01-23T20:19:33","guid":{"rendered":"http:\/\/www.paroisse-saint-charles.fr\/?page_id=6800"},"modified":"2019-01-23T21:19:33","modified_gmt":"2019-01-23T20:19:33","slug":"1ere-messe-a-saint-charles-de-labbe-vincent-marie-jeanne-20-janv-2019","status":"publish","type":"page","link":"http:\/\/paroisse-saint-charles.fr\/WordPress3\/galeries-de-photos\/1ere-messe-a-saint-charles-de-labbe-vincent-marie-jeanne-20-janv-2019\/","title":{"rendered":"1\u00e8re messe \u00e0 Saint-Charles de l&rsquo;abb\u00e9 Vincent Marie-Jeanne 20 janv.2019"},"content":{"rendered":"<p><a href=\"http:\/\/paroisse-saint-charles.fr\/WordPress3\/wp-content\/uploads\/2019\/01\/DSC_0532.jpg\"><img loading=\"lazy\" decoding=\"async\" class=\"alignleft size-thumbnail wp-image-6761\" src=\"http:\/\/paroisse-saint-charles.fr\/WordPress3\/wp-content\/uploads\/2019\/01\/DSC_0532-150x150.jpg\" alt=\"DSC_0532\" width=\"150\" height=\"150\" data-id=\"6761\" srcset=\"http:\/\/paroisse-saint-charles.fr\/WordPress3\/wp-content\/uploads\/2019\/01\/DSC_0532-150x150.jpg 150w, http:\/\/paroisse-saint-charles.fr\/WordPress3\/wp-content\/uploads\/2019\/01\/DSC_0532-60x60.jpg 60w, http:\/\/paroisse-saint-charles.fr\/WordPress3\/wp-content\/uploads\/2019\/01\/DSC_0532-45x45.jpg 45w\" sizes=\"auto, (max-width: 150px) 100vw, 150px\" \/><\/a> <a href=\"http:\/\/paroisse-saint-charles.fr\/WordPress3\/wp-content\/uploads\/2019\/01\/DSC_0534.jpg\"><img loading=\"lazy\" decoding=\"async\" class=\"alignleft size-thumbnail wp-image-6763\" src=\"http:\/\/paroisse-saint-charles.fr\/WordPress3\/wp-content\/uploads\/2019\/01\/DSC_0534-150x150.jpg\" alt=\"DSC_0534\" width=\"150\" height=\"150\" data-id=\"6763\" srcset=\"http:\/\/paroisse-saint-charles.fr\/WordPress3\/wp-content\/uploads\/2019\/01\/DSC_0534-150x150.jpg 150w, http:\/\/paroisse-saint-charles.fr\/WordPress3\/wp-content\/uploads\/2019\/01\/DSC_0534-60x60.jpg 60w, http:\/\/paroisse-saint-charles.fr\/WordPress3\/wp-content\/uploads\/2019\/01\/DSC_0534-45x45.jpg 45w\" sizes=\"auto, (max-width: 150px) 100vw, 150px\" \/><\/a> <a href=\"http:\/\/paroisse-saint-charles.fr\/WordPress3\/wp-content\/uploads\/2019\/01\/DSC_0535.jpg\"><img loading=\"lazy\" decoding=\"async\" class=\"alignleft size-thumbnail wp-image-6764\" src=\"http:\/\/paroisse-saint-charles.fr\/WordPress3\/wp-content\/uploads\/2019\/01\/DSC_0535-150x150.jpg\" alt=\"DSC_0535\" width=\"150\" height=\"150\" data-id=\"6764\" srcset=\"http:\/\/paroisse-saint-charles.fr\/WordPress3\/wp-content\/uploads\/2019\/01\/DSC_0535-150x150.jpg 150w, http:\/\/paroisse-saint-charles.fr\/WordPress3\/wp-content\/uploads\/2019\/01\/DSC_0535-60x60.jpg 60w, http:\/\/paroisse-saint-charles.fr\/WordPress3\/wp-content\/uploads\/2019\/01\/DSC_0535-45x45.jpg 45w\" sizes=\"auto, (max-width: 150px) 100vw, 150px\" \/><\/a> <a href=\"http:\/\/paroisse-saint-charles.fr\/WordPress3\/wp-content\/uploads\/2019\/01\/DSC_0538.jpg\"><img loading=\"lazy\" decoding=\"async\" class=\"alignleft size-thumbnail wp-image-6765\" src=\"http:\/\/paroisse-saint-charles.fr\/WordPress3\/wp-content\/uploads\/2019\/01\/DSC_0538-150x150.jpg\" alt=\"DSC_0538\" width=\"150\" height=\"150\" data-id=\"6765\" srcset=\"http:\/\/paroisse-saint-charles.fr\/WordPress3\/wp-content\/uploads\/2019\/01\/DSC_0538-150x150.jpg 150w, http:\/\/paroisse-saint-charles.fr\/WordPress3\/wp-content\/uploads\/2019\/01\/DSC_0538-60x60.jpg 60w, http:\/\/paroisse-saint-charles.fr\/WordPress3\/wp-content\/uploads\/2019\/01\/DSC_0538-45x45.jpg 45w\" sizes=\"auto, (max-width: 150px) 100vw, 150px\" \/><\/a><\/p>\n<p><a href=\"http:\/\/paroisse-saint-charles.fr\/WordPress3\/wp-content\/uploads\/2019\/01\/DSC_0545-e1548018476853.jpg\"><img loading=\"lazy\" decoding=\"async\" class=\"size-thumbnail wp-image-6767\" src=\"http:\/\/paroisse-saint-charles.fr\/WordPress3\/wp-content\/uploads\/2019\/01\/DSC_0545-e1548018476853-150x150.jpg\" alt=\"1\u00e8re messe St-Charles, abb\u00e9 Vincent Marie-Jeanne\" width=\"150\" height=\"150\" data-id=\"6767\" srcset=\"http:\/\/paroisse-saint-charles.fr\/WordPress3\/wp-content\/uploads\/2019\/01\/DSC_0545-e1548018476853-150x150.jpg 150w, http:\/\/paroisse-saint-charles.fr\/WordPress3\/wp-content\/uploads\/2019\/01\/DSC_0545-e1548018476853-60x60.jpg 60w, http:\/\/paroisse-saint-charles.fr\/WordPress3\/wp-content\/uploads\/2019\/01\/DSC_0545-e1548018476853-45x45.jpg 45w\" sizes=\"auto, (max-width: 150px) 100vw, 150px\" \/><\/a><\/p>\n<p><a href=\"http:\/\/paroisse-saint-charles.fr\/WordPress3\/wp-content\/uploads\/2019\/01\/DSC_0550.jpg\"><img loading=\"lazy\" decoding=\"async\" class=\"alignleft size-thumbnail wp-image-6769\" src=\"http:\/\/paroisse-saint-charles.fr\/WordPress3\/wp-content\/uploads\/2019\/01\/DSC_0550-150x150.jpg\" alt=\"DSC_0550\" width=\"150\" height=\"150\" data-id=\"6769\" srcset=\"http:\/\/paroisse-saint-charles.fr\/WordPress3\/wp-content\/uploads\/2019\/01\/DSC_0550-150x150.jpg 150w, http:\/\/paroisse-saint-charles.fr\/WordPress3\/wp-content\/uploads\/2019\/01\/DSC_0550-60x60.jpg 60w, http:\/\/paroisse-saint-charles.fr\/WordPress3\/wp-content\/uploads\/2019\/01\/DSC_0550-45x45.jpg 45w\" sizes=\"auto, (max-width: 150px) 100vw, 150px\" \/><\/a> <a href=\"http:\/\/paroisse-saint-charles.fr\/WordPress3\/wp-content\/uploads\/2019\/01\/DSC_0553-e1548018431277.jpg\"><img loading=\"lazy\" decoding=\"async\" class=\"alignleft size-thumbnail wp-image-6771\" src=\"http:\/\/paroisse-saint-charles.fr\/WordPress3\/wp-content\/uploads\/2019\/01\/DSC_0553-e1548018431277-150x150.jpg\" alt=\"DSC_0553\" width=\"150\" height=\"150\" data-id=\"6771\" srcset=\"http:\/\/paroisse-saint-charles.fr\/WordPress3\/wp-content\/uploads\/2019\/01\/DSC_0553-e1548018431277-150x150.jpg 150w, http:\/\/paroisse-saint-charles.fr\/WordPress3\/wp-content\/uploads\/2019\/01\/DSC_0553-e1548018431277-60x60.jpg 60w, http:\/\/paroisse-saint-charles.fr\/WordPress3\/wp-content\/uploads\/2019\/01\/DSC_0553-e1548018431277-45x45.jpg 45w\" sizes=\"auto, (max-width: 150px) 100vw, 150px\" \/><\/a> <a href=\"http:\/\/paroisse-saint-charles.fr\/WordPress3\/wp-content\/uploads\/2019\/01\/DSC_0556-e1548017940934.jpg\"><img loading=\"lazy\" decoding=\"async\" class=\"alignleft size-thumbnail wp-image-6773\" src=\"http:\/\/paroisse-saint-charles.fr\/WordPress3\/wp-content\/uploads\/2019\/01\/DSC_0556-e1548017940934-150x150.jpg\" alt=\"DSC_0556\" width=\"150\" height=\"150\" data-id=\"6773\" srcset=\"http:\/\/paroisse-saint-charles.fr\/WordPress3\/wp-content\/uploads\/2019\/01\/DSC_0556-e1548017940934-150x150.jpg 150w, http:\/\/paroisse-saint-charles.fr\/WordPress3\/wp-content\/uploads\/2019\/01\/DSC_0556-e1548017940934-60x60.jpg 60w, http:\/\/paroisse-saint-charles.fr\/WordPress3\/wp-content\/uploads\/2019\/01\/DSC_0556-e1548017940934-45x45.jpg 45w\" sizes=\"auto, (max-width: 150px) 100vw, 150px\" \/><\/a> <a href=\"http:\/\/paroisse-saint-charles.fr\/WordPress3\/wp-content\/uploads\/2019\/01\/DSC_0557.jpg\"><img loading=\"lazy\" decoding=\"async\" class=\"alignleft size-thumbnail wp-image-6774\" src=\"http:\/\/paroisse-saint-charles.fr\/WordPress3\/wp-content\/uploads\/2019\/01\/DSC_0557-150x150.jpg\" alt=\"DSC_0557\" width=\"150\" height=\"150\" data-id=\"6774\" srcset=\"http:\/\/paroisse-saint-charles.fr\/WordPress3\/wp-content\/uploads\/2019\/01\/DSC_0557-150x150.jpg 150w, http:\/\/paroisse-saint-charles.fr\/WordPress3\/wp-content\/uploads\/2019\/01\/DSC_0557-60x60.jpg 60w, http:\/\/paroisse-saint-charles.fr\/WordPress3\/wp-content\/uploads\/2019\/01\/DSC_0557-45x45.jpg 45w\" sizes=\"auto, (max-width: 150px) 100vw, 150px\" \/><\/a> <a href=\"http:\/\/paroisse-saint-charles.fr\/WordPress3\/wp-content\/uploads\/2019\/01\/DSC_0559.jpg\"><img loading=\"lazy\" decoding=\"async\" class=\"alignleft size-thumbnail wp-image-6775\" src=\"http:\/\/paroisse-saint-charles.fr\/WordPress3\/wp-content\/uploads\/2019\/01\/DSC_0559-150x150.jpg\" alt=\"DSC_0559\" width=\"150\" height=\"150\" data-id=\"6775\" srcset=\"http:\/\/paroisse-saint-charles.fr\/WordPress3\/wp-content\/uploads\/2019\/01\/DSC_0559-150x150.jpg 150w, http:\/\/paroisse-saint-charles.fr\/WordPress3\/wp-content\/uploads\/2019\/01\/DSC_0559-60x60.jpg 60w, http:\/\/paroisse-saint-charles.fr\/WordPress3\/wp-content\/uploads\/2019\/01\/DSC_0559-45x45.jpg 45w\" sizes=\"auto, (max-width: 150px) 100vw, 150px\" \/><\/a> <a href=\"http:\/\/paroisse-saint-charles.fr\/WordPress3\/wp-content\/uploads\/2019\/01\/DSC_0560.jpg\"><img loading=\"lazy\" decoding=\"async\" class=\"alignleft size-thumbnail wp-image-6776\" src=\"http:\/\/paroisse-saint-charles.fr\/WordPress3\/wp-content\/uploads\/2019\/01\/DSC_0560-150x150.jpg\" alt=\"DSC_0560\" width=\"150\" height=\"150\" data-id=\"6776\" srcset=\"http:\/\/paroisse-saint-charles.fr\/WordPress3\/wp-content\/uploads\/2019\/01\/DSC_0560-150x150.jpg 150w, http:\/\/paroisse-saint-charles.fr\/WordPress3\/wp-content\/uploads\/2019\/01\/DSC_0560-60x60.jpg 60w, http:\/\/paroisse-saint-charles.fr\/WordPress3\/wp-content\/uploads\/2019\/01\/DSC_0560-45x45.jpg 45w\" sizes=\"auto, (max-width: 150px) 100vw, 150px\" \/><\/a> <a href=\"http:\/\/paroisse-saint-charles.fr\/WordPress3\/wp-content\/uploads\/2019\/01\/DSC_0566.jpg\"><img loading=\"lazy\" decoding=\"async\" class=\"alignleft size-thumbnail wp-image-6778\" src=\"http:\/\/paroisse-saint-charles.fr\/WordPress3\/wp-content\/uploads\/2019\/01\/DSC_0566-150x150.jpg\" alt=\"DSC_0566\" width=\"150\" height=\"150\" data-id=\"6778\" srcset=\"http:\/\/paroisse-saint-charles.fr\/WordPress3\/wp-content\/uploads\/2019\/01\/DSC_0566-150x150.jpg 150w, http:\/\/paroisse-saint-charles.fr\/WordPress3\/wp-content\/uploads\/2019\/01\/DSC_0566-60x60.jpg 60w, http:\/\/paroisse-saint-charles.fr\/WordPress3\/wp-content\/uploads\/2019\/01\/DSC_0566-45x45.jpg 45w\" sizes=\"auto, (max-width: 150px) 100vw, 150px\" \/><\/a> <a href=\"http:\/\/paroisse-saint-charles.fr\/WordPress3\/wp-content\/uploads\/2019\/01\/DSC_0568.jpg\"><img loading=\"lazy\" decoding=\"async\" class=\"alignleft size-thumbnail wp-image-6779\" src=\"http:\/\/paroisse-saint-charles.fr\/WordPress3\/wp-content\/uploads\/2019\/01\/DSC_0568-150x150.jpg\" alt=\"DSC_0568\" width=\"150\" height=\"150\" data-id=\"6779\" srcset=\"http:\/\/paroisse-saint-charles.fr\/WordPress3\/wp-content\/uploads\/2019\/01\/DSC_0568-150x150.jpg 150w, http:\/\/paroisse-saint-charles.fr\/WordPress3\/wp-content\/uploads\/2019\/01\/DSC_0568-60x60.jpg 60w, http:\/\/paroisse-saint-charles.fr\/WordPress3\/wp-content\/uploads\/2019\/01\/DSC_0568-45x45.jpg 45w\" sizes=\"auto, (max-width: 150px) 100vw, 150px\" \/><\/a> <a href=\"http:\/\/paroisse-saint-charles.fr\/WordPress3\/wp-content\/uploads\/2019\/01\/DSC_0572.jpg\"><img loading=\"lazy\" decoding=\"async\" class=\"alignleft size-thumbnail wp-image-6780\" src=\"http:\/\/paroisse-saint-charles.fr\/WordPress3\/wp-content\/uploads\/2019\/01\/DSC_0572-150x150.jpg\" alt=\"DSC_0572\" width=\"150\" height=\"150\" data-id=\"6780\" srcset=\"http:\/\/paroisse-saint-charles.fr\/WordPress3\/wp-content\/uploads\/2019\/01\/DSC_0572-150x150.jpg 150w, http:\/\/paroisse-saint-charles.fr\/WordPress3\/wp-content\/uploads\/2019\/01\/DSC_0572-60x60.jpg 60w, http:\/\/paroisse-saint-charles.fr\/WordPress3\/wp-content\/uploads\/2019\/01\/DSC_0572-45x45.jpg 45w\" sizes=\"auto, (max-width: 150px) 100vw, 150px\" \/><\/a> <a href=\"http:\/\/paroisse-saint-charles.fr\/WordPress3\/wp-content\/uploads\/2019\/01\/DSC_0574.jpg\"><img loading=\"lazy\" decoding=\"async\" class=\"alignleft size-thumbnail wp-image-6782\" src=\"http:\/\/paroisse-saint-charles.fr\/WordPress3\/wp-content\/uploads\/2019\/01\/DSC_0574-150x150.jpg\" alt=\"DSC_0574\" width=\"150\" height=\"150\" data-id=\"6782\" srcset=\"http:\/\/paroisse-saint-charles.fr\/WordPress3\/wp-content\/uploads\/2019\/01\/DSC_0574-150x150.jpg 150w, http:\/\/paroisse-saint-charles.fr\/WordPress3\/wp-content\/uploads\/2019\/01\/DSC_0574-60x60.jpg 60w, http:\/\/paroisse-saint-charles.fr\/WordPress3\/wp-content\/uploads\/2019\/01\/DSC_0574-45x45.jpg 45w\" sizes=\"auto, (max-width: 150px) 100vw, 150px\" \/><\/a> <a href=\"http:\/\/paroisse-saint-charles.fr\/WordPress3\/wp-content\/uploads\/2019\/01\/DSC_0575.jpg\"><img loading=\"lazy\" decoding=\"async\" class=\"alignleft size-thumbnail wp-image-6783\" src=\"http:\/\/paroisse-saint-charles.fr\/WordPress3\/wp-content\/uploads\/2019\/01\/DSC_0575-150x150.jpg\" alt=\"DSC_0575\" width=\"150\" height=\"150\" data-id=\"6783\" srcset=\"http:\/\/paroisse-saint-charles.fr\/WordPress3\/wp-content\/uploads\/2019\/01\/DSC_0575-150x150.jpg 150w, http:\/\/paroisse-saint-charles.fr\/WordPress3\/wp-content\/uploads\/2019\/01\/DSC_0575-60x60.jpg 60w, http:\/\/paroisse-saint-charles.fr\/WordPress3\/wp-content\/uploads\/2019\/01\/DSC_0575-45x45.jpg 45w\" sizes=\"auto, (max-width: 150px) 100vw, 150px\" \/><\/a> <a href=\"http:\/\/paroisse-saint-charles.fr\/WordPress3\/wp-content\/uploads\/2019\/01\/DSC_0576-e1548017995178.jpg\"><img loading=\"lazy\" decoding=\"async\" class=\"alignleft size-thumbnail wp-image-6784\" src=\"http:\/\/paroisse-saint-charles.fr\/WordPress3\/wp-content\/uploads\/2019\/01\/DSC_0576-e1548017995178-150x150.jpg\" alt=\"DSC_0576\" width=\"150\" height=\"150\" data-id=\"6784\" srcset=\"http:\/\/paroisse-saint-charles.fr\/WordPress3\/wp-content\/uploads\/2019\/01\/DSC_0576-e1548017995178-150x150.jpg 150w, http:\/\/paroisse-saint-charles.fr\/WordPress3\/wp-content\/uploads\/2019\/01\/DSC_0576-e1548017995178-60x60.jpg 60w, http:\/\/paroisse-saint-charles.fr\/WordPress3\/wp-content\/uploads\/2019\/01\/DSC_0576-e1548017995178-45x45.jpg 45w\" sizes=\"auto, (max-width: 150px) 100vw, 150px\" \/><\/a> <a href=\"http:\/\/paroisse-saint-charles.fr\/WordPress3\/wp-content\/uploads\/2019\/01\/DSC_0578.jpg\"><img loading=\"lazy\" decoding=\"async\" class=\"alignleft size-thumbnail wp-image-6785\" src=\"http:\/\/paroisse-saint-charles.fr\/WordPress3\/wp-content\/uploads\/2019\/01\/DSC_0578-150x150.jpg\" alt=\"DSC_0578\" width=\"150\" height=\"150\" data-id=\"6785\" srcset=\"http:\/\/paroisse-saint-charles.fr\/WordPress3\/wp-content\/uploads\/2019\/01\/DSC_0578-150x150.jpg 150w, http:\/\/paroisse-saint-charles.fr\/WordPress3\/wp-content\/uploads\/2019\/01\/DSC_0578-60x60.jpg 60w, http:\/\/paroisse-saint-charles.fr\/WordPress3\/wp-content\/uploads\/2019\/01\/DSC_0578-45x45.jpg 45w\" sizes=\"auto, (max-width: 150px) 100vw, 150px\" \/><\/a><\/p>\n","protected":false},"excerpt":{"rendered":"","protected":false},"author":6,"featured_media":0,"parent":1100,"menu_order":0,"comment_status":"closed","ping_status":"closed","template":"","meta":{"footnotes":""},"class_list":["post-6800","page","type-page","status-publish","hentry"],"_links":{"self":[{"href":"http:\/\/paroisse-saint-charles.fr\/WordPress3\/wp-json\/wp\/v2\/pages\/6800","targetHints":{"allow":["GET"]}}],"collection":[{"href":"http:\/\/paroisse-saint-charles.fr\/WordPress3\/wp-json\/wp\/v2\/pages"}],"about":[{"href":"http:\/\/paroisse-saint-charles.fr\/WordPress3\/wp-json\/wp\/v2\/types\/page"}],"author":[{"embeddable":true,"href":"http:\/\/paroisse-saint-charles.fr\/WordPress3\/wp-json\/wp\/v2\/users\/6"}],"replies":[{"embeddable":true,"href":"http:\/\/paroisse-saint-charles.fr\/WordPress3\/wp-json\/wp\/v2\/comments?post=6800"}],"version-history":[{"count":1,"href":"http:\/\/paroisse-saint-charles.fr\/WordPress3\/wp-json\/wp\/v2\/pages\/6800\/revisions"}],"predecessor-version":[{"id":6801,"href":"http:\/\/paroisse-saint-charles.fr\/WordPress3\/wp-json\/wp\/v2\/pages\/6800\/revisions\/6801"}],"up":[{"embeddable":true,"href":"http:\/\/paroisse-saint-charles.fr\/WordPress3\/wp-json\/wp\/v2\/pages\/1100"}],"wp:attachment":[{"href":"http:\/\/paroisse-saint-charles.fr\/WordPress3\/wp-json\/wp\/v2\/media?parent=6800"}],"curies":[{"name":"wp","href":"https:\/\/api.w.org\/{rel}","templated":true}]}}