{"id":71,"date":"2020-09-15T17:23:32","date_gmt":"2020-09-15T15:23:32","guid":{"rendered":"http:\/\/www.paroisse-saint-charles.fr\/?page_id=71"},"modified":"2021-09-10T21:19:19","modified_gmt":"2021-09-10T19:19:19","slug":"aumonerie-lyceens","status":"publish","type":"page","link":"http:\/\/paroisse-saint-charles.fr\/WordPress3\/aumonerie-lyceens\/","title":{"rendered":"Aum\u00f4nerie lyc\u00e9ens"},"content":{"rendered":"<p>La paroisse Saint-Charles propose une aum\u00f4nerie pour les lyc\u00e9ens :<strong> le groupe Charles de Foucauld<\/strong>.<\/p>\n<p>Il se r\u00e9unit\u00a0<strong>chaque mercredi<\/strong>\u00a0\u00e0 l\u2019\u00e9glise Saint-Charles, <strong>de 19h15 \u00e0 21h15<\/strong> pour tous les lyc\u00e9ens qui le souhaitent. Le but de chaque soir\u00e9e est de vivre ensemble un moment convivial et se suivre une formation. Voil\u00e0 une id\u00e9es des th\u00e8mes abord\u00e9s, sous forme de\u00a0modules qui se succ\u00e8dent : Ecriture sainte, vie morale, les saints dans l\u2019histoire de l\u2019Eglise, foi et Credo, apolog\u00e9tique. Tous ces th\u00e8mes sont trait\u00e9s avec<em> un axe apolog\u00e9tique<\/em>, afin d\u2019aider nos jeunes \u00e0 rendre compte de leur foi dans leur entourage.<\/p>\n<p>&nbsp;<\/p>\n<p><a href=\"http:\/\/paroisse-saint-charles.fr\/WordPress3\/wp-content\/uploads\/2021\/02\/WhatsApp-Image-2021-02-02-at-10.03.19.jpeg\"><img loading=\"lazy\" decoding=\"async\" class=\"alignright wp-image-9267\" src=\"http:\/\/paroisse-saint-charles.fr\/WordPress3\/wp-content\/uploads\/2021\/02\/WhatsApp-Image-2021-02-02-at-10.03.19.jpeg\" alt=\"\" width=\"800\" height=\"600\" data-id=\"9267\" srcset=\"http:\/\/paroisse-saint-charles.fr\/WordPress3\/wp-content\/uploads\/2021\/02\/WhatsApp-Image-2021-02-02-at-10.03.19.jpeg 1024w, http:\/\/paroisse-saint-charles.fr\/WordPress3\/wp-content\/uploads\/2021\/02\/WhatsApp-Image-2021-02-02-at-10.03.19-300x225.jpeg 300w, http:\/\/paroisse-saint-charles.fr\/WordPress3\/wp-content\/uploads\/2021\/02\/WhatsApp-Image-2021-02-02-at-10.03.19-768x576.jpeg 768w, http:\/\/paroisse-saint-charles.fr\/WordPress3\/wp-content\/uploads\/2021\/02\/WhatsApp-Image-2021-02-02-at-10.03.19-956x717.jpeg 956w\" sizes=\"auto, (max-width: 800px) 100vw, 800px\" \/><\/a><\/p>\n<p><span style=\"text-decoration: underline;\">Informations :<\/span> contactez l&rsquo;abb\u00e9 Vincent MARIE-JEANNE &#8211; 07 62 08 89 82<\/p>\n<p>&nbsp;<\/p>\n<p style=\"text-align: center;\"><span style=\"color: #ff0000;\"><a style=\"font-size: 20px; color: #ff0000;\" href=\"http:\/\/paroisse-saint-charles.fr\/WordPress3\/formulaire-dinscription-au-catechisme\/\">S&rsquo;inscrire \u00e0 l&rsquo;aum\u00f4nerie<\/a><\/span><\/p>\n","protected":false},"excerpt":{"rendered":"<p>La paroisse Saint-Charles propose une aum\u00f4nerie pour les lyc\u00e9ens : le groupe Charles de Foucauld. Il se r\u00e9unit\u00a0chaque mercredi\u00a0\u00e0 l\u2019\u00e9glise Saint-Charles, de 19h15 \u00e0 21h15 pour tous les lyc\u00e9ens qui le souhaitent. Le but de chaque soir\u00e9e est de vivre&#8230;<br \/><a class=\"read-more-button\" href=\"http:\/\/paroisse-saint-charles.fr\/WordPress3\/aumonerie-lyceens\/\">Savoir plus<\/a><\/p>\n","protected":false},"author":8,"featured_media":0,"parent":0,"menu_order":0,"comment_status":"closed","ping_status":"closed","template":"","meta":{"footnotes":""},"class_list":["post-71","page","type-page","status-publish","hentry"],"_links":{"self":[{"href":"http:\/\/paroisse-saint-charles.fr\/WordPress3\/wp-json\/wp\/v2\/pages\/71","targetHints":{"allow":["GET"]}}],"collection":[{"href":"http:\/\/paroisse-saint-charles.fr\/WordPress3\/wp-json\/wp\/v2\/pages"}],"about":[{"href":"http:\/\/paroisse-saint-charles.fr\/WordPress3\/wp-json\/wp\/v2\/types\/page"}],"author":[{"embeddable":true,"href":"http:\/\/paroisse-saint-charles.fr\/WordPress3\/wp-json\/wp\/v2\/users\/8"}],"replies":[{"embeddable":true,"href":"http:\/\/paroisse-saint-charles.fr\/WordPress3\/wp-json\/wp\/v2\/comments?post=71"}],"version-history":[{"count":21,"href":"http:\/\/paroisse-saint-charles.fr\/WordPress3\/wp-json\/wp\/v2\/pages\/71\/revisions"}],"predecessor-version":[{"id":9565,"href":"http:\/\/paroisse-saint-charles.fr\/WordPress3\/wp-json\/wp\/v2\/pages\/71\/revisions\/9565"}],"wp:attachment":[{"href":"http:\/\/paroisse-saint-charles.fr\/WordPress3\/wp-json\/wp\/v2\/media?parent=71"}],"curies":[{"name":"wp","href":"https:\/\/api.w.org\/{rel}","templated":true}]}}