{"id":7856,"date":"2020-02-14T13:54:26","date_gmt":"2020-02-14T12:54:26","guid":{"rendered":"http:\/\/www.paroisse-saint-charles.fr\/?page_id=7856"},"modified":"2020-09-11T12:45:38","modified_gmt":"2020-09-11T10:45:38","slug":"formulaire-dinscription-au-catechisme","status":"publish","type":"page","link":"http:\/\/paroisse-saint-charles.fr\/WordPress3\/formulaire-dinscription-au-catechisme\/","title":{"rendered":"Formulaire d&rsquo;inscription au cat\u00e9chisme"},"content":{"rendered":"<style>\n.lettrine {\n  font-size: 23;\n  font-weight:bold;\n  color:red;\n  font-style:normal;\n}\n<\/style>\n<p><!--Fin de modification du style--><br \/>\n<!--d\u00e9but code page--><\/p>\n<hr \/>\n<div style=\"font-family: serif; text-align:center;\">\n<strong>Bienvenue sur la page d&rsquo;inscription de votre enfant au cat\u00e9chisme. Ce formulaire est \u00e0 remplir individuellement pour chaque enfant. Une fois les donn\u00e9es valid\u00e9es vous recevrez par mail un r\u00e9capitulatif de l&rsquo;inscription de votre enfant. La paroisse recevra \u00e9galement cette notification mail. A la fin de l&rsquo;inscription vous serez redirig\u00e9 de nouveau vers le formulaire vierge.<\/strong>\n<\/div>\n<hr \/>\n<p><!--d\u00e9but formulaire--><\/p>\n<ul style=\"margin-left:-10px; padding: 20px; background-color:#BFBBB3; border-radius:10px; font-family:serif;\">\n<div class=\"wpforms-container wpforms-container-full\" id=\"wpforms-7854\"><form id=\"wpforms-form-7854\" class=\"wpforms-validate wpforms-form\" data-formid=\"7854\" method=\"post\" enctype=\"multipart\/form-data\" action=\"\/WordPress3\/wp-json\/wp\/v2\/pages\/7856\" data-token=\"dcff3a87e08af32888829233ba10c2f3\"><noscript class=\"wpforms-error-noscript\">Veuillez activer JavaScript dans votre navigateur pour remplir ce formulaire.<\/noscript><div class=\"wpforms-field-container\"><div id=\"wpforms-7854-field_17-container\" class=\"wpforms-field wpforms-field-divider\" data-field-id=\"17\"><h3 id=\"wpforms-7854-field_17\" name=\"wpforms[fields][17]\">Enfant \u00e0 inscrire :<\/h3><\/div><div id=\"wpforms-7854-field_22-container\" class=\"wpforms-field wpforms-field-select wpforms-field-select-style-classic\" data-field-id=\"22\"><label class=\"wpforms-field-label\" for=\"wpforms-7854-field_22\">Classe <span class=\"wpforms-required-label\">*<\/span><\/label><select id=\"wpforms-7854-field_22\" class=\"wpforms-field-large wpforms-field-required\" name=\"wpforms[fields][22]\" required=\"required\"><option value=\"\" ><\/option><option value=\"Grande section\" >Grande section<\/option><option value=\"CP\" >CP<\/option><option value=\"CE1\" >CE1<\/option><option value=\"CE2\" >CE2<\/option><option value=\"CM1\" >CM1<\/option><option value=\"CM2\" >CM2<\/option><option value=\"6\u00e8me\" >6\u00e8me<\/option><option value=\"5\u00e8me\" >5\u00e8me<\/option><option value=\"4\u00e8me\" >4\u00e8me<\/option><option value=\"3\u00e8me\" >3\u00e8me<\/option><option value=\"2nde\" >2nde<\/option><option value=\"1\u00e8re\" >1\u00e8re<\/option><option value=\"Terminale\" >Terminale<\/option><\/select><\/div><div id=\"wpforms-7854-field_18-container\" class=\"wpforms-field wpforms-field-name\" data-field-id=\"18\"><label class=\"wpforms-field-label\" for=\"wpforms-7854-field_18\">Nom <span class=\"wpforms-required-label\">*<\/span><\/label><div class=\"wpforms-field-row wpforms-field-large\"><div class=\"wpforms-field-row-block wpforms-first wpforms-one-half\"><input type=\"text\" id=\"wpforms-7854-field_18\" class=\"wpforms-field-name-first wpforms-field-required\" name=\"wpforms[fields][18][first]\" required><label for=\"wpforms-7854-field_18\" class=\"wpforms-field-sublabel after \">Pr\u00e9nom<\/label><\/div><div class=\"wpforms-field-row-block wpforms-one-half\"><input type=\"text\" id=\"wpforms-7854-field_18-last\" class=\"wpforms-field-name-last wpforms-field-required\" name=\"wpforms[fields][18][last]\" required><label for=\"wpforms-7854-field_18-last\" class=\"wpforms-field-sublabel after \">Nom<\/label><\/div><\/div><\/div><div id=\"wpforms-7854-field_23-container\" class=\"wpforms-field wpforms-field-text\" data-field-id=\"23\"><label class=\"wpforms-field-label\" for=\"wpforms-7854-field_23\">Ecole <span class=\"wpforms-required-label\">*<\/span><\/label><input type=\"text\" id=\"wpforms-7854-field_23\" class=\"wpforms-field-large wpforms-field-required\" name=\"wpforms[fields][23]\" required><\/div><div id=\"wpforms-7854-field_25-container\" class=\"wpforms-field wpforms-field-checkbox\" data-field-id=\"25\"><label class=\"wpforms-field-label\" for=\"wpforms-7854-field_25\">L&#039;enfant a d\u00e9j\u00e0 fait sa premi\u00e8re communion :  <span class=\"wpforms-required-label\">*<\/span><\/label><ul id=\"wpforms-7854-field_25\" class=\"wpforms-field-required\" data-choice-limit=\"1\"><li class=\"choice-1 depth-1\"><input type=\"checkbox\" id=\"wpforms-7854-field_25_1\" data-rule-check-limit=\"true\" name=\"wpforms[fields][25][]\" value=\"Oui\" required ><label class=\"wpforms-field-label-inline\" for=\"wpforms-7854-field_25_1\">Oui<\/label><\/li><li class=\"choice-2 depth-1\"><input type=\"checkbox\" id=\"wpforms-7854-field_25_2\" data-rule-check-limit=\"true\" name=\"wpforms[fields][25][]\" value=\"Non\" required ><label class=\"wpforms-field-label-inline\" for=\"wpforms-7854-field_25_2\">Non<\/label><\/li><\/ul><\/div><div id=\"wpforms-7854-field_26-container\" class=\"wpforms-field wpforms-field-checkbox\" data-field-id=\"26\"><label class=\"wpforms-field-label\" for=\"wpforms-7854-field_26\">L&#039;enfant a d\u00e9j\u00e0 fait sa confirmation : <span class=\"wpforms-required-label\">*<\/span><\/label><ul id=\"wpforms-7854-field_26\" class=\"wpforms-field-required\" data-choice-limit=\"1\"><li class=\"choice-1 depth-1\"><input type=\"checkbox\" id=\"wpforms-7854-field_26_1\" data-rule-check-limit=\"true\" name=\"wpforms[fields][26][]\" value=\"Oui\" required ><label class=\"wpforms-field-label-inline\" for=\"wpforms-7854-field_26_1\">Oui<\/label><\/li><li class=\"choice-2 depth-1\"><input type=\"checkbox\" id=\"wpforms-7854-field_26_2\" data-rule-check-limit=\"true\" name=\"wpforms[fields][26][]\" value=\"Non\" required ><label class=\"wpforms-field-label-inline\" for=\"wpforms-7854-field_26_2\">Non<\/label><\/li><\/ul><\/div><div id=\"wpforms-7854-field_27-container\" class=\"wpforms-field wpforms-field-checkbox\" data-field-id=\"27\"><label class=\"wpforms-field-label\" for=\"wpforms-7854-field_27\">L&#039;enfant a d\u00e9j\u00e0 fait sa profession de foi : <span class=\"wpforms-required-label\">*<\/span><\/label><ul id=\"wpforms-7854-field_27\" class=\"wpforms-field-required\" data-choice-limit=\"1\"><li class=\"choice-1 depth-1\"><input type=\"checkbox\" id=\"wpforms-7854-field_27_1\" data-rule-check-limit=\"true\" name=\"wpforms[fields][27][]\" value=\"Oui\" required ><label class=\"wpforms-field-label-inline\" for=\"wpforms-7854-field_27_1\">Oui<\/label><\/li><li class=\"choice-2 depth-1\"><input type=\"checkbox\" id=\"wpforms-7854-field_27_2\" data-rule-check-limit=\"true\" name=\"wpforms[fields][27][]\" value=\"Non\" required ><label class=\"wpforms-field-label-inline\" for=\"wpforms-7854-field_27_2\">Non<\/label><\/li><\/ul><\/div><div id=\"wpforms-7854-field_2-container\" class=\"wpforms-field wpforms-field-name\" data-field-id=\"2\"><label class=\"wpforms-field-label\" for=\"wpforms-7854-field_2\">Nom d&#039;un des deux parents <span class=\"wpforms-required-label\">*<\/span><\/label><div class=\"wpforms-field-row wpforms-field-large\"><div class=\"wpforms-field-row-block wpforms-first wpforms-one-half\"><input type=\"text\" id=\"wpforms-7854-field_2\" class=\"wpforms-field-name-first wpforms-field-required\" name=\"wpforms[fields][2][first]\" required><label for=\"wpforms-7854-field_2\" class=\"wpforms-field-sublabel after \">Pr\u00e9nom<\/label><\/div><div class=\"wpforms-field-row-block wpforms-one-half\"><input type=\"text\" id=\"wpforms-7854-field_2-last\" class=\"wpforms-field-name-last wpforms-field-required\" name=\"wpforms[fields][2][last]\" required><label for=\"wpforms-7854-field_2-last\" class=\"wpforms-field-sublabel after \">Nom<\/label><\/div><\/div><\/div><div id=\"wpforms-7854-field_4-container\" class=\"wpforms-field wpforms-field-phone\" data-field-id=\"4\"><label class=\"wpforms-field-label\" for=\"wpforms-7854-field_4\">T\u00e9l\u00e9phone <span class=\"wpforms-required-label\">*<\/span><\/label><input type=\"tel\" id=\"wpforms-7854-field_4\" class=\"wpforms-field-large wpforms-field-required wpforms-smart-phone-field\" data-rule-smart-phone-field=\"true\" name=\"wpforms[fields][4]\" required><\/div><div id=\"wpforms-7854-field_3-container\" class=\"wpforms-field wpforms-field-email\" data-field-id=\"3\"><label class=\"wpforms-field-label\" for=\"wpforms-7854-field_3\">E-mail <span class=\"wpforms-required-label\">*<\/span><\/label><input type=\"email\" id=\"wpforms-7854-field_3\" class=\"wpforms-field-large wpforms-field-required\" name=\"wpforms[fields][3]\" required><\/div><div id=\"wpforms-7854-field_38-container\" class=\"wpforms-field wpforms-field-textarea\" data-field-id=\"38\"><label class=\"wpforms-field-label\" for=\"wpforms-7854-field_38\">Votre enfant a-t-il besoin d&#039;un livre de cat\u00e9chisme ? Si oui, lequel ?<\/label><textarea id=\"wpforms-7854-field_38\" class=\"wpforms-field-medium\" name=\"wpforms[fields][38]\" ><\/textarea><div class=\"wpforms-field-description\">CE1 : Notre P\u00e8re du Ciel, CE2-CM1-CM2 : Cat\u00e9chisme rouge, 6e : Lumi\u00e8re du monde<\/div><\/div><\/div><div class=\"wpforms-recaptcha-container\" ><div class=\"g-recaptcha\" data-sitekey=\"6LeUyqUZAAAAANVzcGhdaUnC8zgX7gXjFn-K6B8v\"><\/div><input type=\"text\" name=\"g-recaptcha-hidden\" class=\"wpforms-recaptcha-hidden\" style=\"position:absolute!important;clip:rect(0,0,0,0)!important;height:1px!important;width:1px!important;border:0!important;overflow:hidden!important;padding:0!important;margin:0!important;\" required><\/div><div class=\"wpforms-submit-container\" ><input type=\"hidden\" name=\"wpforms[id]\" value=\"7854\"><input type=\"hidden\" name=\"wpforms[author]\" value=\"9\"><button type=\"submit\" name=\"wpforms[submit]\" class=\"wpforms-submit centrerboutton\" id=\"wpforms-submit-7854\" value=\"wpforms-submit\" aria-live=\"assertive\" data-alt-text=\"Envoi...\" data-submit-text=\"Valider la totalit\u00e9 des informations saisies\">Valider la totalit\u00e9 des informations saisies<\/button><\/div><\/form><\/div>  <!-- .wpforms-container -->\n<\/ul>\n","protected":false},"excerpt":{"rendered":"<p>Bienvenue sur la page d&rsquo;inscription de votre enfant au cat\u00e9chisme. Ce formulaire est \u00e0 remplir individuellement pour chaque enfant. Une fois les donn\u00e9es valid\u00e9es vous recevrez par mail un r\u00e9capitulatif de l&rsquo;inscription de votre enfant. La paroisse recevra \u00e9galement cette&#8230;<br \/><a class=\"read-more-button\" href=\"http:\/\/paroisse-saint-charles.fr\/WordPress3\/formulaire-dinscription-au-catechisme\/\">Savoir plus<\/a><\/p>\n","protected":false},"author":9,"featured_media":0,"parent":0,"menu_order":0,"comment_status":"closed","ping_status":"closed","template":"template-full-width.php","meta":{"footnotes":""},"class_list":["post-7856","page","type-page","status-publish","hentry"],"_links":{"self":[{"href":"http:\/\/paroisse-saint-charles.fr\/WordPress3\/wp-json\/wp\/v2\/pages\/7856","targetHints":{"allow":["GET"]}}],"collection":[{"href":"http:\/\/paroisse-saint-charles.fr\/WordPress3\/wp-json\/wp\/v2\/pages"}],"about":[{"href":"http:\/\/paroisse-saint-charles.fr\/WordPress3\/wp-json\/wp\/v2\/types\/page"}],"author":[{"embeddable":true,"href":"http:\/\/paroisse-saint-charles.fr\/WordPress3\/wp-json\/wp\/v2\/users\/9"}],"replies":[{"embeddable":true,"href":"http:\/\/paroisse-saint-charles.fr\/WordPress3\/wp-json\/wp\/v2\/comments?post=7856"}],"version-history":[{"count":23,"href":"http:\/\/paroisse-saint-charles.fr\/WordPress3\/wp-json\/wp\/v2\/pages\/7856\/revisions"}],"predecessor-version":[{"id":8964,"href":"http:\/\/paroisse-saint-charles.fr\/WordPress3\/wp-json\/wp\/v2\/pages\/7856\/revisions\/8964"}],"wp:attachment":[{"href":"http:\/\/paroisse-saint-charles.fr\/WordPress3\/wp-json\/wp\/v2\/media?parent=7856"}],"curies":[{"name":"wp","href":"https:\/\/api.w.org\/{rel}","templated":true}]}}