{"id":97,"date":"2014-08-20T20:28:13","date_gmt":"2014-08-20T20:28:13","guid":{"rendered":"http:\/\/www.paroisse-saint-charles.fr\/?page_id=97"},"modified":"2024-12-04T20:14:43","modified_gmt":"2024-12-04T19:14:43","slug":"histoire-eglise-saint-charles-marseille","status":"publish","type":"page","link":"http:\/\/paroisse-saint-charles.fr\/WordPress3\/histoire-eglise-saint-charles-marseille\/","title":{"rendered":"Histoire de l&rsquo;\u00e9glise Saint-Charles \u00e0 Marseille"},"content":{"rendered":"<h4 style=\"text-align: justify;\"><\/h4>\n<p><img loading=\"lazy\" decoding=\"async\" class=\"aligncenter wp-image-6 size-large\" src=\"http:\/\/paroisse-saint-charles.fr\/WordPress3\/wp-content\/uploads\/2014\/08\/St_Charles-1024x768.jpg\" alt=\"\" width=\"628\" height=\"471\" data-id=\"6\" srcset=\"http:\/\/paroisse-saint-charles.fr\/WordPress3\/wp-content\/uploads\/2014\/08\/St_Charles-1024x768.jpg 1024w, http:\/\/paroisse-saint-charles.fr\/WordPress3\/wp-content\/uploads\/2014\/08\/St_Charles-300x225.jpg 300w\" sizes=\"auto, (max-width: 628px) 100vw, 628px\" \/><\/p>\n<h4 style=\"text-align: justify;\"><strong><span style=\"color: #333399;\">Historique de l&rsquo;\u00e9glise Saint-Charles Borrom\u00e9e<\/span><\/strong><\/h4>\n<p style=\"text-align: justify;\">Il existait avant 1789 deux lieux de culte dans le quartier : l&rsquo;\u00e9glise du couvent des Picpus, \u00e0 l&#8217;emplacement de l&rsquo;annexe du Palais de justice, victime du vandalisme r\u00e9volutionnaire, et l&rsquo;abbaye Saint-Victor.<\/p>\n<p style=\"text-align: justify;\">Au r\u00e9tablissement du culte en 1801, toute la rive sud du Vieux Port d\u00e9pendait donc de la paroisse Saint-Victor, dont le territoire \u00e9tait trop \u00e9tendu, l&rsquo;\u00e9glise trop petite et d&rsquo;autant plus malcommode qu&rsquo;elle se trouvait \u00e0 l&rsquo;extr\u00e9mit\u00e9 de la ville d&rsquo;alors. Il devint donc n\u00e9cessaire de construire une nouvelle \u00e9glise.<\/p>\n<p style=\"text-align: justify;\">La difficult\u00e9 de trouver un terrain dans ce quartier alors r\u00e9sidentiel a impos\u00e9 d&rsquo;abord d&rsquo;am\u00e9nager une modeste chapelle dans deux magasins situ\u00e9s \u00e0 l&rsquo;angle des rues Breteuil et Grignan. Cette chapelle \u00e9tait d\u00e9di\u00e9e \u00e0 Saint J\u00e9r\u00f4me, pr\u00e9nom de l&rsquo;\u00e9v\u00eaque d&rsquo;alors, Mgr J\u00e9r\u00f4me Champion de Cic\u00e9 (1802-1810).<\/p>\n<p style=\"text-align: justify;\">L&rsquo;\u00e9glise actuelle a \u00e9t\u00e9 construite de 1826 \u00e0 1834 par Mouren et Guieu, entrepreneurs, le premier \u00e9tant consid\u00e9r\u00e9 \u00e9galement comme l&rsquo;architecte, et consacr\u00e9e le 3 novembre 1828, f\u00eate de Saint Charles, par Mgr Charles Fortun\u00e9 de Mazenod, sous le patronage de Saint Charles Borrom\u00e9e, cardinal-archev\u00eaque de Milan (1538-1584). Elle est d\u00e9sign\u00e9e sous le nom de Saint-Charles intra muros, l&rsquo;\u00e9glise Saint-Charles extra muros \u00e9tant celle de la Belle de Mai.<br \/>\nLes fonds n\u00e9cessaires \u00e0 la construction ont \u00e9t\u00e9 fournis par des souscriptions des fid\u00e8les, des subventions municipales et un emprunt.<\/p>\n<p style=\"text-align: justify;\">Des r\u00e9parations seront n\u00e9cessaires d\u00e8s 1843, des l\u00e9zardes \u00e9tant apparues dans les vo\u00fbtes \u00e0 cause de l&rsquo;instabilit\u00e9 du sol.<br \/>\nEn 1850, les piliers soutenant la coupole seront recouverts de marbre. Ce rev\u00eatement sera compl\u00e9t\u00e9 en 1868. Il est l&rsquo;\u0153uvre du marbrier Cantini. Les travaux ont \u00e9t\u00e9 effectu\u00e9s sous la surveillance de Condamin et Verdier, ing\u00e9nieurs-architectes.<\/p>\n<p style=\"text-align: justify;\">La paroisse Saint-Charles \u00e9tait le si\u00e8ge de la d\u00e9votion \u00e0 Notre Dame des Malades, \u00e9tablie en 1858 par l&rsquo;abb\u00e9 Guiol, cur\u00e9, qui implanta cette ann\u00e9e l&rsquo;archiconfr\u00e9rie Notre Dame des Malades, fond\u00e9e peu auparavant \u00e0 Paris. Chaque samedi, une messe \u00e9tait c\u00e9l\u00e9br\u00e9e \u00e0 l&rsquo;autel de la Vierge et des pri\u00e8res \u00e9taient dites \u00e0 l&rsquo;intention des malades recommand\u00e9s. Cette d\u00e9votion a disparu au milieu du XX\u00e8me si\u00e8cle.<\/p>\n<p style=\"text-align: justify;\">C&rsquo;est \u00e0 Saint-Charles que le jeune Marcel Pagnol re\u00e7ut le bapt\u00eame en avril 1898.<br \/>\nC&rsquo;est \u00e9galement sur le territoire de la paroisse que mourut le Bienheureux Fr\u00e9d\u00e9ric Ozanam en 1853. Une plaque comm\u00e9morative plac\u00e9e pr\u00e8s des fonts baptismaux rappelle cet \u00e9v\u00e8nement.<\/p>\n<h4 style=\"text-align: justify;\"><strong><span style=\"color: #333399;\">Description\u00a0de l&rsquo;\u00e9glise Saint-Charles Borrom\u00e9e<\/span><\/strong><\/h4>\n<p style=\"text-align: justify;\">Pour mieux appr\u00e9cier cette visite guid\u00e9e de l&rsquo;\u00e9glise Saint-Charles, nous vous invitons \u00e0 naviguer en parall\u00e8le <a href=\"http:\/\/www.hdmedia.fr\/v\/v\/cbpQcp3Tc-eglise-st-charles.html\" target=\"_blank\" rel=\"noopener\">sur la vision\u00a0360\u00b0 de son int\u00e9rieur<\/a> (remerciements \u00e0 M. Chenoz).<\/p>\n<p style=\"text-align: justify;\"><a href=\"http:\/\/www.hdmedia.fr\/v\/v\/cbpQcp3Tc-eglise-st-charles.html\"><img loading=\"lazy\" decoding=\"async\" class=\"alignnone wp-image-200 size-full\" src=\"http:\/\/paroisse-saint-charles.fr\/WordPress3\/wp-content\/uploads\/2014\/08\/eglise_st_charles-2011.jpg\" alt=\"Eglise Saint Charles 360\" width=\"630\" height=\"270\" data-id=\"200\" srcset=\"http:\/\/paroisse-saint-charles.fr\/WordPress3\/wp-content\/uploads\/2014\/08\/eglise_st_charles-2011.jpg 630w, http:\/\/paroisse-saint-charles.fr\/WordPress3\/wp-content\/uploads\/2014\/08\/eglise_st_charles-2011-300x128.jpg 300w, http:\/\/paroisse-saint-charles.fr\/WordPress3\/wp-content\/uploads\/2014\/08\/eglise_st_charles-2011-600x257.jpg 600w\" sizes=\"auto, (max-width: 630px) 100vw, 630px\" \/><\/a><\/p>\n<p style=\"text-align: justify;\">Il semble que le plan centr\u00e9 de l&rsquo;\u00e9glise soit inspir\u00e9 de celui de l&rsquo;\u00e9glise des Picpus dont nous avons parl\u00e9, consacr\u00e9e en 1749, d\u00e9truite \u00e0 la R\u00e9volution mais dont les ruines subsistaient au d\u00e9but du XIX\u00e8me si\u00e8cle.<\/p>\n<p style=\"text-align: justify;\"><span style=\"color: #333399;\"><strong><img loading=\"lazy\" decoding=\"async\" class=\"alignleft wp-image-203\" src=\"http:\/\/paroisse-saint-charles.fr\/WordPress3\/wp-content\/uploads\/2014\/08\/Facade_Saint_Charles-239x300.jpg\" alt=\"Facade Saint Charles\" width=\"216\" height=\"271\" data-id=\"203\" srcset=\"http:\/\/paroisse-saint-charles.fr\/WordPress3\/wp-content\/uploads\/2014\/08\/Facade_Saint_Charles-239x300.jpg 239w, http:\/\/paroisse-saint-charles.fr\/WordPress3\/wp-content\/uploads\/2014\/08\/Facade_Saint_Charles.jpg 250w\" sizes=\"auto, (max-width: 216px) 100vw, 216px\" \/>La fa\u00e7ade :<\/strong><\/span><\/p>\n<p style=\"text-align: justify;\">D&rsquo;un classicisme tr\u00e8s sobre, la partie basse comporte quatre colonnes engag\u00e9es de style ionique. Elle est s\u00e9par\u00e9e de la partie sup\u00e9rieure par un puissant entablement portant l&rsquo;inscription d\u00e9dicatoire : \u00ab\u00a0\u00e0 Dieu tr\u00e8s bon et tr\u00e8s grand sous l&rsquo;invocation de Saint Charles Borrom\u00e9e, \u00e9v\u00eaque et confesseur. 1828\u00a0\u00bb.<\/p>\n<p style=\"text-align: justify;\">La partie sup\u00e9rieure est une copie presque conforme de celle de l&rsquo;\u00e9glise des Chartreux, \u00e9difi\u00e9e en 1680. Elle comporte quatre pilastres d&rsquo;ordre corinthien entourant une fen\u00eatre cintr\u00e9e, le tout coiff\u00e9 d&rsquo;un fronton triangulaire surmont\u00e9 d&rsquo;une croix, et encadr\u00e9 de deux ailerons \u00e9troits.<\/p>\n<p style=\"text-align: justify;\">Le c\u00f4t\u00e9 donnant sur la rue Breteuil n&rsquo;a pour sa part re\u00e7u aucun d\u00e9cor.<\/p>\n<p style=\"text-align: justify;\">Toujours \u00e0 l&rsquo;ext\u00e9rieur, mais invisible depuis la rue, un minuscule clocher donne sur une cour priv\u00e9e situ\u00e9e \u00e0 l&rsquo;arri\u00e8re de l&rsquo;\u00e9glise. Ses trois petites cloches, toujours sonn\u00e9es manuellement, sont loin d&rsquo;avoir un volume sonore suffisant pour concurrencer celui de la circulation automobile.<\/p>\n<p style=\"text-align: justify;\"><strong><span style=\"color: #333399;\">L&rsquo;int\u00e9rieur :<\/span><\/strong><\/p>\n<p style=\"text-align: justify;\">L&rsquo;\u00e9glise est \u00e9difi\u00e9e suivant un plan en croix grecque, prolong\u00e9e par un sanctuaire peu profond. Au centre s&rsquo;\u00e9l\u00e8ve une coupole sans tambour, \u00e9clair\u00e9e par un petit oculus. Autour de la nef, au-dessus des colonnes aux chapiteaux composites, court une \u00e9l\u00e9gante corniche. Aux quatre angles de l&rsquo;\u00e9glise se trouvent quatre coupoles aplaties, tandis que les bras de la croix form\u00e9e par le b\u00e2timent sont couverts de vo\u00fbtes en plein ceintre. L&rsquo;abside \u00e0 cinq pans est couverte d&rsquo;une demi-coupole, per\u00e7\u00e9e en son sommet d&rsquo;un petit oculus.<\/p>\n<p style=\"text-align: justify;\">Les murs et plafonds sont int\u00e9gralement peints de fresques \u00e0 d\u00e9cors g\u00e9om\u00e9triques ou floraux, sauf les \u00e9coin\u00e7ons de la coupole principale qui portent les armoiries des papes et \u00e9v\u00eaques ayant r\u00e9gn\u00e9 \u00e0 l&rsquo;\u00e9poque de la construction de l&rsquo;\u00e9glise : dans le sens horaire, en commen\u00e7ant au-dessus de la chaire, L\u00e9on XIII (pape de 1878 \u00e0 1903), Saint Charles, Mgr Louis Robert (\u00e9v\u00eaque de Marseille de 1878 \u00e0 1900), Saint Eug\u00e8ne de Mazenod (\u00e9v\u00eaque de Marseille de 1837 \u00e0 1861).<\/p>\n<p style=\"text-align: justify;\"><img loading=\"lazy\" decoding=\"async\" class=\"alignleft size-thumbnail wp-image-193\" src=\"http:\/\/paroisse-saint-charles.fr\/WordPress3\/wp-content\/uploads\/2014\/08\/Blason-150x150.jpg\" alt=\"Blason Saint Charles\" width=\"150\" height=\"150\" data-id=\"193\" srcset=\"http:\/\/paroisse-saint-charles.fr\/WordPress3\/wp-content\/uploads\/2014\/08\/Blason-150x150.jpg 150w, http:\/\/paroisse-saint-charles.fr\/WordPress3\/wp-content\/uploads\/2014\/08\/Blason-60x60.jpg 60w\" sizes=\"auto, (max-width: 150px) 100vw, 150px\" \/>La d\u00e9coration en marbre du sol s&rsquo;organise autour de <span style=\"text-decoration: underline;\">la mosa\u00efque centrale repr\u00e9sentant le blason de Saint Charles Borrom\u00e9e<\/span> reprenant le d\u00e9cor de la coupole. Le m\u00eame dispositif est repris sous les quatre coupoles d&rsquo;angle.<\/p>\n<p style=\"text-align: justify;\">Cinq petits tableaux d\u00e9crits comme assez m\u00e9diocres orn\u00e8rent initialement le choeur. En 1837, le gouvernement attribua \u00e0 l&rsquo;\u00e9glise \u00ab\u00a0L&rsquo;adoration des Mages\u00a0\u00bb peinte par Jean-Joseph Dassy (1796-1865) en 1836 \u00e0 Rome et expos\u00e9e au Salon de 1837.<br \/>\nComme ses dimensions ne correspondaient pas \u00e0 celles des autres toiles rest\u00e9es en place, quatre autres toiles furent command\u00e9es en 1838 \u00e0 Augustin Aubert (1781-1857) repr\u00e9sentant \u00ab\u00a0la Crucifixion\u00a0\u00bb, \u00ab\u00a0la R\u00e9surrection\u00a0\u00bb, \u00ab\u00a0l&rsquo;Ascension\u00a0\u00bb et \u00ab\u00a0la Transfiguration\u00a0\u00bb.<br \/>\nLes autres tableaux de l&rsquo;\u00e9glise ne sont pas document\u00e9s. Il s&rsquo;agit d&rsquo;un \u00ab\u00a0Bapt\u00eame du Christ\u00a0\u00bb en mauvais \u00e9tat, plac\u00e9 au-dessus des fonts baptismaux, et d&rsquo;un \u00ab\u00a0Christ aux outrages\u00a0\u00bb \u00e0 droite de l&rsquo;autel de Saint Charles, au-dessus du monument de Sainte Th\u00e9r\u00e8se de Lisieux.<\/p>\n<p style=\"text-align: justify;\">La statue de la Vierge, dite Notre Dame des Malades, surmontant l&rsquo;autel qui lui est d\u00e9di\u00e9 dans la nef de gauche, est une oeuvre en carton-pierre d&rsquo;Honor\u00e9 Coder (1784-1845). Sont attribu\u00e9es au m\u00eame artiste les statues de Saint Joseph (face \u00e0 l&rsquo;autel de la Vierge) et de Saint Charles (au fond \u00e0 droite) plac\u00e9es au-dessus des autels d\u00e9di\u00e9s \u00e0 ces saints.<\/p>\n<p style=\"text-align: justify;\">La chapelle situ\u00e9e au fond \u00e0 gauche est d\u00e9di\u00e9e au Sacr\u00e9-Coeur.<\/p>\n<p style=\"text-align: justify;\">Oeuvre principale de cette \u00e9glise, le ma\u00eetre-autel a \u00e9t\u00e9 r\u00e9alis\u00e9 en 1891 par Jules Cantini, d&rsquo;apr\u00e8s celui de la chapelle des Bernardines r\u00e9alis\u00e9 en 1756 par Dominique Fossaty et que l&rsquo;on peut admirer aujourd&rsquo;hui \u00e0 l&rsquo;\u00e9glise Saint Cannat.<br \/>\nLe tombeau de marbre est orn\u00e9 d&rsquo;incrustation de jaune de Sienne et porte aux angles deux t\u00eates d&rsquo;anges. Quatre colonnes de marbre rouge portent une frise, \u00e9galement de marbre, surmont\u00e9e d&rsquo;un spectaculaire couronnement de bois dor\u00e9 et peint. Le crucifix surmontant le tabernacle, scell\u00e9 dans celui-ci, est en bronze dor\u00e9.<\/p>\n<p style=\"text-align: justify;\"><img loading=\"lazy\" decoding=\"async\" class=\"alignleft wp-image-198 size-thumbnail\" src=\"http:\/\/paroisse-saint-charles.fr\/WordPress3\/wp-content\/uploads\/2014\/08\/Photo-St-Charles-032-150x150.jpg\" alt=\"Photo-St-Charles-032\" width=\"150\" height=\"150\" data-id=\"198\" srcset=\"http:\/\/paroisse-saint-charles.fr\/WordPress3\/wp-content\/uploads\/2014\/08\/Photo-St-Charles-032-150x150.jpg 150w, http:\/\/paroisse-saint-charles.fr\/WordPress3\/wp-content\/uploads\/2014\/08\/Photo-St-Charles-032-60x60.jpg 60w\" sizes=\"auto, (max-width: 150px) 100vw, 150px\" \/>Un ph\u00e9nom\u00e8ne particulier et sans doute volontairement calcul\u00e9 se produit aux environs de No\u00ebl vers 11h15, soit au moment de la cons\u00e9cration de la messe de 10h30, lorsqu&rsquo;un rayon de soleil, ayant travers\u00e9 le vitrail situ\u00e9 au-dessus de l&rsquo;orgue, vient \u00e9clairer directement <span style=\"text-decoration: underline;\">le tabernacle<\/span>.<\/p>\n<p style=\"text-align: justify;\">Les quatre autels secondaires sont \u00e9galement de marbre, ainsi que les retables qui les surmontent.<\/p>\n<p style=\"text-align: justify;\">La chaire a \u00e9t\u00e9 r\u00e9alis\u00e9e \u00e0 la fin du XIX\u00e8me si\u00e8cle d&rsquo;apr\u00e8s un mod\u00e8le de l&rsquo;architecte d&rsquo;origine toulonnaise Gaudensi Allar. Elle est en bois, avec une cuve \u00e0 cinq pans, orn\u00e9e de panneaux \u00e9maill\u00e9s repr\u00e9senant le Christ et les symboles des quatre \u00e9vang\u00e9listes, entour\u00e9s de colombes, de fleurs et de fruits.<\/p>\n<p style=\"text-align: justify;\"><img loading=\"lazy\" decoding=\"async\" class=\"alignleft wp-image-196 size-thumbnail\" src=\"http:\/\/paroisse-saint-charles.fr\/WordPress3\/wp-content\/uploads\/2014\/08\/Photo-St-Charles-043-150x150.jpg\" alt=\"Photo-St-Charles-043\" width=\"150\" height=\"150\" data-id=\"196\" srcset=\"http:\/\/paroisse-saint-charles.fr\/WordPress3\/wp-content\/uploads\/2014\/08\/Photo-St-Charles-043-150x150.jpg 150w, http:\/\/paroisse-saint-charles.fr\/WordPress3\/wp-content\/uploads\/2014\/08\/Photo-St-Charles-043-60x60.jpg 60w\" sizes=\"auto, (max-width: 150px) 100vw, 150px\" \/>Du XX\u00e8me si\u00e8cle, on notera les statues de Saint Yves, patron des gens de loi, \u00e0 c\u00f4t\u00e9 de la chaire (le Palais de justice est tout proche), et de Saint Antoine de Padoue, oeuvre de Louis Castex (1868-1954), contre le pilier oppos\u00e9. A c\u00f4t\u00e9 de la statue de Saint Antoine se trouve <span style=\"text-decoration: underline;\">une belle statue repr\u00e9sentant le Christ aux outrages<\/span>, rappelant la sc\u00e8ne de la Passion o\u00f9 les soldats romains, l&rsquo;ayant d\u00e9pouill\u00e9 de ses v\u00eatements, couvert d&rsquo;un manteau et couronn\u00e9 d&rsquo;\u00e9pines, lui crach\u00e8rent dessus en se moquant de lui.<\/p>\n<p style=\"text-align: justify;\">L&rsquo;orgue de tribune a \u00e9t\u00e9 construit en 1859 par Aristide Cavaill\u00e9-Coll dans un buffet neuf de style Louis XV. Il a \u00e9t\u00e9 harmonis\u00e9 par Vincent Cavaill\u00e9-Coll, fr\u00e8re d&rsquo;Aristide, et comprenait \u00e0 l&rsquo;origine 24 jeux sur 2 claviers et p\u00e9dalier avec machine Barker. Il a co\u00fbt\u00e9 38000 francs.<br \/>\nLe concert d&rsquo;inauguration, par Louis Lef\u00e9bure-W\u00e9ly, eut lieu le 18 avril 1859.<br \/>\nCet instrument a \u00e9t\u00e9 restaur\u00e9 par le marseillais Fran\u00e7ois Mader en 1883, par Charles Mutin en 1900, par l&rsquo;entreprise Michel Merklin et Kuhn en 1933 (remplacement de la console, les claviers \u00e9tant port\u00e9s de 54 \u00e0 56 notes et le p\u00e9dalier de 27 \u00e0 30). En 1971, Ren\u00e9 Renevier a restaur\u00e9 la machine Barker. En 2005, Sals et Henry ont restaur\u00e9 la soufflerie et en 2010, Fran\u00e7ois Delange a install\u00e9 deux ventilateurs neufs.<br \/>\nLa partie instrumentale a \u00e9t\u00e9 class\u00e9e monument historique le 26 octobre 1982. Le principe d&rsquo;une restauration compl\u00e8te a \u00e9t\u00e9 vot\u00e9 en d\u00e9cembre 2002 mais elle ne pourra intervenir qu&rsquo;apr\u00e8s celle de l&rsquo;int\u00e9rieur de l&rsquo;\u00e9glise.<\/p>\n<p style=\"text-align: justify;\">L&rsquo;orgue de ch\u0153ur, situ\u00e9 derri\u00e8re l&rsquo;autel, a \u00e9t\u00e9 construit par Fran\u00e7ois Mader en 1883. Il n&rsquo;\u00e9tait plus utilisable jusqu&rsquo;\u00e0 sa restauration en 2016. De part et d&rsquo;autre, on peut voir deux rang\u00e9es de stalles r\u00e9alis\u00e9es dans un bois sombre, adoss\u00e9es \u00e0 de grands panneaux de boiseries, sobrement sculpt\u00e9s d&rsquo;\u00e9l\u00e9ments architecturaux.<\/p>\n<p style=\"text-align: justify;\">Outre l&rsquo;orgue, ont \u00e9t\u00e9 class\u00e9s monuments historiques au titre objet : le ma\u00eetre autel et son crucifix, les cinq tableaux du ch\u0153ur, la chaire, les statues de la Sainte Vierge, de Saint Joseph, de Saint Charles, de Saint Antoine et de Saint Yves.<\/p>\n<p style=\"text-align: justify;\">L&rsquo;\u00e9glise Saint-Charles, \u00e9difice peu connu et peu \u00e9tudi\u00e9, laiss\u00e9 \u00e0 l&rsquo;\u00e9cart des circuits touristiques bien que proche du Vieux Port, m\u00e9rite du fait de ses qualit\u00e9s artistiques une plus grande attention. Riche d&rsquo;un ensemble mobilier d&rsquo;un particulier int\u00e9r\u00eat intact depuis sa construction, elle pr\u00e9sente en outre un style et un d\u00e9cor n\u00e9o baroque uniques dans notre ville.<\/p>\n<p style=\"text-align: justify;\">Affect\u00e9e depuis quelques ann\u00e9es, par d\u00e9cision de l&rsquo;archev\u00eaque de Marseille, \u00e0 la c\u00e9l\u00e9bration du rite romain dans sa forme extraordinaire (messe dite de Saint Pie V), elle demeure ouverte \u00e0 toux ceux, paroissiens, fid\u00e8les de passage ou simples curieux, d\u00e9sireux d&rsquo;y trouver les richesses de la Foi aussi bien que celles de l&rsquo;art destin\u00e9 \u00e0 l&rsquo;exprimer et \u00e0 l&rsquo;exalter.<\/p>\n<p style=\"text-align: justify;\"><strong><em>Sources :<\/em><\/strong><\/p>\n<p style=\"text-align: justify;\">Jacqueline Magne et Christian Cr\u00e8s : \u00ab\u00a0Marseille, Eglises et Art Sacr\u00e9\u00a0\u00bb, \u00e9ditions AGEP, 1991.<br \/>\nJean-Robert Cain, article \u00ab\u00a0Le grand orgue Cavaill\u00e9-Coll de Saint Charles IM\u00a0\u00bb, site internet du dioc\u00e8se de Marseille \u00ab\u00a0marseille.catholique.fr\u00a0\u00bb le 15 juillet 2012.<br \/>\nR\u00e9gis Bertrand et Jean-Michel Sanchez, article paru sur le blog \u00ab\u00a0Sancarlo\u00a0\u00bb le 3 mars 2007.<br \/>\nWikip\u00e9dia.<\/p>\n","protected":false},"excerpt":{"rendered":"<p>Historique de l&rsquo;\u00e9glise Saint-Charles Borrom\u00e9e Il existait avant 1789 deux lieux de culte dans le quartier : l&rsquo;\u00e9glise du couvent des Picpus, \u00e0 l&#8217;emplacement de l&rsquo;annexe du Palais de justice, victime du vandalisme r\u00e9volutionnaire, et l&rsquo;abbaye Saint-Victor. Au r\u00e9tablissement du&#8230;<br \/><a class=\"read-more-button\" href=\"http:\/\/paroisse-saint-charles.fr\/WordPress3\/histoire-eglise-saint-charles-marseille\/\">Savoir plus<\/a><\/p>\n","protected":false},"author":2,"featured_media":0,"parent":0,"menu_order":0,"comment_status":"closed","ping_status":"open","template":"","meta":{"footnotes":""},"class_list":["post-97","page","type-page","status-publish","hentry"],"_links":{"self":[{"href":"http:\/\/paroisse-saint-charles.fr\/WordPress3\/wp-json\/wp\/v2\/pages\/97","targetHints":{"allow":["GET"]}}],"collection":[{"href":"http:\/\/paroisse-saint-charles.fr\/WordPress3\/wp-json\/wp\/v2\/pages"}],"about":[{"href":"http:\/\/paroisse-saint-charles.fr\/WordPress3\/wp-json\/wp\/v2\/types\/page"}],"author":[{"embeddable":true,"href":"http:\/\/paroisse-saint-charles.fr\/WordPress3\/wp-json\/wp\/v2\/users\/2"}],"replies":[{"embeddable":true,"href":"http:\/\/paroisse-saint-charles.fr\/WordPress3\/wp-json\/wp\/v2\/comments?post=97"}],"version-history":[{"count":21,"href":"http:\/\/paroisse-saint-charles.fr\/WordPress3\/wp-json\/wp\/v2\/pages\/97\/revisions"}],"predecessor-version":[{"id":10687,"href":"http:\/\/paroisse-saint-charles.fr\/WordPress3\/wp-json\/wp\/v2\/pages\/97\/revisions\/10687"}],"wp:attachment":[{"href":"http:\/\/paroisse-saint-charles.fr\/WordPress3\/wp-json\/wp\/v2\/media?parent=97"}],"curies":[{"name":"wp","href":"https:\/\/api.w.org\/{rel}","templated":true}]}}