{"id":10475,"date":"2024-08-12T10:13:25","date_gmt":"2024-08-12T08:13:25","guid":{"rendered":"http:\/\/paroisse-saint-charles.fr\/WordPress3\/?page_id=10475"},"modified":"2025-02-08T21:23:17","modified_gmt":"2025-02-08T20:23:17","slug":"art","status":"publish","type":"page","link":"https:\/\/paroisse-saint-charles.fr\/WordPress3\/art\/","title":{"rendered":"Exposition \u00ab\u00a0Le regard de Dieu\u00a0\u00bb"},"content":{"rendered":"<p><a href=\"http:\/\/paroisse-saint-charles.fr\/WordPress3\/wp-content\/uploads\/2024\/12\/Exposition-Le-regard-de-Dieu.png\"><img loading=\"lazy\" decoding=\"async\" class=\" wp-image-10684 aligncenter\" src=\"http:\/\/paroisse-saint-charles.fr\/WordPress3\/wp-content\/uploads\/2024\/12\/Exposition-Le-regard-de-Dieu-236x300.png\" alt=\"\" width=\"392\" height=\"499\" data-id=\"10684\" srcset=\"https:\/\/paroisse-saint-charles.fr\/WordPress3\/wp-content\/uploads\/2024\/12\/Exposition-Le-regard-de-Dieu-236x300.png 236w, https:\/\/paroisse-saint-charles.fr\/WordPress3\/wp-content\/uploads\/2024\/12\/Exposition-Le-regard-de-Dieu-804x1024.png 804w, https:\/\/paroisse-saint-charles.fr\/WordPress3\/wp-content\/uploads\/2024\/12\/Exposition-Le-regard-de-Dieu-768x978.png 768w, https:\/\/paroisse-saint-charles.fr\/WordPress3\/wp-content\/uploads\/2024\/12\/Exposition-Le-regard-de-Dieu-1207x1536.png 1207w, https:\/\/paroisse-saint-charles.fr\/WordPress3\/wp-content\/uploads\/2024\/12\/Exposition-Le-regard-de-Dieu-956x1217.png 956w, https:\/\/paroisse-saint-charles.fr\/WordPress3\/wp-content\/uploads\/2024\/12\/Exposition-Le-regard-de-Dieu.png 1571w\" sizes=\"auto, (max-width: 392px) 100vw, 392px\" \/><\/a>Nous avons eu la joie d&rsquo;organiser une exposition sur le th\u00e8me <strong>\u00ab\u00a0Le regard de Dieu\u00a0\u00bb<\/strong> du 31 janvier au 2 f\u00e9vrier 2025. Au cours de cette soir\u00e9e, un mot philosophique nous a \u00e9t\u00e9 adress\u00e9 par l&rsquo;Abb\u00e9 Henri Gilliot. Il vous est possible de le retrouver <a href=\"https:\/\/drive.google.com\/file\/d\/1yrNfOb7vDT3i_Ob9WHWHCnY72TN-WjZ8\/view?usp=share_link\">en cliquant ici<\/a>. Les photos sont disponibles sur notre <a href=\"https:\/\/www.instagram.com\/saintcharlesmarseille\/\">page Instagram<\/a> (publication et story \u00e0 la une \u00ab\u00a0Art\u00a0\u00bb).<\/p>\n<p>Pour ceux qui voudraient se rem\u00e9morer notre pr\u00e9c\u00e9dente soir\u00e9e du 14 septembre avec son exposition sur le th\u00e8me de \u00ab\u00a0la Croix glorieuse\u00a0\u00bb, vous pouvez consulter en ligne le <a href=\"http:\/\/paroisse-saint-charles.fr\/WordPress3\/wp-content\/uploads\/2024\/09\/Book-expo.pdf\">Book de l&rsquo;exposition<\/a> ainsi que la conf\u00e9rence donn\u00e9e par l&rsquo;abb\u00e9 Henri Gilliot \u00ab\u00a0<a href=\"http:\/\/paroisse-saint-charles.fr\/WordPress3\/wp-content\/uploads\/2024\/09\/Conference-Abbe-Henri-Gilliot.pdf\">l&rsquo;Art et la Croix<\/a>\u00ab\u00a0.<\/p>\n<div class=\"wpforms-container wpforms-container-full\" id=\"wpforms-10495\"><form id=\"wpforms-form-10495\" class=\"wpforms-validate wpforms-form\" data-formid=\"10495\" method=\"post\" enctype=\"multipart\/form-data\" action=\"\/WordPress3\/wp-json\/wp\/v2\/pages\/10475?wpforms_form_id=10495\" data-token=\"400ea42815a170f5d7f6bba4f41859b8\"><noscript class=\"wpforms-error-noscript\">Veuillez activer JavaScript dans votre navigateur pour remplir ce formulaire.<\/noscript><div class=\"wpforms-field-container\"><div id=\"wpforms-10495-field_1-container\" class=\"wpforms-field wpforms-field-name\" data-field-id=\"1\"><label class=\"wpforms-field-label\" for=\"wpforms-10495-field_1\">Votre identit\u00e9 <span class=\"wpforms-required-label\">*<\/span><\/label><div class=\"wpforms-field-row wpforms-field-medium\"><div class=\"wpforms-field-row-block wpforms-first wpforms-one-half\"><input type=\"text\" id=\"wpforms-10495-field_1\" class=\"wpforms-field-name-first wpforms-field-required\" name=\"wpforms[fields][1][first]\" required><label for=\"wpforms-10495-field_1\" class=\"wpforms-field-sublabel after \">Pr\u00e9nom<\/label><\/div><div class=\"wpforms-field-row-block wpforms-one-half\"><input type=\"text\" id=\"wpforms-10495-field_1-last\" class=\"wpforms-field-name-last wpforms-field-required\" name=\"wpforms[fields][1][last]\" required><label for=\"wpforms-10495-field_1-last\" class=\"wpforms-field-sublabel after \">Nom<\/label><\/div><\/div><\/div><div id=\"wpforms-10495-field_5-container\" class=\"wpforms-field wpforms-field-select wpforms-field-select-style-classic\" data-field-id=\"5\"><label class=\"wpforms-field-label\" for=\"wpforms-10495-field_5\">Je suis un artiste : <span class=\"wpforms-required-label\">*<\/span><\/label><select id=\"wpforms-10495-field_5\" class=\"wpforms-field-medium wpforms-field-required\" name=\"wpforms[fields][5]\" required=\"required\"><option value=\"professionel\" >professionel<\/option><option value=\"semi-professionnel\" >semi-professionnel<\/option><option value=\"amateur\" >amateur<\/option><\/select><\/div><div id=\"wpforms-10495-field_2-container\" class=\"wpforms-field wpforms-field-email\" data-field-id=\"2\"><label class=\"wpforms-field-label\" for=\"wpforms-10495-field_2\">E-mail <span class=\"wpforms-required-label\">*<\/span><\/label><input type=\"email\" id=\"wpforms-10495-field_2\" class=\"wpforms-field-medium wpforms-field-required\" name=\"wpforms[fields][2]\" required><\/div><div id=\"wpforms-10495-field_3-container\" class=\"wpforms-field wpforms-field-address\" data-field-id=\"3\"><label class=\"wpforms-field-label\" for=\"wpforms-10495-field_3\">Address<\/label><div class=\"wpforms-field-row wpforms-field-medium\"><div ><input type=\"text\" id=\"wpforms-10495-field_3\" class=\"wpforms-field-address-address1\" name=\"wpforms[fields][3][address1]\" ><label for=\"wpforms-10495-field_3\" class=\"wpforms-field-sublabel after \">Address Line 1<\/label><\/div><\/div><div class=\"wpforms-field-row wpforms-field-medium\"><div ><input type=\"text\" id=\"wpforms-10495-field_3-address2\" class=\"wpforms-field-address-address2\" name=\"wpforms[fields][3][address2]\" ><label for=\"wpforms-10495-field_3-address2\" class=\"wpforms-field-sublabel after \">Address Line 2<\/label><\/div><\/div><div class=\"wpforms-field-row wpforms-field-medium\"><div class=\"wpforms-field-row-block wpforms-one-half wpforms-first\"><input type=\"text\" id=\"wpforms-10495-field_3-city\" class=\"wpforms-field-address-city\" name=\"wpforms[fields][3][city]\" ><label for=\"wpforms-10495-field_3-city\" class=\"wpforms-field-sublabel after \">City<\/label><\/div><div class=\"wpforms-field-row-block wpforms-one-half\"><input type=\"text\" id=\"wpforms-10495-field_3-state\" class=\"wpforms-field-address-state\" name=\"wpforms[fields][3][state]\" ><label for=\"wpforms-10495-field_3-state\" class=\"wpforms-field-sublabel after \">State \/ Province \/ Region<\/label><\/div><\/div><div class=\"wpforms-field-row wpforms-field-medium\"><div class=\"wpforms-field-row-block wpforms-one-half wpforms-first\"><input type=\"text\" id=\"wpforms-10495-field_3-postal\" class=\"wpforms-field-address-postal\" name=\"wpforms[fields][3][postal]\" ><label for=\"wpforms-10495-field_3-postal\" class=\"wpforms-field-sublabel after \">Postal Code<\/label><\/div><div class=\"wpforms-field-row-block wpforms-one-half\"><select id=\"wpforms-10495-field_3-country\" class=\"wpforms-field-address-country\" name=\"wpforms[fields][3][country]\" ><option value=\"AF\" >Afghanistan<\/option><option value=\"ZA\" >Afrique du Sud<\/option><option value=\"AL\" >Albanie<\/option><option value=\"DZ\" >Alg\u00e9rie<\/option><option value=\"DE\" >Allemagne<\/option><option value=\"AD\" >Andorre<\/option><option value=\"AO\" >Angola<\/option><option value=\"AI\" >Anguilla<\/option><option value=\"AQ\" >Antarctique<\/option><option value=\"AG\" >Antigua-et-Barbuda<\/option><option value=\"SA\" >Arabie Saoudite<\/option><option value=\"AR\" >Argentine<\/option><option value=\"AM\" >Arm\u00e9nie<\/option><option value=\"AW\" >Aruba<\/option><option value=\"AU\" >Australie<\/option><option value=\"AT\" >Autriche<\/option><option value=\"AZ\" >Azerba\u00efdjan<\/option><option value=\"BS\" >Bahamas<\/option><option value=\"BH\" >Bahre\u00efn<\/option><option value=\"BD\" >Bangladesh<\/option><option value=\"BB\" >Barbade<\/option><option value=\"BE\" >Belgique<\/option><option value=\"BZ\" >Belize<\/option><option value=\"BM\" >Bermudes<\/option><option value=\"BT\" >Bhoutan<\/option><option value=\"BY\" >Bi\u00e9lorussie<\/option><option value=\"BO\" >Bolivie (\u00c9tat plurinational de)<\/option><option value=\"BA\" >Bosnie-Herz\u00e9govine<\/option><option value=\"BW\" >Botswana<\/option><option value=\"BR\" >Br\u00e9sil<\/option><option value=\"BG\" >Bulgarie<\/option><option value=\"BF\" >Burkina Faso<\/option><option value=\"BI\" >Burundi<\/option><option value=\"BJ\" >B\u00e9nin<\/option><option value=\"KH\" >Cambodge<\/option><option value=\"CM\" >Cameroun<\/option><option value=\"CA\" >Canada<\/option><option value=\"CV\" >Cap-Vert<\/option><option value=\"CL\" >Chili<\/option><option value=\"CN\" >Chine<\/option><option value=\"CY\" >Chypre<\/option><option value=\"CO\" >Colombie<\/option><option value=\"KM\" >Comores<\/option><option value=\"CG\" >Congo<\/option><option value=\"CD\" >Congo (R\u00e9publique d\u00e9mocratique du)<\/option><option value=\"KR\" >Cor\u00e9e (R\u00e9publique de)<\/option><option value=\"KP\" >Cor\u00e9e (R\u00e9publique populaire d\u00e9mocratique de)<\/option><option value=\"CR\" >Costa Rica<\/option><option value=\"HR\" >Croatie<\/option><option value=\"CU\" >Cuba<\/option><option value=\"CW\" >Cura\u00e7ao<\/option><option value=\"CI\" >C\u00f4te d\u2019Ivoire<\/option><option value=\"DK\" >Danemark<\/option><option value=\"DJ\" >Djibouti<\/option><option value=\"DM\" >Dominique<\/option><option value=\"ES\" >Espagne<\/option><option value=\"EE\" >Estonie<\/option><option value=\"FJ\" >Fidji<\/option><option value=\"FI\" >Finlande<\/option><option value=\"FR\" >France<\/option><option value=\"RU\" >F\u00e9d\u00e9ration Russe<\/option><option value=\"GA\" >Gabon<\/option><option value=\"GM\" >Gambie<\/option><option value=\"GH\" >Ghana<\/option><option value=\"GI\" >Gibraltar<\/option><option value=\"GD\" >Grenade<\/option><option value=\"GL\" >Groenland<\/option><option value=\"GR\" >Gr\u00e8ce<\/option><option value=\"GP\" >Guadeloupe<\/option><option value=\"GU\" >Guam<\/option><option value=\"GT\" >Guatemala<\/option><option value=\"GG\" >Guernesey<\/option><option value=\"GN\" >Guin\u00e9e<\/option><option value=\"GQ\" >Guin\u00e9e \u00e9quatoriale<\/option><option value=\"GW\" >Guin\u00e9e-Bissau<\/option><option value=\"GF\" >Guyane<\/option><option value=\"GY\" >Guyane<\/option><option value=\"GE\" >G\u00e9orgie<\/option><option value=\"GS\" >G\u00e9orgie du Sud et \u00eeles Sandwich du Sud<\/option><option value=\"HT\" >Ha\u00efti<\/option><option value=\"HN\" >Honduras<\/option><option value=\"HK\" >Hong Kong<\/option><option value=\"HU\" >Hongrie<\/option><option value=\"IN\" >Inde<\/option><option value=\"ID\" >Indon\u00e9sie<\/option><option value=\"IQ\" >Irak<\/option><option value=\"IR\" >Iran (R\u00e9publique islamique d\u2019)<\/option><option value=\"IE\" >Irlande (R\u00e9publique d\u2019)<\/option><option value=\"IS\" >Islande<\/option><option value=\"IL\" >Isra\u00ebl<\/option><option value=\"IT\" >Italie<\/option><option value=\"JM\" >Jama\u00efque<\/option><option value=\"JP\" >Japon<\/option><option value=\"JE\" >Jersey<\/option><option value=\"JO\" >Jordanie<\/option><option value=\"KZ\" >Kazakhstan<\/option><option value=\"KE\" >Kenya<\/option><option value=\"KG\" >Kirghizistan<\/option><option value=\"KI\" >Kiribati<\/option><option value=\"KW\" >Kowe\u00eft<\/option><option value=\"RE\" >La R\u00e9union<\/option><option value=\"LS\" >Lesotho<\/option><option value=\"LV\" >Lettonie<\/option><option value=\"LB\" >Liban<\/option><option value=\"LR\" >Liberia<\/option><option value=\"LY\" >Libye<\/option><option value=\"LI\" >Liechtenstein<\/option><option value=\"LT\" >Lituanie<\/option><option value=\"LU\" >Luxembourg<\/option><option value=\"MO\" >Macao<\/option><option value=\"MK\" >Mac\u00e9doine du Nord (R\u00e9publique de)<\/option><option value=\"MG\" >Madagascar<\/option><option value=\"MY\" >Malaisie<\/option><option value=\"MW\" >Malawi<\/option><option value=\"MV\" >Maldives<\/option><option value=\"ML\" >Mali<\/option><option value=\"MT\" >Malte<\/option><option value=\"MA\" >Maroc<\/option><option value=\"MQ\" >Martinique<\/option><option value=\"MR\" >Mauritanie<\/option><option value=\"YT\" >Mayotte<\/option><option value=\"MX\" >Mexique<\/option><option value=\"FM\" >Micron\u00e9sie (\u00c9tats f\u00e9d\u00e9r\u00e9s de)<\/option><option value=\"MD\" >Moldova (R\u00e9publique de)<\/option><option value=\"MC\" >Monaco<\/option><option value=\"MN\" >Mongolie<\/option><option value=\"MS\" >Montserrat<\/option><option value=\"ME\" >Mont\u00e9n\u00e9gro<\/option><option value=\"MZ\" >Mozambique<\/option><option value=\"MM\" >Myanmar<\/option><option value=\"NA\" >Namibie<\/option><option value=\"NR\" >Nauru<\/option><option value=\"BN\" >Negara Brunei Darussalam<\/option><option value=\"NI\" >Nicaragua<\/option><option value=\"NE\" >Niger<\/option><option value=\"NG\" >Nig\u00e9ria<\/option><option value=\"NU\" >Niue<\/option><option value=\"NO\" >Norv\u00e8ge<\/option><option value=\"NC\" >Nouvelle-Cal\u00e9donie<\/option><option value=\"NZ\" >Nouvelle-Z\u00e9lande<\/option><option value=\"NP\" >N\u00e9pal<\/option><option value=\"OM\" >Oman<\/option><option value=\"UG\" >Ouganda<\/option><option value=\"UZ\" >Ouzb\u00e9kistan<\/option><option value=\"PK\" >Pakistan<\/option><option value=\"PW\" >Palau<\/option><option value=\"PS\" >Palestine (\u00c9tat de)<\/option><option value=\"PA\" >Panama<\/option><option value=\"PG\" >Papouasie-Nouvelle-Guin\u00e9e<\/option><option value=\"PY\" >Paraguay<\/option><option value=\"NL\" >Pays-Bas<\/option><option value=\"PH\" >Philippines<\/option><option value=\"PL\" >Pologne<\/option><option value=\"PF\" >Polyn\u00e9sie fran\u00e7aise<\/option><option value=\"PR\" >Porto Rico<\/option><option value=\"PT\" >Portugal<\/option><option value=\"PE\" >P\u00e9rou<\/option><option value=\"QA\" >Qatar<\/option><option value=\"RO\" >Roumanie<\/option><option value=\"GB\" >Royaume-Uni de Grande-Bretagne et d\u2019Irlande du Nord<\/option><option value=\"RW\" >Rwanda<\/option><option value=\"SY\" >R\u00e9publique arabe syrienne<\/option><option value=\"CF\" >R\u00e9publique centrafricaine<\/option><option value=\"DO\" >R\u00e9publique dominicaine<\/option><option value=\"LA\" >R\u00e9publique d\u00e9mocratique populaire du Laos<\/option><option value=\"CZ\" >R\u00e9publique tch\u00e8que<\/option><option value=\"EH\" >Sahara occidental<\/option><option value=\"BL\" >Saint Barth\u00e9lemy<\/option><option value=\"PM\" >Saint Pierre et Miquelon<\/option><option value=\"KN\" >Saint-Christophe-et-Nevis<\/option><option value=\"SM\" >Saint-Marin<\/option><option value=\"MF\" >Saint-Martin (partie fran\u00e7aise)<\/option><option value=\"VC\" >Saint-Vincent-et-les Grenadines<\/option><option value=\"SH\" >Sainte-H\u00e9l\u00e8ne, Ascension et Tristan da Cunha<\/option><option value=\"LC\" >Sainte-Lucie<\/option><option value=\"SV\" >Salvador<\/option><option value=\"WS\" >Samoa<\/option><option value=\"AS\" >Samoa am\u00e9ricaines<\/option><option value=\"ST\" >Sao Tom\u00e9 et Principe<\/option><option value=\"RS\" >Serbie<\/option><option value=\"SC\" >Seychelles<\/option><option value=\"SL\" >Sierra Leone<\/option><option value=\"SG\" >Singapour<\/option><option value=\"SX\" >Sint Maarten (partie hollandaise)<\/option><option value=\"SK\" >Slovaquie<\/option><option value=\"SI\" >Slov\u00e9nie<\/option><option value=\"SO\" >Somalie<\/option><option value=\"SD\" >Soudan<\/option><option value=\"SS\" >Soudan du Sud<\/option><option value=\"LK\" >Sri Lanka<\/option><option value=\"CH\" >Suisse<\/option><option value=\"SR\" >Surinam<\/option><option value=\"SE\" >Su\u00e8de<\/option><option value=\"SZ\" >Swaziland<\/option><option value=\"SN\" >S\u00e9n\u00e9gal<\/option><option value=\"TJ\" >Tadjikistan<\/option><option value=\"TW\" >Taiwan, Province of China<\/option><option value=\"TZ\" >Tanzanie (R\u00e9publique-Unie de)<\/option><option value=\"TD\" >Tchad<\/option><option value=\"TF\" >Terres Australes Fran\u00e7aises<\/option><option value=\"IO\" >Territoire britannique de l\u2019oc\u00e9an Indien<\/option><option value=\"TH\" >Tha\u00eflande<\/option><option value=\"TL\" >Timor oriental<\/option><option value=\"TG\" >Togo<\/option><option value=\"TK\" >Tokelau<\/option><option value=\"TO\" >Tonga<\/option><option value=\"TT\" >Trinit\u00e9 et Tobago<\/option><option value=\"TN\" >Tunisie<\/option><option value=\"TR\" >Turkey<\/option><option value=\"TM\" >Turkm\u00e9nistan<\/option><option value=\"TV\" >Tuvalu<\/option><option value=\"UA\" >Ukraine<\/option><option value=\"UY\" >Uruguay<\/option><option value=\"VU\" >Vanuatu<\/option><option value=\"VE\" >Venezuela (R\u00e9publique bolivarienne du)<\/option><option value=\"VN\" >Viet Nam<\/option><option value=\"WF\" >Wallis et Futuna<\/option><option value=\"YE\" >Y\u00e9men<\/option><option value=\"ZM\" >Zambie<\/option><option value=\"ZW\" >Zimbabwe<\/option><option value=\"EG\" >\u00c9gypte<\/option><option value=\"AE\" >\u00c9mirats arabes unis<\/option><option value=\"EC\" >\u00c9quateur<\/option><option value=\"ER\" >\u00c9rythr\u00e9e<\/option><option value=\"VA\" >\u00c9tat de la cit\u00e9 du Vatican<\/option><option value=\"US\" >\u00c9tats-Unis d\u2019Am\u00e9rique<\/option><option value=\"ET\" >\u00c9thiopie<\/option><option value=\"BV\" >\u00cele Bouvet<\/option><option value=\"CX\" >\u00cele Christmas<\/option><option value=\"MU\" >\u00cele Maurice<\/option><option value=\"NF\" >\u00cele Norfolk<\/option><option value=\"IM\" >\u00cele de Man<\/option><option value=\"KY\" >\u00celes Ca\u00efmans<\/option><option value=\"CC\" >\u00celes Cocos (Keeling)<\/option><option value=\"CK\" >\u00celes Cook<\/option><option value=\"FK\" >\u00celes Falkland (Malvinas)<\/option><option value=\"FO\" >\u00celes F\u00e9ro\u00e9<\/option><option value=\"HM\" >\u00celes Heard et McDonald<\/option><option value=\"MP\" >\u00celes Mariannes du Nord<\/option><option value=\"MH\" >\u00celes Marshall<\/option><option value=\"PN\" >\u00celes Pitcairn<\/option><option value=\"SB\" >\u00celes Salomon<\/option><option value=\"TC\" >\u00celes Turques et Ca\u00efques<\/option><option value=\"VI\" >\u00celes Vierges (Am\u00e9ricaines)<\/option><option value=\"VG\" >\u00celes Vierges (Britanniques)<\/option><option value=\"SJ\" >\u00celes de Svalbard et Jan Mayen<\/option><option value=\"UM\" >\u00celes mineures am\u00e9ricaines<\/option><option value=\"AX\" >\u00celes \u00c5land<\/option><\/select><label for=\"wpforms-10495-field_3-country\" class=\"wpforms-field-sublabel after \">Country<\/label><\/div><\/div><\/div><div id=\"wpforms-10495-field_4-container\" class=\"wpforms-field wpforms-field-url\" data-field-id=\"4\"><label class=\"wpforms-field-label\" for=\"wpforms-10495-field_4\">Website \/ URL<\/label><input type=\"url\" id=\"wpforms-10495-field_4\" class=\"wpforms-field-medium\" name=\"wpforms[fields][4]\" ><div class=\"wpforms-field-description\">Indiquez-nous l'adresse de votre site, si vous souhaitez qu'il apparaisse sur le book de l'exposition<\/div><\/div><div id=\"wpforms-10495-field_7-container\" class=\"wpforms-field wpforms-field-name\" data-field-id=\"7\"><label class=\"wpforms-field-label\" for=\"wpforms-10495-field_7\">Nom de votre \u0153uvre <span class=\"wpforms-required-label\">*<\/span><\/label><input type=\"text\" id=\"wpforms-10495-field_7\" class=\"wpforms-field-medium wpforms-field-required\" name=\"wpforms[fields][7]\" required><\/div><div id=\"wpforms-10495-field_13-container\" class=\"wpforms-field wpforms-field-file-upload\" data-field-id=\"13\"><label class=\"wpforms-field-label\" for=\"wpforms-10495-field_13\">T\u00e9l\u00e9chargez une photo de votre \u0153uvre<\/label><div class=\"wpforms-uploader\"\n\tdata-field-id=\"13\"\n\tdata-form-id=\"10495\"\n\tdata-input-name=\"wpforms_10495_13\"\n\tdata-extensions=\"jpg,jpeg,jpe,gif,png,bmp,tiff,tif,webp,avif,ico,heic,heif,heics,heifs,asf,asx,wmv,wmx,wm,avi,divx,mov,qt,mpeg,mpg,mpe,mp4,m4v,ogv,webm,mkv,3gp,3gpp,3g2,3gp2,txt,asc,c,cc,h,srt,csv,tsv,ics,rtx,css,vtt,mp3,m4a,m4b,aac,ra,ram,wav,ogg,oga,flac,mid,midi,wma,wax,mka,rtf,pdf,class,tar,zip,gz,gzip,rar,7z,psd,xcf,doc,pot,pps,ppt,wri,xla,xls,xlt,xlw,mpp,docx,docm,dotx,dotm,xlsx,xlsm,xlsb,xltx,xltm,xlam,pptx,pptm,ppsx,ppsm,potx,potm,ppam,sldx,sldm,onetoc,onetoc2,onepkg,oxps,xps,odt,odp,ods,odg,odc,odb,odf,wp,wpd,key,numbers,pages\"\n\tdata-max-size=\"134217728\"\n\tdata-max-file-number=\"1\"\n\tdata-post-max-size=\"134217728\"\n    data-max-parallel-uploads=\"4\"\n    data-parallel-uploads=\"true\"\n\tdata-file-chunk-size=\"2097152\">\n\t<div class=\"dz-message\">\n\t\t<svg viewBox=\"0 0 1024 1024\" focusable=\"false\" class=\"\" data-icon=\"inbox\" width=\"50px\" height=\"50px\" fill=\"#B1B1B1\" aria-hidden=\"true\"><path d=\"M885.2 446.3l-.2-.8-112.2-285.1c-5-16.1-19.9-27.2-36.8-27.2H281.2c-17 0-32.1 11.3-36.9 27.6L139.4 443l-.3.7-.2.8c-1.3 4.9-1.7 9.9-1 14.8-.1 1.6-.2 3.2-.2 4.8V830a60.9 60.9 0 0 0 60.8 60.8h627.2c33.5 0 60.8-27.3 60.9-60.8V464.1c0-1.3 0-2.6-.1-3.7.4-4.9 0-9.6-1.3-14.1zm-295.8-43l-.3 15.7c-.8 44.9-31.8 75.1-77.1 75.1-22.1 0-41.1-7.1-54.8-20.6S436 441.2 435.6 419l-.3-15.7H229.5L309 210h399.2l81.7 193.3H589.4zm-375 76.8h157.3c24.3 57.1 76 90.8 140.4 90.8 33.7 0 65-9.4 90.3-27.2 22.2-15.6 39.5-37.4 50.7-63.6h156.5V814H214.4V480.1z\"><\/path><\/svg>\n\t\t<span class=\"modern-title\">\n\t\t\tCliquez ou d\u00e9placez un fichier dans cette zone pour le t\u00e9l\u00e9verser.\t\t<\/span>\n\n\t\t\t<\/div>\n<\/div>\n<input type=\"text\" class=\"dropzone-input\"\n\tstyle=\"position:absolute!important;clip:rect(0,0,0,0)!important;height:1px!important;width:1px!important;border:0!important;overflow:hidden!important;padding:0!important;margin:0!important;\"\n\tid=\"wpforms-10495-field_13\"\n\tname=\"wpforms_10495_13\" >\n<\/div><div id=\"wpforms-10495-field_8-container\" class=\"wpforms-field wpforms-field-name\" data-field-id=\"8\"><label class=\"wpforms-field-label\" for=\"wpforms-10495-field_8\">Ses dimensions : <span class=\"wpforms-required-label\">*<\/span><\/label><input type=\"text\" id=\"wpforms-10495-field_8\" class=\"wpforms-field-medium wpforms-field-required\" name=\"wpforms[fields][8]\" required><div class=\"wpforms-field-description\">en cm au format longueur x largeur (x hauteur)<\/div><\/div><div id=\"wpforms-10495-field_9-container\" class=\"wpforms-field wpforms-field-name\" data-field-id=\"9\"><label class=\"wpforms-field-label\" for=\"wpforms-10495-field_9\">La technique employ\u00e9e : <span class=\"wpforms-required-label\">*<\/span><\/label><input type=\"text\" id=\"wpforms-10495-field_9\" class=\"wpforms-field-medium wpforms-field-required\" name=\"wpforms[fields][9]\" required><div class=\"wpforms-field-description\">La mati\u00e8re : aquarelle, huile, gouache, etc. \/ le support : toile, bois, etc \/ \u00c9ventuellement les outils : pinceaux, spatules...<\/div><\/div><div id=\"wpforms-10495-field_10-container\" class=\"wpforms-field wpforms-field-name\" data-field-id=\"10\"><label class=\"wpforms-field-label\" for=\"wpforms-10495-field_10\">Dites-nous en plus sur votre \u0153uvre : <span class=\"wpforms-required-label\">*<\/span><\/label><input type=\"text\" id=\"wpforms-10495-field_10\" class=\"wpforms-field-medium wpforms-field-required\" name=\"wpforms[fields][10]\" required><div class=\"wpforms-field-description\">Vous pouvez \u00e9crire quelques lignes qui seront publi\u00e9es dans le book d'exposition : ce qui vous a inspir\u00e9, ce dont vous \u00eates parti, une phrase de la Bible, un sujet vivant, un paysage...<\/div><\/div><div id=\"wpforms-10495-field_11-container\" class=\"wpforms-field wpforms-field-checkbox\" data-field-id=\"11\"><label class=\"wpforms-field-label\" for=\"wpforms-10495-field_11\">Copyright : <span class=\"wpforms-required-label\">*<\/span><\/label><ul id=\"wpforms-10495-field_11\" class=\"wpforms-field-required\"><li class=\"choice-3 depth-1\"><input type=\"checkbox\" id=\"wpforms-10495-field_11_3\" name=\"wpforms[fields][11][]\" value=\"J&#039;accepte de c\u00e9der les droits de reproduction et de repr\u00e9sentation \u00e0 la Paroisse Saint Charles le temps de l&#039;exposition\" required ><label class=\"wpforms-field-label-inline\" for=\"wpforms-10495-field_11_3\">J'accepte de c\u00e9der les droits de reproduction et de repr\u00e9sentation \u00e0 la Paroisse Saint Charles le temps de l'exposition<\/label><\/li><\/ul><\/div><\/div><div class=\"wpforms-recaptcha-container\" ><div class=\"g-recaptcha\" data-sitekey=\"6LeUyqUZAAAAANVzcGhdaUnC8zgX7gXjFn-K6B8v\"><\/div><input type=\"text\" name=\"g-recaptcha-hidden\" class=\"wpforms-recaptcha-hidden\" style=\"position:absolute!important;clip:rect(0,0,0,0)!important;height:1px!important;width:1px!important;border:0!important;overflow:hidden!important;padding:0!important;margin:0!important;\" required><\/div><div class=\"wpforms-submit-container\" ><input type=\"hidden\" name=\"wpforms[id]\" value=\"10495\"><input type=\"hidden\" name=\"wpforms[author]\" value=\"8\"><button type=\"submit\" name=\"wpforms[submit]\" class=\"wpforms-submit \" id=\"wpforms-submit-10495\" value=\"wpforms-submit\" aria-live=\"assertive\" data-alt-text=\"Envoi...\" data-submit-text=\"Envoyer\">Envoyer<\/button><\/div><\/form><\/div>  <!-- .wpforms-container -->\n","protected":false},"excerpt":{"rendered":"<p>Nous avons eu la joie d&rsquo;organiser une exposition sur le th\u00e8me \u00ab\u00a0Le regard de Dieu\u00a0\u00bb du 31 janvier au 2 f\u00e9vrier 2025. Au cours de cette soir\u00e9e, un mot philosophique nous a \u00e9t\u00e9 adress\u00e9 par l&rsquo;Abb\u00e9 Henri Gilliot. Il vous&#8230;<br \/><a class=\"read-more-button\" href=\"https:\/\/paroisse-saint-charles.fr\/WordPress3\/art\/\">Savoir plus<\/a><\/p>\n","protected":false},"author":8,"featured_media":0,"parent":0,"menu_order":0,"comment_status":"closed","ping_status":"closed","template":"","meta":{"footnotes":""},"class_list":["post-10475","page","type-page","status-publish","hentry"],"_links":{"self":[{"href":"https:\/\/paroisse-saint-charles.fr\/WordPress3\/wp-json\/wp\/v2\/pages\/10475","targetHints":{"allow":["GET"]}}],"collection":[{"href":"https:\/\/paroisse-saint-charles.fr\/WordPress3\/wp-json\/wp\/v2\/pages"}],"about":[{"href":"https:\/\/paroisse-saint-charles.fr\/WordPress3\/wp-json\/wp\/v2\/types\/page"}],"author":[{"embeddable":true,"href":"https:\/\/paroisse-saint-charles.fr\/WordPress3\/wp-json\/wp\/v2\/users\/8"}],"replies":[{"embeddable":true,"href":"https:\/\/paroisse-saint-charles.fr\/WordPress3\/wp-json\/wp\/v2\/comments?post=10475"}],"version-history":[{"count":21,"href":"https:\/\/paroisse-saint-charles.fr\/WordPress3\/wp-json\/wp\/v2\/pages\/10475\/revisions"}],"predecessor-version":[{"id":10739,"href":"https:\/\/paroisse-saint-charles.fr\/WordPress3\/wp-json\/wp\/v2\/pages\/10475\/revisions\/10739"}],"wp:attachment":[{"href":"https:\/\/paroisse-saint-charles.fr\/WordPress3\/wp-json\/wp\/v2\/media?parent=10475"}],"curies":[{"name":"wp","href":"https:\/\/api.w.org\/{rel}","templated":true}]}}