{"id":116,"date":"2014-08-20T20:33:25","date_gmt":"2014-08-20T20:33:25","guid":{"rendered":"http:\/\/www.paroisse-saint-charles.fr\/?page_id=116"},"modified":"2021-09-10T21:51:10","modified_gmt":"2021-09-10T19:51:10","slug":"reconciliation","status":"publish","type":"page","link":"https:\/\/paroisse-saint-charles.fr\/WordPress3\/reconciliation\/","title":{"rendered":"Confession"},"content":{"rendered":"<p style=\"text-align: justify;\">Le premier acte que J\u00e9sus pose apr\u00e8s sa r\u00e9surrection est de rendre la paix \u00e0 ses ap\u00f4tres. Et aussit\u00f4t apr\u00e8s, il leur transmet son pouvoir de pardonner les p\u00e9ch\u00e9s : \u00ab Recevez l&rsquo;Esprit Saint. Ceux \u00e0 qui vous remettrez les p\u00e9ch\u00e9s, ils leur seront remis ; ceux \u00e0 qui vous les retiendrez, ils leur seront retenus. \u00bb. Ainsi la mission des pr\u00eatres prolonge celle des ap\u00f4tres en r\u00e9pandant sur le monde et les p\u00e9cheurs la Mis\u00e9ricorde de Dieu.<\/p>\n<p style=\"text-align: justify;\">Les pr\u00eatres de la paroisse se tiennent donc \u00e0 votre disposition pour vous faire go\u00fbter \u00e0 la joie du Pardon de Dieu. Veuillez d&rsquo;abord <a href=\"http:\/\/www.paroisse-saint-charles.fr\/horaires\/\">consulter ici les horaires d\u2019adoration\/confession<\/a>\u00a0ou vous<a href=\"http:\/\/paroisse-saint-charles.fr\/WordPress3\/calendar\/agenda-paroisse-saint-charles\/\"> reporter ici \u00e0 l&rsquo;agenda de la paroisse<\/a>. \u00a0Si aucun de ces horaires ne vous convient, il vous est aussi possible de prendre rendez-vous.<\/p>\n<p style=\"text-align: justify;\">Contact :<br \/>\nAbb\u00e9 Eloi Gillet &#8211; 06 74 65 73 51<br \/>\nAbb\u00e9 Vincent Marie-Jeanne &#8211; 07 62 08 89 82<\/p>\n","protected":false},"excerpt":{"rendered":"<p>Le premier acte que J\u00e9sus pose apr\u00e8s sa r\u00e9surrection est de rendre la paix \u00e0 ses ap\u00f4tres. Et aussit\u00f4t apr\u00e8s, il leur transmet son pouvoir de pardonner les p\u00e9ch\u00e9s : \u00ab Recevez l&rsquo;Esprit Saint. Ceux \u00e0 qui vous remettrez les&#8230;<br \/><a class=\"read-more-button\" href=\"https:\/\/paroisse-saint-charles.fr\/WordPress3\/reconciliation\/\">Savoir plus<\/a><\/p>\n","protected":false},"author":2,"featured_media":0,"parent":0,"menu_order":0,"comment_status":"closed","ping_status":"open","template":"","meta":{"footnotes":""},"class_list":["post-116","page","type-page","status-publish","hentry"],"_links":{"self":[{"href":"https:\/\/paroisse-saint-charles.fr\/WordPress3\/wp-json\/wp\/v2\/pages\/116","targetHints":{"allow":["GET"]}}],"collection":[{"href":"https:\/\/paroisse-saint-charles.fr\/WordPress3\/wp-json\/wp\/v2\/pages"}],"about":[{"href":"https:\/\/paroisse-saint-charles.fr\/WordPress3\/wp-json\/wp\/v2\/types\/page"}],"author":[{"embeddable":true,"href":"https:\/\/paroisse-saint-charles.fr\/WordPress3\/wp-json\/wp\/v2\/users\/2"}],"replies":[{"embeddable":true,"href":"https:\/\/paroisse-saint-charles.fr\/WordPress3\/wp-json\/wp\/v2\/comments?post=116"}],"version-history":[{"count":7,"href":"https:\/\/paroisse-saint-charles.fr\/WordPress3\/wp-json\/wp\/v2\/pages\/116\/revisions"}],"predecessor-version":[{"id":9572,"href":"https:\/\/paroisse-saint-charles.fr\/WordPress3\/wp-json\/wp\/v2\/pages\/116\/revisions\/9572"}],"wp:attachment":[{"href":"https:\/\/paroisse-saint-charles.fr\/WordPress3\/wp-json\/wp\/v2\/media?parent=116"}],"curies":[{"name":"wp","href":"https:\/\/api.w.org\/{rel}","templated":true}]}}