{"id":7285,"date":"2020-02-03T20:30:39","date_gmt":"2020-02-03T19:30:39","guid":{"rendered":"http:\/\/www.paroisse-saint-charles.fr\/?page_id=7285"},"modified":"2021-09-10T20:57:11","modified_gmt":"2021-09-10T18:57:11","slug":"service-base","status":"publish","type":"page","link":"https:\/\/paroisse-saint-charles.fr\/WordPress3\/service-base\/","title":{"rendered":"Service-base"},"content":{"rendered":"<p><!--d\u00e9but de modification du style--><\/p>\n<style>\ncontainer {<br \/>  width: 100%;<br \/>  display: flex;<br \/>  flex-direction: column;<br \/>    \/*border: 1px solid black;*\/<br \/>}<br \/><\/style>\n<style>\n#principal {<br \/>  display: flex;<br \/>  flex-wrap: wrap;<br \/>  justify-content:center;<br \/>  margin-left:-10px;<br \/> padding-top:10px;<br \/> padding-right:10px;<br \/>  align-items:center;<br \/>  font-family: serif;<br \/>background-color:#BFBBB3;<br \/>  border-radius:10px;<br \/> \/* border: 1px solid red;*\/<br \/>}<br \/><\/style>\n<style>\n.item{<br \/>flex:1;<br \/>flex-grow: 1;<br \/>width: 25%;<br \/>}<br \/><\/style>\n<style>\n.couleurintro {<br \/>  display: block;<br \/>  border-radius:5px;<br \/>  background-color: #BBAC92;<br \/>  padding: 10px;<br \/>  text-align: center;<br \/>}<br \/><\/style>\n<style>\n.ombre{<br \/>border-radius:10px;<br \/>box-shadow:2px 2px 10px gray;<br \/>-moz-box-shadow:2px 2px 10px gray;<br \/>-webkit-box-shadow:2px 2px 10px gray;<br \/>}<br \/><\/style>\n<style>\n.lettrine {  font-size: 23;<br \/>  font-weight:bold;<br \/>  color:red;<br \/>  font-style:normal;<br \/>}<br \/><\/style>\n<style>\n.divimage {<br \/>  position: relative;<br \/>\/*border: 1px solid black;*\/<\/p>\n<p>}<\/p>\n<\/style>\n<style>\n.image {<br \/>  opacity: 1;<br \/>  display: block;<br \/>  width: 100%;<br \/>  height: auto;<br \/>}<br \/><\/style>\n<style>\n.middle {<br \/>  opacity: 0.5;<br \/>  position: absolute;<br \/>  top: 60px;<br \/>  left: 50px;<br \/>  text-align: center;<br \/>}<br \/><\/style>\n<style>\n.textservice {<br \/>  background-color: black;<br \/>  border-radius: 10px;<br \/>  color: white;<br \/>  font-size: 16px;<br \/>  padding: 16px 32px;<br \/>}<br \/><\/style>\n<style>\n@media screen and (max-width: 575px) {<br \/>  #principal {<br \/>    display: block;<br \/>  }<br \/>.divimage {<br \/>  display: flex;<br \/>  justify-content: center;<\/p>\n<p>}<br \/>.middle {<br \/>  opacity: 0.5;<br \/>  width: 290px;<br \/>  text-align: center;<\/p>\n<p>}<br \/>.textservice {<br \/>  background-color: black;<br \/>  border-radius: 10px;<br \/>  color: white;<br \/>  font-size: 16px;<br \/>  padding: 16px 32px;<br \/>}<\/p>\n<p>}<br \/>}<\/p>\n<\/style>\n<p><!--fin de la modification du style--><\/p>\n<p><!--debut du code de la page --><\/p>\n<p><!--texte d'introduction--><\/p>\n<div class=\"couleurintro ombre\" style=\"color: white; font-family: serif;\"><strong><em> La vie de l&rsquo;\u00e9glise est l&rsquo;affaire de tous. Elle ne repose pas simplement sur les pr\u00eatres. De nombreux services sont possibles et accessibles selon la disponibilit\u00e9 de chacun. Sans vous, la paroisse Saint-Charles ne peut pas grandir. Nous comptons sur votre engagement. <\/em><\/strong><\/div>\n<hr \/>\n<div style=\"font-family: serif;\"><span class=\"lettrine\">L<\/span>a paroisse propose donc \u00e0 ses fid\u00e8les de s&rsquo;engager dans les diff\u00e9rents services suivants:<br \/>\n&#8211; La chorale.<br \/>\n&#8211; Service liturgique.<br \/>\n&#8211; La pr\u00e9paration au sacrements.<br \/>\n&#8211; Le m\u00e9nage.<br \/>\n&#8211; La permanence de l&rsquo;\u00e9glise.<br \/>\n&#8211; La sacristie.<br \/>\n&#8211; Le fleurissement de l&rsquo;\u00e9glise.<br \/>\n&#8211; Le bricolage.<br \/>\n&#8211; la communication de la paroisse.<br \/>\n&#8211; La garderie.<\/div>\n<p>&nbsp;<\/p>\n<div style=\"font-family: serif;\"><span class=\"lettrine\">L<\/span>\u2019ensemble des services propos\u00e9s sont d\u00e9crits dans une page du site qui leur est propre et \u00e0 laquelle vous pouvez acc\u00e9der \u00e0 l&rsquo;aide du menu ci-dessous:<\/div>\n<hr \/>\n<p><!-- corps de la page en flexbox responsive--><\/p>\n<div id=\"principal\" class=\"container\">\n<p><!--chorale--><\/p>\n<p>&nbsp;<\/p>\n<div class=\"divimage\">\n<p><img decoding=\"async\" class=\"ombre\" src=\"http:\/\/paroisse-saint-charles.fr\/WordPress3\/wp-content\/uploads\/2020\/06\/Chorale-300x201.png\" alt=\"\" data-id=\"8456\" \/><\/p>\n<div class=\"middle\">\n<div class=\"textservice\"><a href=\"http:\/\/paroisse-saint-charles.fr\/WordPress3\/service-base\/chorale-maj\/\">Chorale<\/a><\/div>\n<\/div>\n<\/div>\n<p>&nbsp;<\/p>\n<p><!-- service liturgique--><\/p>\n<p>&nbsp;<\/p>\n<div class=\"divimage\">\n<p><img loading=\"lazy\" decoding=\"async\" class=\"ombre\" src=\"http:\/\/paroisse-saint-charles.fr\/WordPress3\/wp-content\/uploads\/2020\/06\/Servants-dautel-300x200.jpg\" alt=\"\" width=\"300\" height=\"200\" data-id=\"8452\" \/><\/p>\n<div class=\"middle\">\n<div class=\"textservice\"><a href=\"http:\/\/paroisse-saint-charles.fr\/WordPress3\/service-base\/service-liturgique\/\">Service liturgique<\/a><\/div>\n<\/div>\n<\/div>\n<p>&nbsp;<\/p>\n<p><!--Pr\u00e9paration aux sacrement--><\/p>\n<p>&nbsp;<\/p>\n<div class=\"divimage\">\n<p><img decoding=\"async\" class=\"ombre\" src=\"http:\/\/paroisse-saint-charles.fr\/WordPress3\/wp-content\/uploads\/2019\/05\/DSC_0154-300x200.jpg\" alt=\"\" data-id=\"6973\" \/><\/p>\n<div class=\"middle\">\n<div class=\"textservice\"><a href=\"http:\/\/paroisse-saint-charles.fr\/WordPress3\/service-base\/preparation-aux-sacrements\/\">Pr\u00e9paration aux sacrements<\/a><\/div>\n<\/div>\n<\/div>\n<p>&nbsp;<\/p>\n<p><!--m\u00e9nage--><\/p>\n<p>&nbsp;<\/p>\n<div class=\"divimage\">\n<p><img loading=\"lazy\" decoding=\"async\" class=\"ombre\" style=\"height: 200px; backgorund-color: white; bordeur-radius: 10px;\" src=\"http:\/\/paroisse-saint-charles.fr\/WordPress3\/wp-content\/uploads\/2020\/06\/m\u00e9nage-300x211.jpeg\" alt=\"\" width=\"300\" height=\"200\" data-id=\"8484\" \/><\/p>\n<div class=\"middle\">\n<div class=\"textservice\"><a href=\"http:\/\/paroisse-saint-charles.fr\/WordPress3\/service-base\/menage\/\">M\u00e9nage<\/a><\/div>\n<\/div>\n<\/div>\n<p>&nbsp;<\/p>\n<p><!--entretien linge sacr\u00e9--><\/p>\n<p>&nbsp;<\/p>\n<div class=\"divimage\">\n<p><img loading=\"lazy\" decoding=\"async\" class=\"ombre\" style=\"height: 200px; background-color: white; bordeur-radius: 10px;\" src=\"http:\/\/paroisse-saint-charles.fr\/WordPress3\/wp-content\/uploads\/2020\/06\/Linges-sacr\u00e9s-300x172.png\" alt=\"\" width=\"300\" height=\"172\" data-id=\"8474\" \/><\/p>\n<div class=\"middle\">\n<div class=\"textservice\"><a href=\"http:\/\/paroisse-saint-charles.fr\/WordPress3\/service-base\/entretien-linges-sacres\/\">Sacristie<\/a><\/div>\n<\/div>\n<\/div>\n<p>&nbsp;<\/p>\n<p><!--fleurissement--><\/p>\n<p>&nbsp;<\/p>\n<div class=\"divimage\">\n<p><img decoding=\"async\" class=\"ombre\" src=\"http:\/\/paroisse-saint-charles.fr\/WordPress3\/wp-content\/uploads\/2019\/04\/DSC_1097-300x200.jpg\" alt=\"\" data-id=\"6951\" \/><\/p>\n<div class=\"middle\">\n<div class=\"textservice\"><a href=\"http:\/\/paroisse-saint-charles.fr\/WordPress3\/service-base\/fleurissement-2\/\">Fleurissement<\/a><\/div>\n<\/div>\n<\/div>\n<p>&nbsp;<\/p>\n<p><!--permanence \u00e0 l'\u00e9glise--><\/p>\n<p>&nbsp;<\/p>\n<div class=\"divimage\">\n<p><img decoding=\"async\" class=\"ombre\" style=\"height: 200px; padding-left: 83px; padding-right: 83px; background-color: #407191; border-radius: 10px;\" src=\"http:\/\/paroisse-saint-charles.fr\/WordPress3\/wp-content\/uploads\/2020\/06\/Permanences-200x300.jpg\" alt=\"\" data-id=\"8451\" \/><\/p>\n<div class=\"middle\">\n<div class=\"textservice\"><a href=\"http:\/\/paroisse-saint-charles.fr\/WordPress3\/service-base\/permanence\/\">Permanence \u00e0 l&rsquo;\u00e9glise<\/a><\/div>\n<\/div>\n<\/div>\n<p>&nbsp;<\/p>\n<p><!--panier du cur\u00e9--><\/p>\n<p>&nbsp;<\/p>\n<div class=\"divimage\">\n<p><img decoding=\"async\" class=\"ombre\" style=\"height: 200px; padding-left: 68px; padding-right: 68px; background-color: #407191; border-radius: 10px;\" src=\"http:\/\/paroisse-saint-charles.fr\/WordPress3\/wp-content\/uploads\/2020\/06\/Panier-du-cur\u00e9-251x300.png\" alt=\"\" data-id=\"8470\" \/><\/p>\n<div class=\"middle\">\n<div class=\"textservice\"><a href=\"http:\/\/paroisse-saint-charles.fr\/WordPress3\/service-base\/panier-du-cure-maj\/\">Panier du cur\u00e9<\/a><\/div>\n<\/div>\n<\/div>\n<p>&nbsp;<\/p>\n<p><!--bricolage--><\/p>\n<p>&nbsp;<\/p>\n<div class=\"divimage\">\n<p><img decoding=\"async\" class=\"ombre\" style=\"height: 200px; padding-left: 83px; padding-right: 83px; background-color: #407191; border-radius: 10px;\" src=\"http:\/\/paroisse-saint-charles.fr\/WordPress3\/wp-content\/uploads\/2020\/06\/Bricolage-196x300.png\" alt=\"\" data-id=\"8453\" \/><\/p>\n<div class=\"middle\">\n<div class=\"textservice\"><a href=\"http:\/\/paroisse-saint-charles.fr\/WordPress3\/service-base\/bricolage\/\">Bricolage<\/a><\/div>\n<\/div>\n<\/div>\n<p>&nbsp;<\/p>\n<p><!--Communication--><\/p>\n<p>&nbsp;<\/p>\n<div class=\"divimage\">\n<p><img decoding=\"async\" class=\"ombre\" style=\"height: 200px; width: 300px; backgorund-color: white; bordeur-radius: 10px;\" src=\"http:\/\/paroisse-saint-charles.fr\/WordPress3\/wp-content\/uploads\/2020\/06\/Communication-300x188.png\" alt=\"\" data-id=\"8454\" \/><\/p>\n<div class=\"middle\">\n<div class=\"textservice\"><a href=\"http:\/\/paroisse-saint-charles.fr\/WordPress3\/service-base\/communication\/\">Communication<\/a><\/div>\n<\/div>\n<\/div>\n<p>&nbsp;<\/p>\n<p><!--Garderie--><\/p>\n<p>&nbsp;<\/p>\n<div class=\"divimage\">\n<p><img loading=\"lazy\" decoding=\"async\" class=\"ombre\" style=\"height: 200px; backgorund-color: white; bordeur-radius: 10px;\" src=\"http:\/\/paroisse-saint-charles.fr\/WordPress3\/wp-content\/uploads\/2020\/06\/Garderie.png\" alt=\"\" width=\"300\" height=\"200\" data-id=\"8455\" \/><\/p>\n<div class=\"middle\">\n<div class=\"textservice\"><a href=\"http:\/\/paroisse-saint-charles.fr\/WordPress3\/service-base\/garderie\/\">Garderie<\/a><\/div>\n<\/div>\n<\/div>\n<p>&nbsp;<\/p>\n<p><!--fin du corps de la page en flexbox responsive--><\/p>\n<\/div>\n<p><!--d\u00e9but du formulaire d'inscription--><\/p>\n<p><!--Partie formulaire et fonction javascript--><\/p>\n<div style=\"margin-left: -10px;\">\n<ul class=\"couleurintro ombre\">\n<li style=\"list-style-type: none;\">\n<ul class=\"couleurintro ombre\">\n<li style=\"list-style-type: none;\">\n<ol style=\"text-align: center; color: white; padding: 15px; font-size: 20px;\">\u2671<\/ol>\n<\/li>\n<\/ul>\n<\/li>\n<\/ul>\n<p><strong>S&rsquo;inscrire \u00e0 un service<\/strong><\/p>\n<ul class=\"couleurintro ombre\">\n<li style=\"list-style-type: none;\">\n<ol style=\"text-align: center; color: white; padding: 15px; font-size: 20px;\">\u00a0\u00a0\u00a0\u00a0\u00a0\u00a0\u2671<\/ol>\n<\/li>\n<\/ul>\n<ul id=\"formulaire\" style=\"display: none; padding: 20px; background-color: #bfbbb3; border-radius: 10px;\"><div class=\"wpforms-container wpforms-container-full\" id=\"wpforms-7413\"><form id=\"wpforms-form-7413\" class=\"wpforms-validate wpforms-form\" data-formid=\"7413\" method=\"post\" enctype=\"multipart\/form-data\" action=\"\/WordPress3\/wp-json\/wp\/v2\/pages\/7285\" data-token=\"f128c458d8a3c8ffd9e3ced315afa37e\"><noscript class=\"wpforms-error-noscript\">Veuillez activer JavaScript dans votre navigateur pour remplir ce formulaire.<\/noscript><div class=\"wpforms-field-container\"><div id=\"wpforms-7413-field_3-container\" class=\"wpforms-field wpforms-field-select wpforms-field-select-style-classic\" data-field-id=\"3\"><label class=\"wpforms-field-label\" for=\"wpforms-7413-field_3\">Civilit\u00e9 <span class=\"wpforms-required-label\">*<\/span><\/label><select id=\"wpforms-7413-field_3\" class=\"wpforms-field-medium wpforms-field-required\" name=\"wpforms[fields][3]\" required=\"required\"><option value=\"\" ><\/option><option value=\"Madame\" >Madame<\/option><option value=\"Monsieur\" >Monsieur<\/option><\/select><\/div><div id=\"wpforms-7413-field_19-container\" class=\"wpforms-field wpforms-field-name\" data-field-id=\"19\"><label class=\"wpforms-field-label\" for=\"wpforms-7413-field_19\">Nom <span class=\"wpforms-required-label\">*<\/span><\/label><div class=\"wpforms-field-row wpforms-field-medium\"><div class=\"wpforms-field-row-block wpforms-first wpforms-one-half\"><input type=\"text\" id=\"wpforms-7413-field_19\" class=\"wpforms-field-name-first wpforms-field-required\" name=\"wpforms[fields][19][first]\" required><label for=\"wpforms-7413-field_19\" class=\"wpforms-field-sublabel after \">Pr\u00e9nom<\/label><\/div><div class=\"wpforms-field-row-block wpforms-one-half\"><input type=\"text\" id=\"wpforms-7413-field_19-last\" class=\"wpforms-field-name-last wpforms-field-required\" name=\"wpforms[fields][19][last]\" required><label for=\"wpforms-7413-field_19-last\" class=\"wpforms-field-sublabel after \">Nom<\/label><\/div><\/div><\/div><div id=\"wpforms-7413-field_20-container\" class=\"wpforms-field wpforms-field-email\" data-field-id=\"20\"><label class=\"wpforms-field-label\" for=\"wpforms-7413-field_20\">E-mail <span class=\"wpforms-required-label\">*<\/span><\/label><input type=\"email\" id=\"wpforms-7413-field_20\" class=\"wpforms-field-medium wpforms-field-required\" name=\"wpforms[fields][20]\" required><\/div><div id=\"wpforms-7413-field_21-container\" class=\"wpforms-field wpforms-field-phone\" data-field-id=\"21\"><label class=\"wpforms-field-label\" for=\"wpforms-7413-field_21\">T\u00e9l\u00e9phone<\/label><input type=\"tel\" id=\"wpforms-7413-field_21\" class=\"wpforms-field-medium wpforms-smart-phone-field\" data-rule-smart-phone-field=\"true\" name=\"wpforms[fields][21]\" ><\/div><div id=\"wpforms-7413-field_5-container\" class=\"wpforms-field wpforms-field-checkbox\" data-field-id=\"5\"><label class=\"wpforms-field-label\" for=\"wpforms-7413-field_5\">Aide \u00e0 la pr\u00e9paration aux sacrements<\/label><ul id=\"wpforms-7413-field_5\"><li class=\"choice-1 depth-1\"><input type=\"checkbox\" id=\"wpforms-7413-field_5_1\" name=\"wpforms[fields][5][]\" value=\"Bapt\u00eame\"  ><label class=\"wpforms-field-label-inline\" for=\"wpforms-7413-field_5_1\">Bapt\u00eame<\/label><\/li><li class=\"choice-2 depth-1\"><input type=\"checkbox\" id=\"wpforms-7413-field_5_2\" name=\"wpforms[fields][5][]\" value=\"confirmation\"  ><label class=\"wpforms-field-label-inline\" for=\"wpforms-7413-field_5_2\">confirmation<\/label><\/li><li class=\"choice-3 depth-1\"><input type=\"checkbox\" id=\"wpforms-7413-field_5_3\" name=\"wpforms[fields][5][]\" value=\"Mariage\"  ><label class=\"wpforms-field-label-inline\" for=\"wpforms-7413-field_5_3\">Mariage<\/label><\/li><\/ul><\/div><div id=\"wpforms-7413-field_33-container\" class=\"wpforms-field wpforms-field-text\" data-field-id=\"33\"><label class=\"wpforms-field-label\" for=\"wpforms-7413-field_33\">Permanence \u00e0 l&#039;\u00e9glise - Pr\u00e9cisez vos disponibilit\u00e9s (quel jour de la semaine et \u00e0 quel moment de la journ\u00e9e : matin, entre midi et deux, d\u00e9but d&#039;apr\u00e8s-midi, fin d&#039;apr\u00e8s-midi ?) :<\/label><input type=\"text\" id=\"wpforms-7413-field_33\" class=\"wpforms-field-medium\" name=\"wpforms[fields][33]\" ><div class=\"wpforms-field-description\">Ex : je suis disponible le mardi entre midi et deux et\/ou le jeudi en d\u00e9but d'apr\u00e8s-midi et\/ou le samedi en fin d'apr\u00e8s-midi.<\/div><\/div><div id=\"wpforms-7413-field_36-container\" class=\"wpforms-field wpforms-field-text\" data-field-id=\"36\"><label class=\"wpforms-field-label\" for=\"wpforms-7413-field_36\">M\u00e9nage - Pr\u00e9cisez vos disponibilit\u00e9s (jour et nombre d&#039;heures \/ semaine ou mois) :<\/label><input type=\"text\" id=\"wpforms-7413-field_36\" class=\"wpforms-field-medium\" name=\"wpforms[fields][36]\" ><\/div><div id=\"wpforms-7413-field_11-container\" class=\"wpforms-field wpforms-field-checkbox\" data-field-id=\"11\"><label class=\"wpforms-field-label\" for=\"wpforms-7413-field_11\">Sacristie<\/label><ul id=\"wpforms-7413-field_11\"><li class=\"choice-1 depth-1\"><input type=\"checkbox\" id=\"wpforms-7413-field_11_1\" name=\"wpforms[fields][11][]\" value=\"Entretien des linges sacr\u00e9s\"  ><label class=\"wpforms-field-label-inline\" for=\"wpforms-7413-field_11_1\">Entretien des linges sacr\u00e9s<\/label><\/li><li class=\"choice-2 depth-1\"><input type=\"checkbox\" id=\"wpforms-7413-field_11_2\" name=\"wpforms[fields][11][]\" value=\"Entretien de vases sacr\u00e9s et mobilier liturgique (calice, ciboire, plateau de communion, encensoir)\"  ><label class=\"wpforms-field-label-inline\" for=\"wpforms-7413-field_11_2\">Entretien de vases sacr\u00e9s et mobilier liturgique (calice, ciboire, plateau de communion, encensoir)<\/label><\/li><li class=\"choice-3 depth-1\"><input type=\"checkbox\" id=\"wpforms-7413-field_11_3\" name=\"wpforms[fields][11][]\" value=\"Aide \u00e0 la pr\u00e9paration de la sacristie pour les dimanches et f\u00eates\"  ><label class=\"wpforms-field-label-inline\" for=\"wpforms-7413-field_11_3\">Aide \u00e0 la pr\u00e9paration de la sacristie pour les dimanches et f\u00eates<\/label><\/li><\/ul><\/div><div id=\"wpforms-7413-field_12-container\" class=\"wpforms-field wpforms-field-checkbox\" data-field-id=\"12\"><label class=\"wpforms-field-label\" for=\"wpforms-7413-field_12\">Fleurissement<\/label><ul id=\"wpforms-7413-field_12\"><li class=\"choice-1 depth-1\"><input type=\"checkbox\" id=\"wpforms-7413-field_12_1\" name=\"wpforms[fields][12][]\" value=\"Pr\u00e9paration des bouquets\"  ><label class=\"wpforms-field-label-inline\" for=\"wpforms-7413-field_12_1\">Pr\u00e9paration des bouquets<\/label><\/li><li class=\"choice-2 depth-1\"><input type=\"checkbox\" id=\"wpforms-7413-field_12_2\" name=\"wpforms[fields][12][]\" value=\"Entretien \"  ><label class=\"wpforms-field-label-inline\" for=\"wpforms-7413-field_12_2\">Entretien <\/label><\/li><\/ul><\/div><div id=\"wpforms-7413-field_25-container\" class=\"wpforms-field wpforms-field-checkbox\" data-field-id=\"25\"><label class=\"wpforms-field-label\" for=\"wpforms-7413-field_25\">Service liturgique<\/label><ul id=\"wpforms-7413-field_25\"><li class=\"choice-1 depth-1\"><input type=\"checkbox\" id=\"wpforms-7413-field_25_1\" name=\"wpforms[fields][25][]\" value=\"Superviser l\u2019habillage des servants et le rangement\"  ><label class=\"wpforms-field-label-inline\" for=\"wpforms-7413-field_25_1\">Superviser l\u2019habillage des servants et le rangement<\/label><\/li><li class=\"choice-2 depth-1\"><input type=\"checkbox\" id=\"wpforms-7413-field_25_2\" name=\"wpforms[fields][25][]\" value=\"Aider \u00e0 l\u2019organisation des r\u00e9p\u00e9titions des servants de messe\"  ><label class=\"wpforms-field-label-inline\" for=\"wpforms-7413-field_25_2\">Aider \u00e0 l\u2019organisation des r\u00e9p\u00e9titions des servants de messe<\/label><\/li><\/ul><\/div><div id=\"wpforms-7413-field_14-container\" class=\"wpforms-field wpforms-field-checkbox\" data-field-id=\"14\"><label class=\"wpforms-field-label\" for=\"wpforms-7413-field_14\">Panier du cur\u00e9<\/label><ul id=\"wpforms-7413-field_14\"><li class=\"choice-1 depth-1\"><input type=\"checkbox\" id=\"wpforms-7413-field_14_1\" name=\"wpforms[fields][14][]\" value=\"Je m&#039;inscris directement sur le calendrier en ligne\"  ><label class=\"wpforms-field-label-inline\" for=\"wpforms-7413-field_14_1\">Je m'inscris directement sur le calendrier en ligne<\/label><\/li><\/ul><div class=\"wpforms-field-description\">Le lien du calendrier en ligne se trouve sur la page \"Services\" > \"Panier du cur\u00e9\" . Il vous sera aussi envoy\u00e9 dans le mail automatique que vous recevez lorsque vous validez ce formulaire d'inscription. <\/div><\/div><div id=\"wpforms-7413-field_13-container\" class=\"wpforms-field wpforms-field-checkbox\" data-field-id=\"13\"><label class=\"wpforms-field-label\" for=\"wpforms-7413-field_13\">Garderie<\/label><ul id=\"wpforms-7413-field_13\"><li class=\"choice-1 depth-1\"><input type=\"checkbox\" id=\"wpforms-7413-field_13_1\" name=\"wpforms[fields][13][]\" value=\"Je suis volontaire\"  ><label class=\"wpforms-field-label-inline\" for=\"wpforms-7413-field_13_1\">Je suis volontaire<\/label><\/li><\/ul><\/div><div id=\"wpforms-7413-field_15-container\" class=\"wpforms-field wpforms-field-checkbox\" data-field-id=\"15\"><label class=\"wpforms-field-label\" for=\"wpforms-7413-field_15\">Bricolage<\/label><ul id=\"wpforms-7413-field_15\"><li class=\"choice-1 depth-1\"><input type=\"checkbox\" id=\"wpforms-7413-field_15_1\" name=\"wpforms[fields][15][]\" value=\"Petites r\u00e9parations\"  ><label class=\"wpforms-field-label-inline\" for=\"wpforms-7413-field_15_1\">Petites r\u00e9parations<\/label><\/li><li class=\"choice-2 depth-1\"><input type=\"checkbox\" id=\"wpforms-7413-field_15_2\" name=\"wpforms[fields][15][]\" value=\"Plomberie\"  ><label class=\"wpforms-field-label-inline\" for=\"wpforms-7413-field_15_2\">Plomberie<\/label><\/li><li class=\"choice-3 depth-1\"><input type=\"checkbox\" id=\"wpforms-7413-field_15_3\" name=\"wpforms[fields][15][]\" value=\"Electricit\u00e9\"  ><label class=\"wpforms-field-label-inline\" for=\"wpforms-7413-field_15_3\">Electricit\u00e9<\/label><\/li><\/ul><\/div><div id=\"wpforms-7413-field_16-container\" class=\"wpforms-field wpforms-field-checkbox\" data-field-id=\"16\"><label class=\"wpforms-field-label\" for=\"wpforms-7413-field_16\">Communication<\/label><ul id=\"wpforms-7413-field_16\"><li class=\"choice-1 depth-1\"><input type=\"checkbox\" id=\"wpforms-7413-field_16_1\" name=\"wpforms[fields][16][]\" value=\"Maintenance du site internet\"  ><label class=\"wpforms-field-label-inline\" for=\"wpforms-7413-field_16_1\">Maintenance du site internet<\/label><\/li><li class=\"choice-2 depth-1\"><input type=\"checkbox\" id=\"wpforms-7413-field_16_2\" name=\"wpforms[fields][16][]\" value=\"Gestion du compte Instagram\"  ><label class=\"wpforms-field-label-inline\" for=\"wpforms-7413-field_16_2\">Gestion du compte Instagram<\/label><\/li><li class=\"choice-3 depth-1\"><input type=\"checkbox\" id=\"wpforms-7413-field_16_3\" name=\"wpforms[fields][16][]\" value=\"Graphisme (affiches, tracts)\"  ><label class=\"wpforms-field-label-inline\" for=\"wpforms-7413-field_16_3\">Graphisme (affiches, tracts)<\/label><\/li><\/ul><\/div><div id=\"wpforms-7413-field_18-container\" class=\"wpforms-field wpforms-field-textarea\" data-field-id=\"18\"><label class=\"wpforms-field-label\" for=\"wpforms-7413-field_18\">Texte libre<\/label><textarea id=\"wpforms-7413-field_18\" class=\"wpforms-field-medium\" name=\"wpforms[fields][18]\" ><\/textarea><\/div><\/div><div class=\"wpforms-recaptcha-container\" ><div class=\"g-recaptcha\" data-sitekey=\"6LeUyqUZAAAAANVzcGhdaUnC8zgX7gXjFn-K6B8v\"><\/div><input type=\"text\" name=\"g-recaptcha-hidden\" class=\"wpforms-recaptcha-hidden\" style=\"position:absolute!important;clip:rect(0,0,0,0)!important;height:1px!important;width:1px!important;border:0!important;overflow:hidden!important;padding:0!important;margin:0!important;\" required><\/div><div class=\"wpforms-submit-container\" ><input type=\"hidden\" name=\"wpforms[id]\" value=\"7413\"><input type=\"hidden\" name=\"wpforms[author]\" value=\"9\"><button type=\"submit\" name=\"wpforms[submit]\" class=\"wpforms-submit \" id=\"wpforms-submit-7413\" value=\"wpforms-submit\" aria-live=\"assertive\" >Envoyer<\/button><\/div><\/form><\/div>  <!-- .wpforms-container --><\/ul>\n<\/div>\n<p><!--javascript--><br \/>\n<script>\nfunction afficher() {\n  var div = document.getElementById(\"formulaire\");\n  if (div.style.display === \"none\") {\n    div.style.display = \"block\";\n  } else {\n    div.style.display = \"none\";\n  }\n}\n<\/script><\/p>\n","protected":false},"excerpt":{"rendered":"<p>La vie de l&rsquo;\u00e9glise est l&rsquo;affaire de tous. Elle ne repose pas simplement sur les pr\u00eatres. De nombreux services sont possibles et accessibles selon la disponibilit\u00e9 de chacun. Sans vous, la paroisse Saint-Charles ne peut pas grandir. Nous comptons sur&#8230;<br \/><a class=\"read-more-button\" href=\"https:\/\/paroisse-saint-charles.fr\/WordPress3\/service-base\/\">Savoir plus<\/a><\/p>\n","protected":false},"author":9,"featured_media":0,"parent":0,"menu_order":0,"comment_status":"closed","ping_status":"closed","template":"template-full-width.php","meta":{"footnotes":""},"class_list":["post-7285","page","type-page","status-publish","hentry"],"_links":{"self":[{"href":"https:\/\/paroisse-saint-charles.fr\/WordPress3\/wp-json\/wp\/v2\/pages\/7285","targetHints":{"allow":["GET"]}}],"collection":[{"href":"https:\/\/paroisse-saint-charles.fr\/WordPress3\/wp-json\/wp\/v2\/pages"}],"about":[{"href":"https:\/\/paroisse-saint-charles.fr\/WordPress3\/wp-json\/wp\/v2\/types\/page"}],"author":[{"embeddable":true,"href":"https:\/\/paroisse-saint-charles.fr\/WordPress3\/wp-json\/wp\/v2\/users\/9"}],"replies":[{"embeddable":true,"href":"https:\/\/paroisse-saint-charles.fr\/WordPress3\/wp-json\/wp\/v2\/comments?post=7285"}],"version-history":[{"count":501,"href":"https:\/\/paroisse-saint-charles.fr\/WordPress3\/wp-json\/wp\/v2\/pages\/7285\/revisions"}],"predecessor-version":[{"id":9553,"href":"https:\/\/paroisse-saint-charles.fr\/WordPress3\/wp-json\/wp\/v2\/pages\/7285\/revisions\/9553"}],"wp:attachment":[{"href":"https:\/\/paroisse-saint-charles.fr\/WordPress3\/wp-json\/wp\/v2\/media?parent=7285"}],"curies":[{"name":"wp","href":"https:\/\/api.w.org\/{rel}","templated":true}]}}