{"id":7705,"date":"2020-02-10T17:28:16","date_gmt":"2020-02-10T16:28:16","guid":{"rendered":"http:\/\/www.paroisse-saint-charles.fr\/?page_id=7705"},"modified":"2023-09-02T16:41:24","modified_gmt":"2023-09-02T14:41:24","slug":"panier-du-cure-maj","status":"publish","type":"page","link":"https:\/\/paroisse-saint-charles.fr\/WordPress3\/service-base\/panier-du-cure-maj\/","title":{"rendered":"Panier du cur\u00e9"},"content":{"rendered":"<style>\n#principal {<br \/>  display: flex;<br \/>  flex: 1;<br \/>  align-items:center;<br \/>  font-family: serif;<br \/>}<br \/><\/style>\n<style>\n#item{<br \/> text-align: justify;<br \/> flex:1;<br \/>}<br \/><\/style>\n<style>\n.allignimage{<br \/> margin-top:10px;<br \/> margin-right: 15px;<br \/> padding-top:20px;<br \/> padding-left: 20px;<br \/>}<br \/><\/style>\n<style>\n@media screen and (max-width: 575px) {<br \/>  #principal {<br \/>    display: block;<br \/>    padding:0px;<br \/>    margin: 0px;<br \/>  }<br \/>  #item{<br \/>    text-align: justify;<br \/>    margin-right: 15px;<\/p>\n<p> }<br \/>  .allignimage{<br \/>    margin-top: 10px;<br \/>    margin-right: 0px;<br \/>    padding-left: 15px;<br \/>    padding-top: 10px;<br \/> }<br \/>}<\/p>\n<\/style>\n<div class=\"couleurintro ombre\" style=\"color: white; font-family: serif;\"><strong><em>Vous souhaitez aider mat\u00e9riellement vos pr\u00eatres ? Participez au \u00ab Panier du cur\u00e9 \u00bb !<\/em><\/strong><\/div>\n<p><!-- corps de la page en flexbox responsive--><\/p>\n<div id=\"principal\" class=\"container\">\n<div style=\"font-size: 16px;\">\n<p><span class=\"lettrine\">C<\/span>ette aide consiste \u00e0 livrer \u00e0 l\u2019\u00e9glise Saint-Charles un repas pour quatre personnes. Les jours et les repas qui nous soulageraient le plus sont indiqu\u00e9s sur la grille que vous trouverez en <a href=\"https:\/\/docs.google.com\/spreadsheets\/d\/1A0dVrYHIl4domcCYr3ckLQBq0t3KD9GSE8WoeSY-WfQ\/edit#gid=0\">cliquant ici <\/a>.Il s\u2019agit d\u2019un document partag\u00e9 : il vous suffit de mettre votre nom et les modifications s\u2019enregistrent automatiquement.<\/p>\n<p><span class=\"lettrine\">A<\/span>fin que ce service ne p\u00e8se pas trop, permettez-nous quelques pr\u00e9cisions. Le but de ce service est avant tout de nous faire gagner du temps en plus de r\u00e9aliser une certaine \u00e9conomie. Donc n\u2019h\u00e9sitez pas \u00e0 faire des choses simples : entr\u00e9e, plat, dessert. Il n\u2019est pas n\u00e9cessaire de faire de la grande cuisine. Si vous n\u2019avez pas le temps ou pas le talent, rassurez-vous, un sachet de salade, une conserve ou des surgel\u00e9s nous conviennent parfaitement. Inutile de mettre pain, fromage et vin. Quelques fruits ou quelques yaourts en dessert feront tr\u00e8s bien l\u2019affaire, des g\u00e2teaux cuisin\u00e9s ne sont pas requis !<\/p>\n<p><span class=\"lettrine\">V<\/span>ous pouvez nous apporter le repas quand vous le d\u00e9sirez, nous avons un cong\u00e9lateur si besoin et nous avons de quoi r\u00e9chauffer. Si l\u2019\u00e9glise est ferm\u00e9e, n\u2019h\u00e9sitez pas \u00e0 nous appeler.<\/p>\n<p><span class=\"lettrine\">V<\/span>ous pourrez r\u00e9cup\u00e9rer vos plats \u00e0 la sacristie le dimanche suivant, l\u2019id\u00e9al \u00e9tant d\u2019utiliser des barquettes en aluminium jetables.<\/p>\n<p><span class=\"lettrine\">U<\/span>n immense merci pour ce service. En vous assurant de nos pri\u00e8res.<\/p>\n<\/div>\n<hr \/>\n<div style=\"font-size: 16px;\"><span class=\"lettrine\">C<\/span>ontact:<br \/>\n&#8211; Abb\u00e9 Eloi Gillet: 06 74 65 73 51.<\/div>\n<p><img loading=\"lazy\" decoding=\"async\" class=\"alignnone size-medium wp-image-7844 ombre\" src=\"http:\/\/paroisse-saint-charles.fr\/WordPress3\/wp-content\/uploads\/2020\/02\/paniercure-265x300.jpg\" alt=\"\" width=\"265\" height=\"300\" data-id=\"7844\" srcset=\"https:\/\/paroisse-saint-charles.fr\/WordPress3\/wp-content\/uploads\/2020\/02\/paniercure-265x300.jpg 265w, https:\/\/paroisse-saint-charles.fr\/WordPress3\/wp-content\/uploads\/2020\/02\/paniercure.jpg 490w\" sizes=\"auto, (max-width: 265px) 100vw, 265px\" \/><\/p>\n<\/div>\n<p><!--fin du corps de la page en flexbox responsive--><\/p>\n<p><!--d\u00e9but du formulaire d'inscription--><\/p>\n<p><!--Partie formulaire et fonction javascript--><\/p>\n<div style=\"margin-left: -10px;\">\n<ul class=\"couleurintro ombre\">\n<li style=\"list-style-type: none;\">\n<ul class=\"couleurintro ombre\">\n<li style=\"list-style-type: none;\">\n<ol style=\"text-align: center; color: white; padding: 15px; font-size: 20px;\">\u2671<\/ol>\n<\/li>\n<\/ul>\n<\/li>\n<\/ul>\n<p><strong>S&rsquo;inscrire \u00e0 un service<\/strong><\/p>\n<ul class=\"couleurintro ombre\">\n<li style=\"list-style-type: none;\">\n<ol style=\"text-align: center; color: white; padding: 15px; font-size: 20px;\">\u00a0\u00a0\u00a0\u00a0\u00a0\u00a0\u2671<\/ol>\n<\/li>\n<\/ul>\n<ul id=\"formulaire\" style=\"display: none; padding: 20px; background-color: #bfbbb3; border-radius: 10px;\"><div class=\"wpforms-container wpforms-container-full\" id=\"wpforms-7413\"><form id=\"wpforms-form-7413\" class=\"wpforms-validate wpforms-form\" data-formid=\"7413\" method=\"post\" enctype=\"multipart\/form-data\" action=\"\/WordPress3\/wp-json\/wp\/v2\/pages\/7705\" data-token=\"37f679af347ee5b2bd851dc244afd35f\"><noscript class=\"wpforms-error-noscript\">Veuillez activer JavaScript dans votre navigateur pour remplir ce formulaire.<\/noscript><div class=\"wpforms-field-container\"><div id=\"wpforms-7413-field_3-container\" class=\"wpforms-field wpforms-field-select wpforms-field-select-style-classic\" data-field-id=\"3\"><label class=\"wpforms-field-label\" for=\"wpforms-7413-field_3\">Civilit\u00e9 <span class=\"wpforms-required-label\">*<\/span><\/label><select id=\"wpforms-7413-field_3\" class=\"wpforms-field-medium wpforms-field-required\" name=\"wpforms[fields][3]\" required=\"required\"><option value=\"\" ><\/option><option value=\"Madame\" >Madame<\/option><option value=\"Monsieur\" >Monsieur<\/option><\/select><\/div><div id=\"wpforms-7413-field_19-container\" class=\"wpforms-field wpforms-field-name\" data-field-id=\"19\"><label class=\"wpforms-field-label\" for=\"wpforms-7413-field_19\">Nom <span class=\"wpforms-required-label\">*<\/span><\/label><div class=\"wpforms-field-row wpforms-field-medium\"><div class=\"wpforms-field-row-block wpforms-first wpforms-one-half\"><input type=\"text\" id=\"wpforms-7413-field_19\" class=\"wpforms-field-name-first wpforms-field-required\" name=\"wpforms[fields][19][first]\" required><label for=\"wpforms-7413-field_19\" class=\"wpforms-field-sublabel after \">Pr\u00e9nom<\/label><\/div><div class=\"wpforms-field-row-block wpforms-one-half\"><input type=\"text\" id=\"wpforms-7413-field_19-last\" class=\"wpforms-field-name-last wpforms-field-required\" name=\"wpforms[fields][19][last]\" required><label for=\"wpforms-7413-field_19-last\" class=\"wpforms-field-sublabel after \">Nom<\/label><\/div><\/div><\/div><div id=\"wpforms-7413-field_20-container\" class=\"wpforms-field wpforms-field-email\" data-field-id=\"20\"><label class=\"wpforms-field-label\" for=\"wpforms-7413-field_20\">E-mail <span class=\"wpforms-required-label\">*<\/span><\/label><input type=\"email\" id=\"wpforms-7413-field_20\" class=\"wpforms-field-medium wpforms-field-required\" name=\"wpforms[fields][20]\" required><\/div><div id=\"wpforms-7413-field_21-container\" class=\"wpforms-field wpforms-field-phone\" data-field-id=\"21\"><label class=\"wpforms-field-label\" for=\"wpforms-7413-field_21\">T\u00e9l\u00e9phone<\/label><input type=\"tel\" id=\"wpforms-7413-field_21\" class=\"wpforms-field-medium wpforms-smart-phone-field\" data-rule-smart-phone-field=\"true\" name=\"wpforms[fields][21]\" ><\/div><div id=\"wpforms-7413-field_5-container\" class=\"wpforms-field wpforms-field-checkbox\" data-field-id=\"5\"><label class=\"wpforms-field-label\" for=\"wpforms-7413-field_5\">Aide \u00e0 la pr\u00e9paration aux sacrements<\/label><ul id=\"wpforms-7413-field_5\"><li class=\"choice-1 depth-1\"><input type=\"checkbox\" id=\"wpforms-7413-field_5_1\" name=\"wpforms[fields][5][]\" value=\"Bapt\u00eame\"  ><label class=\"wpforms-field-label-inline\" for=\"wpforms-7413-field_5_1\">Bapt\u00eame<\/label><\/li><li class=\"choice-2 depth-1\"><input type=\"checkbox\" id=\"wpforms-7413-field_5_2\" name=\"wpforms[fields][5][]\" value=\"confirmation\"  ><label class=\"wpforms-field-label-inline\" for=\"wpforms-7413-field_5_2\">confirmation<\/label><\/li><li class=\"choice-3 depth-1\"><input type=\"checkbox\" id=\"wpforms-7413-field_5_3\" name=\"wpforms[fields][5][]\" value=\"Mariage\"  ><label class=\"wpforms-field-label-inline\" for=\"wpforms-7413-field_5_3\">Mariage<\/label><\/li><\/ul><\/div><div id=\"wpforms-7413-field_33-container\" class=\"wpforms-field wpforms-field-text\" data-field-id=\"33\"><label class=\"wpforms-field-label\" for=\"wpforms-7413-field_33\">Permanence \u00e0 l&#039;\u00e9glise - Pr\u00e9cisez vos disponibilit\u00e9s (quel jour de la semaine et \u00e0 quel moment de la journ\u00e9e : matin, entre midi et deux, d\u00e9but d&#039;apr\u00e8s-midi, fin d&#039;apr\u00e8s-midi ?) :<\/label><input type=\"text\" id=\"wpforms-7413-field_33\" class=\"wpforms-field-medium\" name=\"wpforms[fields][33]\" ><div class=\"wpforms-field-description\">Ex : je suis disponible le mardi entre midi et deux et\/ou le jeudi en d\u00e9but d'apr\u00e8s-midi et\/ou le samedi en fin d'apr\u00e8s-midi.<\/div><\/div><div id=\"wpforms-7413-field_36-container\" class=\"wpforms-field wpforms-field-text\" data-field-id=\"36\"><label class=\"wpforms-field-label\" for=\"wpforms-7413-field_36\">M\u00e9nage - Pr\u00e9cisez vos disponibilit\u00e9s (jour et nombre d&#039;heures \/ semaine ou mois) :<\/label><input type=\"text\" id=\"wpforms-7413-field_36\" class=\"wpforms-field-medium\" name=\"wpforms[fields][36]\" ><\/div><div id=\"wpforms-7413-field_11-container\" class=\"wpforms-field wpforms-field-checkbox\" data-field-id=\"11\"><label class=\"wpforms-field-label\" for=\"wpforms-7413-field_11\">Sacristie<\/label><ul id=\"wpforms-7413-field_11\"><li class=\"choice-1 depth-1\"><input type=\"checkbox\" id=\"wpforms-7413-field_11_1\" name=\"wpforms[fields][11][]\" value=\"Entretien des linges sacr\u00e9s\"  ><label class=\"wpforms-field-label-inline\" for=\"wpforms-7413-field_11_1\">Entretien des linges sacr\u00e9s<\/label><\/li><li class=\"choice-2 depth-1\"><input type=\"checkbox\" id=\"wpforms-7413-field_11_2\" name=\"wpforms[fields][11][]\" value=\"Entretien de vases sacr\u00e9s et mobilier liturgique (calice, ciboire, plateau de communion, encensoir)\"  ><label class=\"wpforms-field-label-inline\" for=\"wpforms-7413-field_11_2\">Entretien de vases sacr\u00e9s et mobilier liturgique (calice, ciboire, plateau de communion, encensoir)<\/label><\/li><li class=\"choice-3 depth-1\"><input type=\"checkbox\" id=\"wpforms-7413-field_11_3\" name=\"wpforms[fields][11][]\" value=\"Aide \u00e0 la pr\u00e9paration de la sacristie pour les dimanches et f\u00eates\"  ><label class=\"wpforms-field-label-inline\" for=\"wpforms-7413-field_11_3\">Aide \u00e0 la pr\u00e9paration de la sacristie pour les dimanches et f\u00eates<\/label><\/li><\/ul><\/div><div id=\"wpforms-7413-field_12-container\" class=\"wpforms-field wpforms-field-checkbox\" data-field-id=\"12\"><label class=\"wpforms-field-label\" for=\"wpforms-7413-field_12\">Fleurissement<\/label><ul id=\"wpforms-7413-field_12\"><li class=\"choice-1 depth-1\"><input type=\"checkbox\" id=\"wpforms-7413-field_12_1\" name=\"wpforms[fields][12][]\" value=\"Pr\u00e9paration des bouquets\"  ><label class=\"wpforms-field-label-inline\" for=\"wpforms-7413-field_12_1\">Pr\u00e9paration des bouquets<\/label><\/li><li class=\"choice-2 depth-1\"><input type=\"checkbox\" id=\"wpforms-7413-field_12_2\" name=\"wpforms[fields][12][]\" value=\"Entretien \"  ><label class=\"wpforms-field-label-inline\" for=\"wpforms-7413-field_12_2\">Entretien <\/label><\/li><\/ul><\/div><div id=\"wpforms-7413-field_25-container\" class=\"wpforms-field wpforms-field-checkbox\" data-field-id=\"25\"><label class=\"wpforms-field-label\" for=\"wpforms-7413-field_25\">Service liturgique<\/label><ul id=\"wpforms-7413-field_25\"><li class=\"choice-1 depth-1\"><input type=\"checkbox\" id=\"wpforms-7413-field_25_1\" name=\"wpforms[fields][25][]\" value=\"Superviser l\u2019habillage des servants et le rangement\"  ><label class=\"wpforms-field-label-inline\" for=\"wpforms-7413-field_25_1\">Superviser l\u2019habillage des servants et le rangement<\/label><\/li><li class=\"choice-2 depth-1\"><input type=\"checkbox\" id=\"wpforms-7413-field_25_2\" name=\"wpforms[fields][25][]\" value=\"Aider \u00e0 l\u2019organisation des r\u00e9p\u00e9titions des servants de messe\"  ><label class=\"wpforms-field-label-inline\" for=\"wpforms-7413-field_25_2\">Aider \u00e0 l\u2019organisation des r\u00e9p\u00e9titions des servants de messe<\/label><\/li><\/ul><\/div><div id=\"wpforms-7413-field_14-container\" class=\"wpforms-field wpforms-field-checkbox\" data-field-id=\"14\"><label class=\"wpforms-field-label\" for=\"wpforms-7413-field_14\">Panier du cur\u00e9<\/label><ul id=\"wpforms-7413-field_14\"><li class=\"choice-1 depth-1\"><input type=\"checkbox\" id=\"wpforms-7413-field_14_1\" name=\"wpforms[fields][14][]\" value=\"Je m&#039;inscris directement sur le calendrier en ligne\"  ><label class=\"wpforms-field-label-inline\" for=\"wpforms-7413-field_14_1\">Je m'inscris directement sur le calendrier en ligne<\/label><\/li><\/ul><div class=\"wpforms-field-description\">Le lien du calendrier en ligne se trouve sur la page \"Services\" > \"Panier du cur\u00e9\" . Il vous sera aussi envoy\u00e9 dans le mail automatique que vous recevez lorsque vous validez ce formulaire d'inscription. <\/div><\/div><div id=\"wpforms-7413-field_13-container\" class=\"wpforms-field wpforms-field-checkbox\" data-field-id=\"13\"><label class=\"wpforms-field-label\" for=\"wpforms-7413-field_13\">Garderie<\/label><ul id=\"wpforms-7413-field_13\"><li class=\"choice-1 depth-1\"><input type=\"checkbox\" id=\"wpforms-7413-field_13_1\" name=\"wpforms[fields][13][]\" value=\"Je suis volontaire\"  ><label class=\"wpforms-field-label-inline\" for=\"wpforms-7413-field_13_1\">Je suis volontaire<\/label><\/li><\/ul><\/div><div id=\"wpforms-7413-field_15-container\" class=\"wpforms-field wpforms-field-checkbox\" data-field-id=\"15\"><label class=\"wpforms-field-label\" for=\"wpforms-7413-field_15\">Bricolage<\/label><ul id=\"wpforms-7413-field_15\"><li class=\"choice-1 depth-1\"><input type=\"checkbox\" id=\"wpforms-7413-field_15_1\" name=\"wpforms[fields][15][]\" value=\"Petites r\u00e9parations\"  ><label class=\"wpforms-field-label-inline\" for=\"wpforms-7413-field_15_1\">Petites r\u00e9parations<\/label><\/li><li class=\"choice-2 depth-1\"><input type=\"checkbox\" id=\"wpforms-7413-field_15_2\" name=\"wpforms[fields][15][]\" value=\"Plomberie\"  ><label class=\"wpforms-field-label-inline\" for=\"wpforms-7413-field_15_2\">Plomberie<\/label><\/li><li class=\"choice-3 depth-1\"><input type=\"checkbox\" id=\"wpforms-7413-field_15_3\" name=\"wpforms[fields][15][]\" value=\"Electricit\u00e9\"  ><label class=\"wpforms-field-label-inline\" for=\"wpforms-7413-field_15_3\">Electricit\u00e9<\/label><\/li><\/ul><\/div><div id=\"wpforms-7413-field_16-container\" class=\"wpforms-field wpforms-field-checkbox\" data-field-id=\"16\"><label class=\"wpforms-field-label\" for=\"wpforms-7413-field_16\">Communication<\/label><ul id=\"wpforms-7413-field_16\"><li class=\"choice-1 depth-1\"><input type=\"checkbox\" id=\"wpforms-7413-field_16_1\" name=\"wpforms[fields][16][]\" value=\"Maintenance du site internet\"  ><label class=\"wpforms-field-label-inline\" for=\"wpforms-7413-field_16_1\">Maintenance du site internet<\/label><\/li><li class=\"choice-2 depth-1\"><input type=\"checkbox\" id=\"wpforms-7413-field_16_2\" name=\"wpforms[fields][16][]\" value=\"Gestion du compte Instagram\"  ><label class=\"wpforms-field-label-inline\" for=\"wpforms-7413-field_16_2\">Gestion du compte Instagram<\/label><\/li><li class=\"choice-3 depth-1\"><input type=\"checkbox\" id=\"wpforms-7413-field_16_3\" name=\"wpforms[fields][16][]\" value=\"Graphisme (affiches, tracts)\"  ><label class=\"wpforms-field-label-inline\" for=\"wpforms-7413-field_16_3\">Graphisme (affiches, tracts)<\/label><\/li><\/ul><\/div><div id=\"wpforms-7413-field_18-container\" class=\"wpforms-field wpforms-field-textarea\" data-field-id=\"18\"><label class=\"wpforms-field-label\" for=\"wpforms-7413-field_18\">Texte libre<\/label><textarea id=\"wpforms-7413-field_18\" class=\"wpforms-field-medium\" name=\"wpforms[fields][18]\" ><\/textarea><\/div><\/div><div class=\"wpforms-recaptcha-container\" ><div class=\"g-recaptcha\" data-sitekey=\"6LeUyqUZAAAAANVzcGhdaUnC8zgX7gXjFn-K6B8v\"><\/div><input type=\"text\" name=\"g-recaptcha-hidden\" class=\"wpforms-recaptcha-hidden\" style=\"position:absolute!important;clip:rect(0,0,0,0)!important;height:1px!important;width:1px!important;border:0!important;overflow:hidden!important;padding:0!important;margin:0!important;\" required><\/div><div class=\"wpforms-submit-container\" ><input type=\"hidden\" name=\"wpforms[id]\" value=\"7413\"><input type=\"hidden\" name=\"wpforms[author]\" value=\"9\"><button type=\"submit\" name=\"wpforms[submit]\" class=\"wpforms-submit \" id=\"wpforms-submit-7413\" value=\"wpforms-submit\" aria-live=\"assertive\" >Envoyer<\/button><\/div><\/form><\/div>  <!-- .wpforms-container --><\/ul>\n<\/div>\n<p><!--javascript--><br \/>\n<script>\nfunction afficher() {\n  var div = document.getElementById(\"formulaire\");\n  if (div.style.display === \"none\") {\n    div.style.display = \"block\";\n  } else {\n    div.style.display = \"none\";\n  }\n}\n<\/script><\/p>\n","protected":false},"excerpt":{"rendered":"<p>Vous souhaitez aider mat\u00e9riellement vos pr\u00eatres ? Participez au \u00ab Panier du cur\u00e9 \u00bb ! Cette aide consiste \u00e0 livrer \u00e0 l\u2019\u00e9glise Saint-Charles un repas pour quatre personnes. Les jours et les repas qui nous soulageraient le plus sont indiqu\u00e9s&#8230;<br \/><a class=\"read-more-button\" href=\"https:\/\/paroisse-saint-charles.fr\/WordPress3\/service-base\/panier-du-cure-maj\/\">Savoir plus<\/a><\/p>\n","protected":false},"author":9,"featured_media":0,"parent":7285,"menu_order":0,"comment_status":"closed","ping_status":"closed","template":"template-full-width.php","meta":{"footnotes":""},"class_list":["post-7705","page","type-page","status-publish","hentry"],"_links":{"self":[{"href":"https:\/\/paroisse-saint-charles.fr\/WordPress3\/wp-json\/wp\/v2\/pages\/7705","targetHints":{"allow":["GET"]}}],"collection":[{"href":"https:\/\/paroisse-saint-charles.fr\/WordPress3\/wp-json\/wp\/v2\/pages"}],"about":[{"href":"https:\/\/paroisse-saint-charles.fr\/WordPress3\/wp-json\/wp\/v2\/types\/page"}],"author":[{"embeddable":true,"href":"https:\/\/paroisse-saint-charles.fr\/WordPress3\/wp-json\/wp\/v2\/users\/9"}],"replies":[{"embeddable":true,"href":"https:\/\/paroisse-saint-charles.fr\/WordPress3\/wp-json\/wp\/v2\/comments?post=7705"}],"version-history":[{"count":47,"href":"https:\/\/paroisse-saint-charles.fr\/WordPress3\/wp-json\/wp\/v2\/pages\/7705\/revisions"}],"predecessor-version":[{"id":10168,"href":"https:\/\/paroisse-saint-charles.fr\/WordPress3\/wp-json\/wp\/v2\/pages\/7705\/revisions\/10168"}],"up":[{"embeddable":true,"href":"https:\/\/paroisse-saint-charles.fr\/WordPress3\/wp-json\/wp\/v2\/pages\/7285"}],"wp:attachment":[{"href":"https:\/\/paroisse-saint-charles.fr\/WordPress3\/wp-json\/wp\/v2\/media?parent=7705"}],"curies":[{"name":"wp","href":"https:\/\/api.w.org\/{rel}","templated":true}]}}