{"id":9557,"date":"2021-09-10T21:24:02","date_gmt":"2021-09-10T19:24:02","guid":{"rendered":"http:\/\/paroisse-saint-charles.fr\/WordPress3\/?page_id=9557"},"modified":"2021-09-13T00:32:25","modified_gmt":"2021-09-12T22:32:25","slug":"maitrise-saint-charles","status":"publish","type":"page","link":"https:\/\/paroisse-saint-charles.fr\/WordPress3\/maitrise-saint-charles\/","title":{"rendered":"Ma\u00eetrise Saint-Charles"},"content":{"rendered":"<p>La ma\u00eetrise Saint Charles existe depuis maintenant 4 ans. Elle propose de donner une formation musicale aux enfants.<\/p>\n<p>Elle aura pour finalit\u00e9 d\u2019intervenir\u00a0en diff\u00e9rentes occasions dans le cadre liturgique de la paroisse Saint-Charles, mais aussi lors de concert.<\/p>\n<p>Le r\u00e9pertoire comportera aussi bien le chant gr\u00e9gorien que le chant polyphonique issu de la tradition latine mais aussi le chant en vernaculaire.<\/p>\n<p>Elle s\u2019adresse \u00e0 tous les enfants de 8 \u00e0 14 ans (du CE2 \u00e0 la 3<sup>\u00e8me<\/sup>), paroissiens ou non de l\u2019Eglise Saint-Charles.<\/p>\n<p>C&rsquo;est l&rsquo;abb\u00e9 Gillet qui assurera cette formation. Les r\u00e9p\u00e9titions de la ma\u00eetrise se passent tous les mercredis \u00e0 Saint-Charles, de 13h \u00e0 14h30 (la dur\u00e9e est suceptible d&rsquo;etre plus courte, en fonction de la demande).<\/p>\n<p>Une cotisation de 25\u20ac est demand\u00e9e pour couvrir quelques frais.<\/p>\n<div class=\"wpforms-container wpforms-container-full\" id=\"wpforms-9556\"><form id=\"wpforms-form-9556\" class=\"wpforms-validate wpforms-form\" data-formid=\"9556\" method=\"post\" enctype=\"multipart\/form-data\" action=\"\/WordPress3\/wp-json\/wp\/v2\/pages\/9557\" data-token=\"37e0bbcd13271567cd45aeb85cebf61c\"><div class=\"wpforms-head-container\"><div class=\"wpforms-title\">Inscription \u00e0 la ma\u00eetrise d&#039;enfants<\/div><div class=\"wpforms-description\">1\u00e8re \u00e9tape : r\u00e9cup\u00e9ration des informations concernant les parents. Ces informations seront centralis\u00e9es par la paroisse afin de permettent l'organisation (conduite,...) des familles pour aller et venir aux s\u00e9ances.<\/div><\/div><noscript class=\"wpforms-error-noscript\">Veuillez activer JavaScript dans votre navigateur pour remplir ce formulaire.<\/noscript><div class=\"wpforms-field-container\"><div id=\"wpforms-9556-field_7-container\" class=\"wpforms-field wpforms-field-select wpforms-field-select-style-classic\" data-field-id=\"7\"><label class=\"wpforms-field-label\" for=\"wpforms-9556-field_7\">Civilit\u00e9 <span class=\"wpforms-required-label\">*<\/span><\/label><select id=\"wpforms-9556-field_7\" class=\"wpforms-field-medium wpforms-field-required\" name=\"wpforms[fields][7]\" required=\"required\"><option value=\"\" ><\/option><option value=\"Monsieur\" >Monsieur<\/option><option value=\"Madame\" >Madame<\/option><\/select><\/div><div id=\"wpforms-9556-field_2-container\" class=\"wpforms-field wpforms-field-name\" data-field-id=\"2\"><label class=\"wpforms-field-label\" for=\"wpforms-9556-field_2\">Nom d&#039;un des deux parents <span class=\"wpforms-required-label\">*<\/span><\/label><div class=\"wpforms-field-row wpforms-field-large\"><div class=\"wpforms-field-row-block wpforms-first wpforms-one-half\"><input type=\"text\" id=\"wpforms-9556-field_2\" class=\"wpforms-field-name-first wpforms-field-required\" name=\"wpforms[fields][2][first]\" required><label for=\"wpforms-9556-field_2\" class=\"wpforms-field-sublabel after \">Pr\u00e9nom<\/label><\/div><div class=\"wpforms-field-row-block wpforms-one-half\"><input type=\"text\" id=\"wpforms-9556-field_2-last\" class=\"wpforms-field-name-last wpforms-field-required\" name=\"wpforms[fields][2][last]\" required><label for=\"wpforms-9556-field_2-last\" class=\"wpforms-field-sublabel after \">Nom<\/label><\/div><\/div><\/div><div id=\"wpforms-9556-field_29-container\" class=\"wpforms-field wpforms-field-address\" data-field-id=\"29\"><label class=\"wpforms-field-label\" for=\"wpforms-9556-field_29\">Adresse <span class=\"wpforms-required-label\">*<\/span><\/label><div class=\"wpforms-field-row wpforms-field-large\"><div ><input type=\"text\" id=\"wpforms-9556-field_29\" class=\"wpforms-field-address-address1 wpforms-field-required\" name=\"wpforms[fields][29][address1]\" required><label for=\"wpforms-9556-field_29\" class=\"wpforms-field-sublabel after \">Address Line 1<\/label><\/div><\/div><div class=\"wpforms-field-row wpforms-field-large\"><div class=\"wpforms-field-row-block wpforms-one-half wpforms-first\"><input type=\"text\" id=\"wpforms-9556-field_29-city\" class=\"wpforms-field-address-city wpforms-field-required\" name=\"wpforms[fields][29][city]\" required><label for=\"wpforms-9556-field_29-city\" class=\"wpforms-field-sublabel after \">City<\/label><\/div><div class=\"wpforms-field-row-block wpforms-one-half\"><input type=\"text\" id=\"wpforms-9556-field_29-state\" class=\"wpforms-field-address-state wpforms-field-required\" name=\"wpforms[fields][29][state]\" value=\"Sud\" required><label for=\"wpforms-9556-field_29-state\" class=\"wpforms-field-sublabel after \">State \/ Province \/ Region<\/label><\/div><\/div><div class=\"wpforms-field-row wpforms-field-large\"><div class=\"wpforms-field-row-block wpforms-one-half wpforms-first\"><input type=\"text\" id=\"wpforms-9556-field_29-postal\" class=\"wpforms-field-address-postal wpforms-field-required\" name=\"wpforms[fields][29][postal]\" required><label for=\"wpforms-9556-field_29-postal\" class=\"wpforms-field-sublabel after \">Postal Code<\/label><\/div><\/div><\/div><div id=\"wpforms-9556-field_3-container\" class=\"wpforms-field wpforms-field-email\" data-field-id=\"3\"><label class=\"wpforms-field-label\" for=\"wpforms-9556-field_3\">E-mail <span class=\"wpforms-required-label\">*<\/span><\/label><input type=\"email\" id=\"wpforms-9556-field_3\" class=\"wpforms-field-large wpforms-field-required\" name=\"wpforms[fields][3]\" required><\/div><div id=\"wpforms-9556-field_4-container\" class=\"wpforms-field wpforms-field-phone\" data-field-id=\"4\"><label class=\"wpforms-field-label\" for=\"wpforms-9556-field_4\">T\u00e9l\u00e9phone <span class=\"wpforms-required-label\">*<\/span><\/label><input type=\"tel\" id=\"wpforms-9556-field_4\" class=\"wpforms-field-large wpforms-field-required wpforms-smart-phone-field\" data-rule-smart-phone-field=\"true\" name=\"wpforms[fields][4]\" required><\/div><div id=\"wpforms-9556-field_17-container\" class=\"wpforms-field wpforms-field-divider\" data-field-id=\"17\"><h3 id=\"wpforms-9556-field_17\" name=\"wpforms[fields][17]\">Enfant \u00e0 inscrire:<\/h3><div class=\"wpforms-field-description\">2\u00e8me \u00e9tape: r\u00e9cup\u00e9ration des informations concernant votre enfant.<\/div><\/div><div id=\"wpforms-9556-field_18-container\" class=\"wpforms-field wpforms-field-name\" data-field-id=\"18\"><label class=\"wpforms-field-label\" for=\"wpforms-9556-field_18\">Nom <span class=\"wpforms-required-label\">*<\/span><\/label><div class=\"wpforms-field-row wpforms-field-large\"><div class=\"wpforms-field-row-block wpforms-first wpforms-one-half\"><input type=\"text\" id=\"wpforms-9556-field_18\" class=\"wpforms-field-name-first wpforms-field-required\" name=\"wpforms[fields][18][first]\" required><label for=\"wpforms-9556-field_18\" class=\"wpforms-field-sublabel after \">Pr\u00e9nom<\/label><\/div><div class=\"wpforms-field-row-block wpforms-one-half\"><input type=\"text\" id=\"wpforms-9556-field_18-last\" class=\"wpforms-field-name-last wpforms-field-required\" name=\"wpforms[fields][18][last]\" required><label for=\"wpforms-9556-field_18-last\" class=\"wpforms-field-sublabel after \">Nom<\/label><\/div><\/div><\/div><div id=\"wpforms-9556-field_19-container\" class=\"wpforms-field wpforms-field-email\" data-field-id=\"19\"><label class=\"wpforms-field-label\" for=\"wpforms-9556-field_19\">E-mail enfant<\/label><input type=\"email\" id=\"wpforms-9556-field_19\" class=\"wpforms-field-large\" name=\"wpforms[fields][19]\" ><\/div><div id=\"wpforms-9556-field_20-container\" class=\"wpforms-field wpforms-field-phone\" data-field-id=\"20\"><label class=\"wpforms-field-label\" for=\"wpforms-9556-field_20\">T\u00e9l\u00e9phone enfant<\/label><input type=\"tel\" id=\"wpforms-9556-field_20\" class=\"wpforms-field-large wpforms-smart-phone-field\" data-rule-smart-phone-field=\"true\" name=\"wpforms[fields][20]\" ><\/div><div id=\"wpforms-9556-field_40-container\" class=\"wpforms-field wpforms-field-text\" data-field-id=\"40\"><label class=\"wpforms-field-label\" for=\"wpforms-9556-field_40\">Date de naissance <span class=\"wpforms-required-label\">*<\/span><\/label><input type=\"text\" id=\"wpforms-9556-field_40\" class=\"wpforms-field-large wpforms-field-required\" name=\"wpforms[fields][40]\" required><div class=\"wpforms-field-description\">Merci de l'inscrire au format : JJ\/MM\/AAAA<\/div><\/div><div id=\"wpforms-9556-field_22-container\" class=\"wpforms-field wpforms-field-select wpforms-field-select-style-classic\" data-field-id=\"22\"><label class=\"wpforms-field-label\" for=\"wpforms-9556-field_22\">Classe <span class=\"wpforms-required-label\">*<\/span><\/label><select id=\"wpforms-9556-field_22\" class=\"wpforms-field-large wpforms-field-required\" name=\"wpforms[fields][22]\" required=\"required\"><option value=\"\" ><\/option><option value=\"Grande section\" >Grande section<\/option><option value=\"CP\" >CP<\/option><option value=\"CE1\" >CE1<\/option><option value=\"CE2\" >CE2<\/option><option value=\"CM1\" >CM1<\/option><option value=\"CM2\" >CM2<\/option><option value=\"6\u00e8me\" >6\u00e8me<\/option><option value=\"5\u00e8me\" >5\u00e8me<\/option><option value=\"4\u00e8me\" >4\u00e8me<\/option><option value=\"3\u00e8me\" >3\u00e8me<\/option><option value=\"2nde\" >2nde<\/option><option value=\"1\u00e8re\" >1\u00e8re<\/option><option value=\"Terminale\" >Terminale<\/option><\/select><\/div><div id=\"wpforms-9556-field_23-container\" class=\"wpforms-field wpforms-field-text\" data-field-id=\"23\"><label class=\"wpforms-field-label\" for=\"wpforms-9556-field_23\">Ecole <span class=\"wpforms-required-label\">*<\/span><\/label><input type=\"text\" id=\"wpforms-9556-field_23\" class=\"wpforms-field-large wpforms-field-required\" name=\"wpforms[fields][23]\" required><\/div><div id=\"wpforms-9556-field_38-container\" class=\"wpforms-field wpforms-field-textarea\" data-field-id=\"38\"><label class=\"wpforms-field-label\" for=\"wpforms-9556-field_38\">Quel est le niveau de musique de votre enfant (solf\u00e8ge, chant, instrument de musique) ?<\/label><textarea id=\"wpforms-9556-field_38\" class=\"wpforms-field-medium\" name=\"wpforms[fields][38]\" ><\/textarea><\/div><\/div><div class=\"wpforms-recaptcha-container\" ><div class=\"g-recaptcha\" data-sitekey=\"6LeUyqUZAAAAANVzcGhdaUnC8zgX7gXjFn-K6B8v\"><\/div><input type=\"text\" name=\"g-recaptcha-hidden\" class=\"wpforms-recaptcha-hidden\" style=\"position:absolute!important;clip:rect(0,0,0,0)!important;height:1px!important;width:1px!important;border:0!important;overflow:hidden!important;padding:0!important;margin:0!important;\" required><\/div><div class=\"wpforms-submit-container\" ><input type=\"hidden\" name=\"wpforms[id]\" value=\"9556\"><input type=\"hidden\" name=\"wpforms[author]\" value=\"8\"><button type=\"submit\" name=\"wpforms[submit]\" class=\"wpforms-submit centrerboutton\" id=\"wpforms-submit-9556\" value=\"wpforms-submit\" aria-live=\"assertive\" data-alt-text=\"Envoi...\" data-submit-text=\"Valider la totalit\u00e9 des informations saisies\">Valider la totalit\u00e9 des informations saisies<\/button><\/div><\/form><\/div>  <!-- .wpforms-container -->\n","protected":false},"excerpt":{"rendered":"<p>La ma\u00eetrise Saint Charles existe depuis maintenant 4 ans. Elle propose de donner une formation musicale aux enfants. Elle aura pour finalit\u00e9 d\u2019intervenir\u00a0en diff\u00e9rentes occasions dans le cadre liturgique de la paroisse Saint-Charles, mais aussi lors de concert. Le r\u00e9pertoire&#8230;<br \/><a class=\"read-more-button\" href=\"https:\/\/paroisse-saint-charles.fr\/WordPress3\/maitrise-saint-charles\/\">Savoir plus<\/a><\/p>\n","protected":false},"author":8,"featured_media":0,"parent":0,"menu_order":0,"comment_status":"closed","ping_status":"closed","template":"","meta":{"footnotes":""},"class_list":["post-9557","page","type-page","status-publish","hentry"],"_links":{"self":[{"href":"https:\/\/paroisse-saint-charles.fr\/WordPress3\/wp-json\/wp\/v2\/pages\/9557","targetHints":{"allow":["GET"]}}],"collection":[{"href":"https:\/\/paroisse-saint-charles.fr\/WordPress3\/wp-json\/wp\/v2\/pages"}],"about":[{"href":"https:\/\/paroisse-saint-charles.fr\/WordPress3\/wp-json\/wp\/v2\/types\/page"}],"author":[{"embeddable":true,"href":"https:\/\/paroisse-saint-charles.fr\/WordPress3\/wp-json\/wp\/v2\/users\/8"}],"replies":[{"embeddable":true,"href":"https:\/\/paroisse-saint-charles.fr\/WordPress3\/wp-json\/wp\/v2\/comments?post=9557"}],"version-history":[{"count":3,"href":"https:\/\/paroisse-saint-charles.fr\/WordPress3\/wp-json\/wp\/v2\/pages\/9557\/revisions"}],"predecessor-version":[{"id":9581,"href":"https:\/\/paroisse-saint-charles.fr\/WordPress3\/wp-json\/wp\/v2\/pages\/9557\/revisions\/9581"}],"wp:attachment":[{"href":"https:\/\/paroisse-saint-charles.fr\/WordPress3\/wp-json\/wp\/v2\/media?parent=9557"}],"curies":[{"name":"wp","href":"https:\/\/api.w.org\/{rel}","templated":true}]}}